{"id":1212,"date":"2019-09-18T15:29:14","date_gmt":"2019-09-18T13:29:14","guid":{"rendered":"http:\/\/skola.karlstad.se\/naturskolan\/?page_id=1212"},"modified":"2019-10-15T10:02:16","modified_gmt":"2019-10-15T08:02:16","slug":"faglar","status":"publish","type":"page","link":"https:\/\/skola.karlstad.se\/naturskolan\/faglar\/","title":{"rendered":"F\u00e5glar"},"content":{"rendered":"<p><img loading=\"lazy\" decoding=\"async\" class=\"alignleft size-medium wp-image-1241\" src=\"http:\/\/skola.karlstad.se\/naturskolan\/wp-content\/uploads\/sites\/427\/2019\/10\/IMG_0581-300x225.jpg\" alt=\"\" width=\"300\" height=\"225\" srcset=\"https:\/\/skola.karlstad.se\/naturskolan\/wp-content\/uploads\/sites\/427\/2019\/10\/IMG_0581-300x225.jpg 300w, https:\/\/skola.karlstad.se\/naturskolan\/wp-content\/uploads\/sites\/427\/2019\/10\/IMG_0581-768x576.jpg 768w, https:\/\/skola.karlstad.se\/naturskolan\/wp-content\/uploads\/sites\/427\/2019\/10\/IMG_0581-1024x768.jpg 1024w, https:\/\/skola.karlstad.se\/naturskolan\/wp-content\/uploads\/sites\/427\/2019\/10\/IMG_0581-640x480.jpg 640w\" sizes=\"auto, (max-width: 300px) 100vw, 300px\" \/>M\u00e5nga \u00e4r vi som n\u00e5gon g\u00e5ng \u00f6nskat att vi kunde flyga. Med denna l\u00e5da kan du ta med dina elever till f\u00e5glarnas v\u00e4rld f\u00f6r att l\u00e4ra mer om v\u00e5ra flygande v\u00e4nner. Kanske kan ni f\u00e5 reda p\u00e5 vad som beh\u00f6vs f\u00f6r att flyga&#8230;<\/p>\n<p>H\u00e4r kan du se <a href=\"https:\/\/1drv.ms\/x\/s!AuuVogClbtYZkxp8VTueqBQm_co-?e=bW7wR1\">materiallistan &gt;<\/a><\/p>\n<p>H\u00e4r finner du <a href=\"https:\/\/1drv.ms\/w\/s!AuuVogClbtYZkxuyJkbTIcmb-0zs?e=h1ciC2\">l\u00e4rarhandledningen &gt;<\/a><\/p>\n","protected":false},"excerpt":{"rendered":"<p>M\u00e5nga \u00e4r vi som n\u00e5gon g\u00e5ng \u00f6nskat att vi kunde flyga. Med denna l\u00e5da kan du ta med dina elever till f\u00e5glarnas v\u00e4rld f\u00f6r att l\u00e4ra mer om v\u00e5ra flygande v\u00e4nner. Kanske kan ni f\u00e5 reda p\u00e5 vad som beh\u00f6vs f\u00f6r att flyga&#8230; H\u00e4r kan du se materiallistan &gt; H\u00e4r finner du l\u00e4rarhandledningen &gt;<\/p>\n","protected":false},"author":590,"featured_media":0,"parent":0,"menu_order":0,"comment_status":"closed","ping_status":"closed","template":"","meta":{"footnotes":""},"class_list":["post-1212","page","type-page","status-publish","hentry"],"_links":{"self":[{"href":"https:\/\/skola.karlstad.se\/naturskolan\/wp-json\/wp\/v2\/pages\/1212","targetHints":{"allow":["GET"]}}],"collection":[{"href":"https:\/\/skola.karlstad.se\/naturskolan\/wp-json\/wp\/v2\/pages"}],"about":[{"href":"https:\/\/skola.karlstad.se\/naturskolan\/wp-json\/wp\/v2\/types\/page"}],"author":[{"embeddable":true,"href":"https:\/\/skola.karlstad.se\/naturskolan\/wp-json\/wp\/v2\/users\/590"}],"replies":[{"embeddable":true,"href":"https:\/\/skola.karlstad.se\/naturskolan\/wp-json\/wp\/v2\/comments?post=1212"}],"version-history":[{"count":2,"href":"https:\/\/skola.karlstad.se\/naturskolan\/wp-json\/wp\/v2\/pages\/1212\/revisions"}],"predecessor-version":[{"id":1242,"href":"https:\/\/skola.karlstad.se\/naturskolan\/wp-json\/wp\/v2\/pages\/1212\/revisions\/1242"}],"wp:attachment":[{"href":"https:\/\/skola.karlstad.se\/naturskolan\/wp-json\/wp\/v2\/media?parent=1212"}],"curies":[{"name":"wp","href":"https:\/\/api.w.org\/{rel}","templated":true}]}}