{"id":1216,"date":"2019-09-27T07:34:47","date_gmt":"2019-09-27T05:34:47","guid":{"rendered":"http:\/\/skola.karlstad.se\/naturskolan\/?page_id=1216"},"modified":"2024-01-18T10:12:23","modified_gmt":"2024-01-18T09:12:23","slug":"smakryp-i-vatten","status":"publish","type":"page","link":"https:\/\/skola.karlstad.se\/naturskolan\/smakryp-i-vatten\/","title":{"rendered":"Sm\u00e5kryp i vatten"},"content":{"rendered":"<p><img loading=\"lazy\" decoding=\"async\" class=\"alignleft size-medium wp-image-1233\" src=\"http:\/\/skola.karlstad.se\/naturskolan\/wp-content\/uploads\/sites\/427\/2019\/10\/IMG_0572-300x225.jpg\" alt=\"\" width=\"300\" height=\"225\" srcset=\"https:\/\/skola.karlstad.se\/naturskolan\/wp-content\/uploads\/sites\/427\/2019\/10\/IMG_0572-300x225.jpg 300w, https:\/\/skola.karlstad.se\/naturskolan\/wp-content\/uploads\/sites\/427\/2019\/10\/IMG_0572-768x576.jpg 768w, https:\/\/skola.karlstad.se\/naturskolan\/wp-content\/uploads\/sites\/427\/2019\/10\/IMG_0572-1024x768.jpg 1024w, https:\/\/skola.karlstad.se\/naturskolan\/wp-content\/uploads\/sites\/427\/2019\/10\/IMG_0572-640x480.jpg 640w\" sizes=\"auto, (max-width: 300px) 100vw, 300px\" \/>Den finns en fascinerande v\u00e4rld under ytan p\u00e5 v\u00e5ra sj\u00f6ar och vattendrag. I soll\u00e5dan f\u00f6r sm\u00e5kryp i vatten finns material och \u00f6vningar f\u00f6r att utforska den djurv\u00e4rlden.<\/p>\n<p>H\u00e4r finner du <a href=\"https:\/\/karlstadskommunonline.sharepoint.com\/:w:\/s\/Laboratoriet168\/EZxi8bmQHT9EpcpD3KJpw5MBg1J0AOXC-ynTbfjYpeX1Pw?e=Gf3kTz\">l\u00e4rarhandledningen<\/a><\/p>\n<p>H\u00e4r finner du <a href=\"https:\/\/karlstadskommunonline.sharepoint.com\/:w:\/s\/Laboratoriet168\/EexyrySFiAdHm0sK8JTa07kB13dI1vaua3A-2Q-_IpMXWA?e=lffsIu\">materiallistan<\/a><\/p>\n","protected":false},"excerpt":{"rendered":"<p>Den finns en fascinerande v\u00e4rld under ytan p\u00e5 v\u00e5ra sj\u00f6ar och vattendrag. I soll\u00e5dan f\u00f6r sm\u00e5kryp i vatten finns material och \u00f6vningar f\u00f6r att utforska den djurv\u00e4rlden. H\u00e4r finner du l\u00e4rarhandledningen H\u00e4r finner du materiallistan<\/p>\n","protected":false},"author":30,"featured_media":0,"parent":0,"menu_order":0,"comment_status":"closed","ping_status":"closed","template":"","meta":{"footnotes":""},"class_list":["post-1216","page","type-page","status-publish","hentry"],"_links":{"self":[{"href":"https:\/\/skola.karlstad.se\/naturskolan\/wp-json\/wp\/v2\/pages\/1216","targetHints":{"allow":["GET"]}}],"collection":[{"href":"https:\/\/skola.karlstad.se\/naturskolan\/wp-json\/wp\/v2\/pages"}],"about":[{"href":"https:\/\/skola.karlstad.se\/naturskolan\/wp-json\/wp\/v2\/types\/page"}],"author":[{"embeddable":true,"href":"https:\/\/skola.karlstad.se\/naturskolan\/wp-json\/wp\/v2\/users\/30"}],"replies":[{"embeddable":true,"href":"https:\/\/skola.karlstad.se\/naturskolan\/wp-json\/wp\/v2\/comments?post=1216"}],"version-history":[{"count":9,"href":"https:\/\/skola.karlstad.se\/naturskolan\/wp-json\/wp\/v2\/pages\/1216\/revisions"}],"predecessor-version":[{"id":1693,"href":"https:\/\/skola.karlstad.se\/naturskolan\/wp-json\/wp\/v2\/pages\/1216\/revisions\/1693"}],"wp:attachment":[{"href":"https:\/\/skola.karlstad.se\/naturskolan\/wp-json\/wp\/v2\/media?parent=1216"}],"curies":[{"name":"wp","href":"https:\/\/api.w.org\/{rel}","templated":true}]}}