{"id":1237,"date":"2019-10-15T09:59:23","date_gmt":"2019-10-15T07:59:23","guid":{"rendered":"http:\/\/skola.karlstad.se\/naturskolan\/?page_id=1237"},"modified":"2019-10-15T14:09:42","modified_gmt":"2019-10-15T12:09:42","slug":"vara-sinnen","status":"publish","type":"page","link":"https:\/\/skola.karlstad.se\/naturskolan\/vara-sinnen\/","title":{"rendered":"V\u00e5ra sinnen"},"content":{"rendered":"<p>Uppt\u00e4ck v\u00e5r omv\u00e4rld med hj\u00e4lp av era sinnen. I den h\u00e4r Soll\u00e5dan finner du material och \u00f6vningar som l\u00e5ter v\u00e5ra sinnen hj\u00e4lpa till att uppt\u00e4cka, utforska och unders\u00f6ka.<\/p>\n<p>H\u00e4r hittar du <a href=\"https:\/\/1drv.ms\/w\/s!AuuVogClbtYZkyLVfRwQiSd8FGOA\">l\u00e4rarhandledningen:<\/a><\/p>\n<p>H\u00e4r hittar du <a href=\"https:\/\/1drv.ms\/w\/s!AuuVogClbtYZkyBzBy8BQviYLGB_\">materiallistan:<\/a><\/p>\n<p><img loading=\"lazy\" decoding=\"async\" class=\"alignleft size-medium wp-image-1238\" src=\"http:\/\/skola.karlstad.se\/naturskolan\/wp-content\/uploads\/sites\/427\/2019\/10\/IMG_0574-300x225.jpg\" alt=\"\" width=\"300\" height=\"225\" srcset=\"https:\/\/skola.karlstad.se\/naturskolan\/wp-content\/uploads\/sites\/427\/2019\/10\/IMG_0574-300x225.jpg 300w, https:\/\/skola.karlstad.se\/naturskolan\/wp-content\/uploads\/sites\/427\/2019\/10\/IMG_0574-768x576.jpg 768w, https:\/\/skola.karlstad.se\/naturskolan\/wp-content\/uploads\/sites\/427\/2019\/10\/IMG_0574-1024x768.jpg 1024w, https:\/\/skola.karlstad.se\/naturskolan\/wp-content\/uploads\/sites\/427\/2019\/10\/IMG_0574-640x480.jpg 640w\" sizes=\"auto, (max-width: 300px) 100vw, 300px\" \/><\/p>\n","protected":false},"excerpt":{"rendered":"<p>Uppt\u00e4ck v\u00e5r omv\u00e4rld med hj\u00e4lp av era sinnen. I den h\u00e4r Soll\u00e5dan finner du material och \u00f6vningar som l\u00e5ter v\u00e5ra sinnen hj\u00e4lpa till att uppt\u00e4cka, utforska och unders\u00f6ka. H\u00e4r hittar du l\u00e4rarhandledningen: H\u00e4r hittar du materiallistan:<\/p>\n","protected":false},"author":590,"featured_media":0,"parent":0,"menu_order":0,"comment_status":"closed","ping_status":"closed","template":"","meta":{"footnotes":""},"class_list":["post-1237","page","type-page","status-publish","hentry"],"_links":{"self":[{"href":"https:\/\/skola.karlstad.se\/naturskolan\/wp-json\/wp\/v2\/pages\/1237","targetHints":{"allow":["GET"]}}],"collection":[{"href":"https:\/\/skola.karlstad.se\/naturskolan\/wp-json\/wp\/v2\/pages"}],"about":[{"href":"https:\/\/skola.karlstad.se\/naturskolan\/wp-json\/wp\/v2\/types\/page"}],"author":[{"embeddable":true,"href":"https:\/\/skola.karlstad.se\/naturskolan\/wp-json\/wp\/v2\/users\/590"}],"replies":[{"embeddable":true,"href":"https:\/\/skola.karlstad.se\/naturskolan\/wp-json\/wp\/v2\/comments?post=1237"}],"version-history":[{"count":3,"href":"https:\/\/skola.karlstad.se\/naturskolan\/wp-json\/wp\/v2\/pages\/1237\/revisions"}],"predecessor-version":[{"id":1252,"href":"https:\/\/skola.karlstad.se\/naturskolan\/wp-json\/wp\/v2\/pages\/1237\/revisions\/1252"}],"wp:attachment":[{"href":"https:\/\/skola.karlstad.se\/naturskolan\/wp-json\/wp\/v2\/media?parent=1237"}],"curies":[{"name":"wp","href":"https:\/\/api.w.org\/{rel}","templated":true}]}}