{"id":130,"date":"2014-06-26T15:31:00","date_gmt":"2014-06-26T13:31:00","guid":{"rendered":"http:\/\/skola.karlstad.se\/naturskolan\/?page_id=130"},"modified":"2014-06-30T13:18:58","modified_gmt":"2014-06-30T11:18:58","slug":"matematik-pa-stan","status":"publish","type":"page","link":"https:\/\/skola.karlstad.se\/naturskolan\/matematik-pa-stan\/","title":{"rendered":"Matematik p\u00e5 Stan"},"content":{"rendered":"<p><a href=\"http:\/\/skola.karlstad.se\/naturskolan\/wp-content\/uploads\/sites\/427\/2014\/06\/Sola.png\"><img loading=\"lazy\" decoding=\"async\" class=\"alignright  wp-image-221\" src=\"http:\/\/skola.karlstad.se\/naturskolan\/wp-content\/uploads\/sites\/427\/2014\/06\/Sola-250x300.png\" alt=\"Sola\" width=\"223\" height=\"268\" srcset=\"https:\/\/skola.karlstad.se\/naturskolan\/wp-content\/uploads\/sites\/427\/2014\/06\/Sola-250x300.png 250w, https:\/\/skola.karlstad.se\/naturskolan\/wp-content\/uploads\/sites\/427\/2014\/06\/Sola.png 378w\" sizes=\"auto, (max-width: 223px) 100vw, 223px\" \/><\/a><\/p>\n<p><span style=\"color: #000000\">Med &#8221;Matematik p\u00e5 stan&#8221; vill vi ge l\u00e4rare ett anv\u00e4ndbart verktyg i matematikundervisningen. Vi vill visa p\u00e5 matematiken runt omkring oss och g\u00f6ra matematiken mer konkret f\u00f6r att \u00f6ka f\u00f6rst\u00e5elsen. &#8221;Matematik p\u00e5 stan&#8221; best\u00e5r av ett antal matematikuppdrag utomhus, som du kan anv\u00e4nda direkt i din undervisning \u2013 b\u00e5de p\u00e5 stan och i skolans n\u00e4romr\u00e5de.<\/span><\/p>\n<p class=\"sv-first-child\" style=\"color: #000000\"><strong>Allm\u00e4nt om Matematik p\u00e5 Stan<\/strong><br \/>\n<a href=\"http:\/\/skola.karlstad.se\/naturskolan\/wp-content\/uploads\/sites\/427\/2014\/06\/L\u00e4rarhandledning.pdf\">L\u00e4rarhandledning<\/a><\/p>\n<p><strong>Lekar (LEK) och \u00f6vningar du kan g\u00f6ra \u00f6verallt<\/strong><br \/>\n<a href=\"http:\/\/skola.karlstad.se\/naturskolan\/wp-content\/uploads\/sites\/427\/2014\/06\/Sammanst\u00e4llning-Lekar-och-\u00f6vningar.pdf\">Sammanst\u00e4llning Lekar och \u00f6vningar<\/a><br \/>\n<a href=\"http:\/\/skola.karlstad.se\/naturskolan\/wp-content\/uploads\/sites\/427\/2014\/06\/LEK1.pdf\">Lek1<\/a><br \/>\n<a href=\"http:\/\/skola.karlstad.se\/naturskolan\/wp-content\/uploads\/sites\/427\/2014\/06\/lek2.pdf\">Lek2<\/a><br \/>\n<a href=\"http:\/\/skola.karlstad.se\/naturskolan\/wp-content\/uploads\/sites\/427\/2014\/06\/Lek-3.pdf\">Lek 3<\/a><br \/>\n<a href=\"http:\/\/skola.karlstad.se\/naturskolan\/wp-content\/uploads\/sites\/427\/2014\/06\/Lek-4.pdf\">Lek 4<\/a><br \/>\n<a href=\"http:\/\/skola.karlstad.se\/naturskolan\/wp-content\/uploads\/sites\/427\/2014\/06\/Lek-5.pdf\">Lek 5<\/a><br \/>\n<a href=\"http:\/\/skola.karlstad.se\/naturskolan\/wp-content\/uploads\/sites\/427\/2014\/06\/Lek-6.pdf\">Lek 6<\/a><a href=\"http:\/\/skola.karlstad.se\/naturskolan\/wp-content\/uploads\/sites\/427\/2014\/06\/IMG_0191.jpg\"><img loading=\"lazy\" decoding=\"async\" class=\"alignright  wp-image-224\" src=\"http:\/\/skola.karlstad.se\/naturskolan\/wp-content\/uploads\/sites\/427\/2014\/06\/IMG_0191-300x225.jpg\" alt=\"IMG_0191\" width=\"219\" height=\"164\" srcset=\"https:\/\/skola.karlstad.se\/naturskolan\/wp-content\/uploads\/sites\/427\/2014\/06\/IMG_0191-300x225.jpg 300w, https:\/\/skola.karlstad.se\/naturskolan\/wp-content\/uploads\/sites\/427\/2014\/06\/IMG_0191-1024x768.jpg 1024w, https:\/\/skola.karlstad.se\/naturskolan\/wp-content\/uploads\/sites\/427\/2014\/06\/IMG_0191-640x480.jpg 640w, https:\/\/skola.karlstad.se\/naturskolan\/wp-content\/uploads\/sites\/427\/2014\/06\/IMG_0191-624x467.jpg 624w\" sizes=\"auto, (max-width: 219px) 100vw, 219px\" \/><\/a><br \/>\n<a href=\"http:\/\/skola.karlstad.se\/naturskolan\/wp-content\/uploads\/sites\/427\/2014\/06\/Lek-7.pdf\">Lek 7<\/a><br \/>\n<a href=\"http:\/\/skola.karlstad.se\/naturskolan\/wp-content\/uploads\/sites\/427\/2014\/06\/Lek-8.pdf\">Lek 8<\/a><br \/>\n<a href=\"http:\/\/skola.karlstad.se\/naturskolan\/wp-content\/uploads\/sites\/427\/2014\/06\/Lek-9.pdf\">Lek 9<br \/>\n<\/a><a href=\"http:\/\/skola.karlstad.se\/naturskolan\/wp-content\/uploads\/sites\/427\/2014\/06\/Lek-10.pdf\">Lek 10<\/a><a href=\"http:\/\/skola.karlstad.se\/naturskolan\/wp-content\/uploads\/sites\/427\/2014\/06\/Lek-9.pdf\"><br \/>\n<\/a><a href=\"http:\/\/skola.karlstad.se\/naturskolan\/wp-content\/uploads\/sites\/427\/2014\/06\/Lek-10-uppdrag1.pdf\">Lek 10 uppdrag1<\/a><a href=\"http:\/\/skola.karlstad.se\/naturskolan\/wp-content\/uploads\/sites\/427\/2014\/06\/Lek-9.pdf\"><br \/>\n<\/a><a href=\"http:\/\/skola.karlstad.se\/naturskolan\/wp-content\/uploads\/sites\/427\/2014\/06\/Lek-10-uppdrag2.pdf\">Lek 10 uppdrag2<\/a><a href=\"http:\/\/skola.karlstad.se\/naturskolan\/wp-content\/uploads\/sites\/427\/2014\/06\/Lek-9.pdf\"><br \/>\n<\/a><a href=\"http:\/\/skola.karlstad.se\/naturskolan\/wp-content\/uploads\/sites\/427\/2014\/06\/Lek-10-uppdrag3.pdf\">Lek 10 uppdrag3<\/a><a href=\"http:\/\/skola.karlstad.se\/naturskolan\/wp-content\/uploads\/sites\/427\/2014\/06\/Lek-9.pdf\"><br \/>\n<\/a><a href=\"http:\/\/skola.karlstad.se\/naturskolan\/wp-content\/uploads\/sites\/427\/2014\/06\/Lek-10-uppdrag4.pdf\">Lek 10 uppdrag4<\/a><a href=\"http:\/\/skola.karlstad.se\/naturskolan\/wp-content\/uploads\/sites\/427\/2014\/06\/Lek-9.pdf\"><br \/>\n<\/a><a href=\"http:\/\/skola.karlstad.se\/naturskolan\/wp-content\/uploads\/sites\/427\/2014\/06\/Lek-10-uppdrag-facit-.pdf\">Lek 10 uppdrag facit<\/a><a href=\"http:\/\/skola.karlstad.se\/naturskolan\/wp-content\/uploads\/sites\/427\/2014\/06\/Lek-9.pdf\"><br \/>\n<\/a><a href=\"http:\/\/skola.karlstad.se\/naturskolan\/wp-content\/uploads\/sites\/427\/2014\/06\/Lek-11.pdf\">Lek 11<\/a><a href=\"http:\/\/skola.karlstad.se\/naturskolan\/wp-content\/uploads\/sites\/427\/2014\/06\/Font\u00e4n.jpg\"><img loading=\"lazy\" decoding=\"async\" class=\"alignright  wp-image-222\" src=\"http:\/\/skola.karlstad.se\/naturskolan\/wp-content\/uploads\/sites\/427\/2014\/06\/Font\u00e4n-252x300.jpg\" alt=\"Font\u00e4n\" width=\"220\" height=\"262\" srcset=\"https:\/\/skola.karlstad.se\/naturskolan\/wp-content\/uploads\/sites\/427\/2014\/06\/Font\u00e4n-252x300.jpg 252w, https:\/\/skola.karlstad.se\/naturskolan\/wp-content\/uploads\/sites\/427\/2014\/06\/Font\u00e4n-860x1024.jpg 860w, https:\/\/skola.karlstad.se\/naturskolan\/wp-content\/uploads\/sites\/427\/2014\/06\/Font\u00e4n-624x742.jpg 624w\" sizes=\"auto, (max-width: 220px) 100vw, 220px\" \/><\/a><\/p>\n<p><strong>Uppdrag Stora Torget<\/strong><br \/>\n<a href=\"http:\/\/skola.karlstad.se\/naturskolan\/wp-content\/uploads\/sites\/427\/2014\/06\/ST1.pdf\">ST1<\/a><br \/>\n<a href=\"http:\/\/skola.karlstad.se\/naturskolan\/wp-content\/uploads\/sites\/427\/2014\/06\/ST-2.pdf\">ST 2<\/a><br \/>\n<a href=\"http:\/\/skola.karlstad.se\/naturskolan\/wp-content\/uploads\/sites\/427\/2014\/06\/ST3.pdf\">ST3<\/a><br \/>\n<a href=\"http:\/\/skola.karlstad.se\/naturskolan\/wp-content\/uploads\/sites\/427\/2014\/06\/ST5.pdf\">ST5<\/a><br \/>\n<a href=\"http:\/\/skola.karlstad.se\/naturskolan\/wp-content\/uploads\/sites\/427\/2014\/06\/ST6.pdf\">ST6<\/a><br \/>\n<a href=\"http:\/\/skola.karlstad.se\/naturskolan\/wp-content\/uploads\/sites\/427\/2014\/06\/ST7.pdf\">ST7<\/a><br \/>\n<a href=\"http:\/\/skola.karlstad.se\/naturskolan\/wp-content\/uploads\/sites\/427\/2014\/06\/ST8.pdf\">ST8<\/a><br \/>\n<a href=\"http:\/\/skola.karlstad.se\/naturskolan\/wp-content\/uploads\/sites\/427\/2014\/06\/ST9.pdf\">ST9<br \/>\n<\/a><a href=\"http:\/\/skola.karlstad.se\/naturskolan\/wp-content\/uploads\/sites\/427\/2014\/06\/ST11.pdf\">ST11<\/a><br \/>\n<a href=\"http:\/\/skola.karlstad.se\/naturskolan\/wp-content\/uploads\/sites\/427\/2014\/06\/ST12-l\u00e4rare.pdf\">ST12 l\u00e4rare<\/a><br \/>\n<a href=\"http:\/\/skola.karlstad.se\/naturskolan\/wp-content\/uploads\/sites\/427\/2014\/06\/ST12-elevlapp.pdf\">ST12 elevlapp<\/a><br \/>\n<a href=\"http:\/\/skola.karlstad.se\/naturskolan\/wp-content\/uploads\/sites\/427\/2014\/06\/ST15.pdf\">ST15<\/a><br \/>\n<a href=\"http:\/\/skola.karlstad.se\/naturskolan\/wp-content\/uploads\/sites\/427\/2014\/06\/ST16.pdf\">ST16<\/a><br \/>\n<a href=\"http:\/\/skola.karlstad.se\/naturskolan\/wp-content\/uploads\/sites\/427\/2014\/06\/ST18.pdf\">ST18<\/a><\/p>\n<p>&nbsp;<\/p>\n","protected":false},"excerpt":{"rendered":"<p>Med &#8221;Matematik p\u00e5 stan&#8221; vill vi ge l\u00e4rare ett anv\u00e4ndbart verktyg i matematikundervisningen. Vi vill visa p\u00e5 matematiken runt omkring oss och g\u00f6ra matematiken mer konkret f\u00f6r att \u00f6ka f\u00f6rst\u00e5elsen. &#8221;Matematik p\u00e5 stan&#8221; best\u00e5r av ett antal matematikuppdrag utomhus, som du kan anv\u00e4nda direkt i din undervisning \u2013 b\u00e5de p\u00e5 stan och i skolans n\u00e4romr\u00e5de. &hellip; <\/p>\n<p class=\"link-more\"><a href=\"https:\/\/skola.karlstad.se\/naturskolan\/matematik-pa-stan\/\" class=\"more-link\">Forts\u00e4tt l\u00e4sa<span class=\"screen-reader-text\"> \u201dMatematik p\u00e5 Stan\u201d<\/span><\/a><\/p>\n","protected":false},"author":590,"featured_media":0,"parent":0,"menu_order":0,"comment_status":"closed","ping_status":"closed","template":"","meta":{"footnotes":""},"class_list":["post-130","page","type-page","status-publish","hentry"],"_links":{"self":[{"href":"https:\/\/skola.karlstad.se\/naturskolan\/wp-json\/wp\/v2\/pages\/130","targetHints":{"allow":["GET"]}}],"collection":[{"href":"https:\/\/skola.karlstad.se\/naturskolan\/wp-json\/wp\/v2\/pages"}],"about":[{"href":"https:\/\/skola.karlstad.se\/naturskolan\/wp-json\/wp\/v2\/types\/page"}],"author":[{"embeddable":true,"href":"https:\/\/skola.karlstad.se\/naturskolan\/wp-json\/wp\/v2\/users\/590"}],"replies":[{"embeddable":true,"href":"https:\/\/skola.karlstad.se\/naturskolan\/wp-json\/wp\/v2\/comments?post=130"}],"version-history":[{"count":24,"href":"https:\/\/skola.karlstad.se\/naturskolan\/wp-json\/wp\/v2\/pages\/130\/revisions"}],"predecessor-version":[{"id":230,"href":"https:\/\/skola.karlstad.se\/naturskolan\/wp-json\/wp\/v2\/pages\/130\/revisions\/230"}],"wp:attachment":[{"href":"https:\/\/skola.karlstad.se\/naturskolan\/wp-json\/wp\/v2\/media?parent=130"}],"curies":[{"name":"wp","href":"https:\/\/api.w.org\/{rel}","templated":true}]}}