{"id":1323,"date":"2020-01-10T15:27:26","date_gmt":"2020-01-10T14:27:26","guid":{"rendered":"http:\/\/skola.karlstad.se\/naturskolan\/?page_id=1323"},"modified":"2020-01-10T15:52:45","modified_gmt":"2020-01-10T14:52:45","slug":"svampar","status":"publish","type":"page","link":"https:\/\/skola.karlstad.se\/naturskolan\/svampar\/","title":{"rendered":"Svampar"},"content":{"rendered":"<p><img loading=\"lazy\" decoding=\"async\" class=\"alignleft size-medium wp-image-1331\" src=\"http:\/\/skola.karlstad.se\/naturskolan\/wp-content\/uploads\/sites\/427\/2020\/01\/Svampar-300x225.jpg\" alt=\"\" width=\"300\" height=\"225\" srcset=\"https:\/\/skola.karlstad.se\/naturskolan\/wp-content\/uploads\/sites\/427\/2020\/01\/Svampar-300x225.jpg 300w, https:\/\/skola.karlstad.se\/naturskolan\/wp-content\/uploads\/sites\/427\/2020\/01\/Svampar-1024x768.jpg 1024w, https:\/\/skola.karlstad.se\/naturskolan\/wp-content\/uploads\/sites\/427\/2020\/01\/Svampar-768x576.jpg 768w, https:\/\/skola.karlstad.se\/naturskolan\/wp-content\/uploads\/sites\/427\/2020\/01\/Svampar-1536x1152.jpg 1536w, https:\/\/skola.karlstad.se\/naturskolan\/wp-content\/uploads\/sites\/427\/2020\/01\/Svampar-2048x1536.jpg 2048w, https:\/\/skola.karlstad.se\/naturskolan\/wp-content\/uploads\/sites\/427\/2020\/01\/Svampar-640x480.jpg 640w\" sizes=\"auto, (max-width: 300px) 100vw, 300px\" \/>Det finns en mycket speciell dragningskraft hos svamp. Har man en g\u00e5ng k\u00e4nt den, g\u00e5r den aldrig \u00f6ver. Man l\u00e4ngtar ut i skogen, man l\u00e4ngtar till h\u00f6sten d\u00e5 de flesta visar sig. Svamparna kan, tror vi, ses som en sorts v\u00e4gvisare. De pekar p\u00e5 magin som bor i naturen. L\u00e5na denna temal\u00e5da och uppt\u00e4ck magin med din grupp!<\/p>\n<p><a href=\"https:\/\/1drv.ms\/w\/s!AuuVogClbtYZkzP6uPNwNkDZQY2Q?e=ZbbifO\">Till l\u00e4rarhandledningen &gt;<\/a><\/p>\n<p><a href=\"https:\/\/1drv.ms\/w\/s!AuuVogClbtYZkzJLPG5EzOxyOVQ5?e=nC3F6U\">Till materiallistan &gt;<\/a><\/p>\n","protected":false},"excerpt":{"rendered":"<p>Det finns en mycket speciell dragningskraft hos svamp. Har man en g\u00e5ng k\u00e4nt den, g\u00e5r den aldrig \u00f6ver. Man l\u00e4ngtar ut i skogen, man l\u00e4ngtar till h\u00f6sten d\u00e5 de flesta visar sig. Svamparna kan, tror vi, ses som en sorts v\u00e4gvisare. De pekar p\u00e5 magin som bor i naturen. L\u00e5na denna temal\u00e5da och uppt\u00e4ck magin &hellip; <\/p>\n<p class=\"link-more\"><a href=\"https:\/\/skola.karlstad.se\/naturskolan\/svampar\/\" class=\"more-link\">Forts\u00e4tt l\u00e4sa<span class=\"screen-reader-text\"> \u201dSvampar\u201d<\/span><\/a><\/p>\n","protected":false},"author":590,"featured_media":0,"parent":0,"menu_order":0,"comment_status":"closed","ping_status":"closed","template":"","meta":{"footnotes":""},"class_list":["post-1323","page","type-page","status-publish","hentry"],"_links":{"self":[{"href":"https:\/\/skola.karlstad.se\/naturskolan\/wp-json\/wp\/v2\/pages\/1323","targetHints":{"allow":["GET"]}}],"collection":[{"href":"https:\/\/skola.karlstad.se\/naturskolan\/wp-json\/wp\/v2\/pages"}],"about":[{"href":"https:\/\/skola.karlstad.se\/naturskolan\/wp-json\/wp\/v2\/types\/page"}],"author":[{"embeddable":true,"href":"https:\/\/skola.karlstad.se\/naturskolan\/wp-json\/wp\/v2\/users\/590"}],"replies":[{"embeddable":true,"href":"https:\/\/skola.karlstad.se\/naturskolan\/wp-json\/wp\/v2\/comments?post=1323"}],"version-history":[{"count":2,"href":"https:\/\/skola.karlstad.se\/naturskolan\/wp-json\/wp\/v2\/pages\/1323\/revisions"}],"predecessor-version":[{"id":1332,"href":"https:\/\/skola.karlstad.se\/naturskolan\/wp-json\/wp\/v2\/pages\/1323\/revisions\/1332"}],"wp:attachment":[{"href":"https:\/\/skola.karlstad.se\/naturskolan\/wp-json\/wp\/v2\/media?parent=1323"}],"curies":[{"name":"wp","href":"https:\/\/api.w.org\/{rel}","templated":true}]}}