{"id":1326,"date":"2020-01-10T15:46:13","date_gmt":"2020-01-10T14:46:13","guid":{"rendered":"http:\/\/skola.karlstad.se\/naturskolan\/?page_id=1326"},"modified":"2020-01-10T15:49:57","modified_gmt":"2020-01-10T14:49:57","slug":"mossor-lavar","status":"publish","type":"page","link":"https:\/\/skola.karlstad.se\/naturskolan\/mossor-lavar\/","title":{"rendered":"Mossor &amp; Lavar"},"content":{"rendered":"<p><img loading=\"lazy\" decoding=\"async\" class=\"alignleft size-medium wp-image-1328\" src=\"http:\/\/skola.karlstad.se\/naturskolan\/wp-content\/uploads\/sites\/427\/2020\/01\/Mossor-och-lavar-300x225.jpg\" alt=\"\" width=\"300\" height=\"225\" srcset=\"https:\/\/skola.karlstad.se\/naturskolan\/wp-content\/uploads\/sites\/427\/2020\/01\/Mossor-och-lavar-300x225.jpg 300w, https:\/\/skola.karlstad.se\/naturskolan\/wp-content\/uploads\/sites\/427\/2020\/01\/Mossor-och-lavar-1024x768.jpg 1024w, https:\/\/skola.karlstad.se\/naturskolan\/wp-content\/uploads\/sites\/427\/2020\/01\/Mossor-och-lavar-768x576.jpg 768w, https:\/\/skola.karlstad.se\/naturskolan\/wp-content\/uploads\/sites\/427\/2020\/01\/Mossor-och-lavar-1536x1152.jpg 1536w, https:\/\/skola.karlstad.se\/naturskolan\/wp-content\/uploads\/sites\/427\/2020\/01\/Mossor-och-lavar-2048x1536.jpg 2048w, https:\/\/skola.karlstad.se\/naturskolan\/wp-content\/uploads\/sites\/427\/2020\/01\/Mossor-och-lavar-640x480.jpg 640w\" sizes=\"auto, (max-width: 300px) 100vw, 300px\" \/>Uppt\u00e4ck en miniatyrv\u00e4rld bland mossor och lavar! Om du tittar noga p\u00e5 tr\u00e4dstammar, mark och stenar s\u00e5 hittar du oftast olika mossor och lavar. Tittar du \u00e4nnu n\u00e4rmare kan du kliva in i deras sp\u00e4nnande v\u00e4rld och uppt\u00e4cka hur m\u00e5nga det finns, hur olika de \u00e4r och hur h\u00e4ftiga former de har!<\/p>\n<p>Med hj\u00e4lp av materialet i denna l\u00e5da kan du tillsammans med din grupp uppt\u00e4cka denna miniatyr v\u00e4rld med lekar och \u00f6vningar.<\/p>\n<p><a href=\"https:\/\/1drv.ms\/w\/s!AuuVogClbtYZkzQZyXskojpRjqKh?e=DN4at0\">Till l\u00e4rarhandledningen &gt;<\/a><\/p>\n<p>Till materiallistan &gt;<\/p>\n","protected":false},"excerpt":{"rendered":"<p>Uppt\u00e4ck en miniatyrv\u00e4rld bland mossor och lavar! Om du tittar noga p\u00e5 tr\u00e4dstammar, mark och stenar s\u00e5 hittar du oftast olika mossor och lavar. Tittar du \u00e4nnu n\u00e4rmare kan du kliva in i deras sp\u00e4nnande v\u00e4rld och uppt\u00e4cka hur m\u00e5nga det finns, hur olika de \u00e4r och hur h\u00e4ftiga former de har! Med hj\u00e4lp av &hellip; <\/p>\n<p class=\"link-more\"><a href=\"https:\/\/skola.karlstad.se\/naturskolan\/mossor-lavar\/\" class=\"more-link\">Forts\u00e4tt l\u00e4sa<span class=\"screen-reader-text\"> \u201dMossor &amp; Lavar\u201d<\/span><\/a><\/p>\n","protected":false},"author":590,"featured_media":0,"parent":0,"menu_order":0,"comment_status":"closed","ping_status":"closed","template":"","meta":{"footnotes":""},"class_list":["post-1326","page","type-page","status-publish","hentry"],"_links":{"self":[{"href":"https:\/\/skola.karlstad.se\/naturskolan\/wp-json\/wp\/v2\/pages\/1326","targetHints":{"allow":["GET"]}}],"collection":[{"href":"https:\/\/skola.karlstad.se\/naturskolan\/wp-json\/wp\/v2\/pages"}],"about":[{"href":"https:\/\/skola.karlstad.se\/naturskolan\/wp-json\/wp\/v2\/types\/page"}],"author":[{"embeddable":true,"href":"https:\/\/skola.karlstad.se\/naturskolan\/wp-json\/wp\/v2\/users\/590"}],"replies":[{"embeddable":true,"href":"https:\/\/skola.karlstad.se\/naturskolan\/wp-json\/wp\/v2\/comments?post=1326"}],"version-history":[{"count":3,"href":"https:\/\/skola.karlstad.se\/naturskolan\/wp-json\/wp\/v2\/pages\/1326\/revisions"}],"predecessor-version":[{"id":1329,"href":"https:\/\/skola.karlstad.se\/naturskolan\/wp-json\/wp\/v2\/pages\/1326\/revisions\/1329"}],"wp:attachment":[{"href":"https:\/\/skola.karlstad.se\/naturskolan\/wp-json\/wp\/v2\/media?parent=1326"}],"curies":[{"name":"wp","href":"https:\/\/api.w.org\/{rel}","templated":true}]}}