{"id":1341,"date":"2020-01-17T14:51:19","date_gmt":"2020-01-17T13:51:19","guid":{"rendered":"http:\/\/skola.karlstad.se\/naturskolan\/?page_id=1341"},"modified":"2023-02-07T10:00:59","modified_gmt":"2023-02-07T09:00:59","slug":"blommor","status":"publish","type":"page","link":"https:\/\/skola.karlstad.se\/naturskolan\/blommor\/","title":{"rendered":"Blommor"},"content":{"rendered":"<p><em><img loading=\"lazy\" decoding=\"async\" class=\"\" src=\"http:\/\/4.bp.blogspot.com\/-VNrVvCCJlKQ\/UaWvrOTH9LI\/AAAAAAAAHyg\/BnxfJ1k9ew4\/s1600\/DSC_0034.JPG\" alt=\"Bildresultat f\u00f6r \u00e4nglamarken\" width=\"433\" height=\"236\" \/><\/em><\/p>\n<p><em>Kalla den \u00e4nglamarken eller himlajorden om du vill,<\/em><br \/>\n<em>jorden vi \u00e4rvde och lunden den gr\u00f6na.<\/em><br \/>\n<em>Vildrosor och bl\u00e5klockor och lindblommor och kamomill<\/em><br \/>\n<em>l\u00e5t dem f\u00e5 leva, de \u00e4r ju s\u00e5 sk\u00f6na.<\/em> (<em>Evert Taube<\/em>)<\/p>\n<p>Blommor \u00e4r n\u00e5got som f\u00f6ljer de flesta av oss genom livet p\u00e5 ett eller annat s\u00e4tt. De finns runt oss i samh\u00e4llet och v\u00e5ra omgivningar, och de fascinerar de flesta av oss. Med hj\u00e4lp av materialet i denna l\u00e5da kan du tillsammans med din grupp g\u00e5 ut och fascineras, uppt\u00e4cka, unders\u00f6ka och uppleva blommornas magiska v\u00e4rld.<\/p>\n<p><a href=\"https:\/\/karlstadskommunonline.sharepoint.com\/:w:\/s\/Laboratoriet168\/ESCUKHOQXUJKqi7qKWERSU4BrooixjBTTtbhQgW9qh6UtA?e=YZ2f8l\">Till l\u00e4rarhandledningen &gt;<\/a><\/p>\n<p><a href=\"https:\/\/karlstadskommunonline.sharepoint.com\/:w:\/s\/Laboratoriet168\/EW4AgSym6qpDm652UoRBOBkBuWC-NmN9VeML_wX-rlOJuA?e=d1UCP6\">Till materiallistan &gt;<\/a><\/p>\n","protected":false},"excerpt":{"rendered":"<p>Kalla den \u00e4nglamarken eller himlajorden om du vill, jorden vi \u00e4rvde och lunden den gr\u00f6na. Vildrosor och bl\u00e5klockor och lindblommor och kamomill l\u00e5t dem f\u00e5 leva, de \u00e4r ju s\u00e5 sk\u00f6na. (Evert Taube) Blommor \u00e4r n\u00e5got som f\u00f6ljer de flesta av oss genom livet p\u00e5 ett eller annat s\u00e4tt. De finns runt oss i samh\u00e4llet &hellip; <\/p>\n<p class=\"link-more\"><a href=\"https:\/\/skola.karlstad.se\/naturskolan\/blommor\/\" class=\"more-link\">Forts\u00e4tt l\u00e4sa<span class=\"screen-reader-text\"> \u201dBlommor\u201d<\/span><\/a><\/p>\n","protected":false},"author":590,"featured_media":0,"parent":0,"menu_order":0,"comment_status":"closed","ping_status":"closed","template":"","meta":{"footnotes":""},"class_list":["post-1341","page","type-page","status-publish","hentry"],"_links":{"self":[{"href":"https:\/\/skola.karlstad.se\/naturskolan\/wp-json\/wp\/v2\/pages\/1341","targetHints":{"allow":["GET"]}}],"collection":[{"href":"https:\/\/skola.karlstad.se\/naturskolan\/wp-json\/wp\/v2\/pages"}],"about":[{"href":"https:\/\/skola.karlstad.se\/naturskolan\/wp-json\/wp\/v2\/types\/page"}],"author":[{"embeddable":true,"href":"https:\/\/skola.karlstad.se\/naturskolan\/wp-json\/wp\/v2\/users\/590"}],"replies":[{"embeddable":true,"href":"https:\/\/skola.karlstad.se\/naturskolan\/wp-json\/wp\/v2\/comments?post=1341"}],"version-history":[{"count":7,"href":"https:\/\/skola.karlstad.se\/naturskolan\/wp-json\/wp\/v2\/pages\/1341\/revisions"}],"predecessor-version":[{"id":1605,"href":"https:\/\/skola.karlstad.se\/naturskolan\/wp-json\/wp\/v2\/pages\/1341\/revisions\/1605"}],"wp:attachment":[{"href":"https:\/\/skola.karlstad.se\/naturskolan\/wp-json\/wp\/v2\/media?parent=1341"}],"curies":[{"name":"wp","href":"https:\/\/api.w.org\/{rel}","templated":true}]}}