{"id":1388,"date":"2020-05-20T11:41:45","date_gmt":"2020-05-20T09:41:45","guid":{"rendered":"http:\/\/skola.karlstad.se\/naturskolan\/?page_id=1388"},"modified":"2020-05-20T11:41:45","modified_gmt":"2020-05-20T09:41:45","slug":"uteteknik","status":"publish","type":"page","link":"https:\/\/skola.karlstad.se\/naturskolan\/uteteknik\/","title":{"rendered":"Uteteknik"},"content":{"rendered":"<p>De flesta av oss kanske t\u00e4nker p\u00e5 datorer, smarta telefoner och bilar n\u00e4r vi pratar om teknik, men dagligen anv\u00e4nder vi teknik som vi inte reflekterar \u00f6ver. De enkla maskinerna finns \u00f6verallt i v\u00e5r vardag och \u00e4r b\u00e5de roliga och intressanta att uppleva. De enkla maskinerna utnyttjar mekanikens gyllene regel; <em>det du vinner i kraft f\u00f6rlorar du i v\u00e4g.<\/em><\/p>\n<p>I denna l\u00e5da finner du material och uppgifter f\u00f6r att uppleva de enkla maskinerna.<\/p>\n<p><a href=\"https:\/\/1drv.ms\/w\/s!AuuVogClbtYZk0nIRmsC6E8mEbn9?e=auG5NR\">H\u00e4r hittar du l\u00e4rarhandledningen &gt;<\/a><\/p>\n<p><a href=\"https:\/\/1drv.ms\/w\/s!AuuVogClbtYZk0qtA0Fhsp0mGGUC?e=XrcavK\">H\u00e4r finner du materiallistan &gt;\u00a0<\/a><\/p>\n","protected":false},"excerpt":{"rendered":"<p>De flesta av oss kanske t\u00e4nker p\u00e5 datorer, smarta telefoner och bilar n\u00e4r vi pratar om teknik, men dagligen anv\u00e4nder vi teknik som vi inte reflekterar \u00f6ver. De enkla maskinerna finns \u00f6verallt i v\u00e5r vardag och \u00e4r b\u00e5de roliga och intressanta att uppleva. De enkla maskinerna utnyttjar mekanikens gyllene regel; det du vinner i kraft &hellip; <\/p>\n<p class=\"link-more\"><a href=\"https:\/\/skola.karlstad.se\/naturskolan\/uteteknik\/\" class=\"more-link\">Forts\u00e4tt l\u00e4sa<span class=\"screen-reader-text\"> \u201dUteteknik\u201d<\/span><\/a><\/p>\n","protected":false},"author":590,"featured_media":0,"parent":0,"menu_order":0,"comment_status":"closed","ping_status":"closed","template":"","meta":{"footnotes":""},"class_list":["post-1388","page","type-page","status-publish","hentry"],"_links":{"self":[{"href":"https:\/\/skola.karlstad.se\/naturskolan\/wp-json\/wp\/v2\/pages\/1388","targetHints":{"allow":["GET"]}}],"collection":[{"href":"https:\/\/skola.karlstad.se\/naturskolan\/wp-json\/wp\/v2\/pages"}],"about":[{"href":"https:\/\/skola.karlstad.se\/naturskolan\/wp-json\/wp\/v2\/types\/page"}],"author":[{"embeddable":true,"href":"https:\/\/skola.karlstad.se\/naturskolan\/wp-json\/wp\/v2\/users\/590"}],"replies":[{"embeddable":true,"href":"https:\/\/skola.karlstad.se\/naturskolan\/wp-json\/wp\/v2\/comments?post=1388"}],"version-history":[{"count":1,"href":"https:\/\/skola.karlstad.se\/naturskolan\/wp-json\/wp\/v2\/pages\/1388\/revisions"}],"predecessor-version":[{"id":1389,"href":"https:\/\/skola.karlstad.se\/naturskolan\/wp-json\/wp\/v2\/pages\/1388\/revisions\/1389"}],"wp:attachment":[{"href":"https:\/\/skola.karlstad.se\/naturskolan\/wp-json\/wp\/v2\/media?parent=1388"}],"curies":[{"name":"wp","href":"https:\/\/api.w.org\/{rel}","templated":true}]}}