{"id":267,"date":"2014-12-19T08:44:27","date_gmt":"2014-12-19T07:44:27","guid":{"rendered":"http:\/\/skola.karlstad.se\/naturskolan\/?page_id=267"},"modified":"2023-05-15T13:43:45","modified_gmt":"2023-05-15T11:43:45","slug":"solbussens-teman","status":"publish","type":"page","link":"https:\/\/skola.karlstad.se\/naturskolan\/solbussens-teman\/","title":{"rendered":"Solbussen (vilande)"},"content":{"rendered":"<p><a href=\"http:\/\/skola.karlstad.se\/naturskolan\/wp-content\/uploads\/sites\/427\/2014\/06\/barn-f\u00e4ller-tr\u00e4d.png\"><img loading=\"lazy\" decoding=\"async\" class=\"alignleft wp-image-360 \" src=\"http:\/\/skola.karlstad.se\/naturskolan\/wp-content\/uploads\/sites\/427\/2014\/12\/gapern-e1596026619647-300x273.png\" alt=\"\" width=\"198\" height=\"180\" srcset=\"https:\/\/skola.karlstad.se\/naturskolan\/wp-content\/uploads\/sites\/427\/2014\/12\/gapern-e1596026619647-300x273.png 300w, https:\/\/skola.karlstad.se\/naturskolan\/wp-content\/uploads\/sites\/427\/2014\/12\/gapern-e1596026619647.png 543w\" sizes=\"auto, (max-width: 198px) 100vw, 198px\" \/><\/a><a href=\"http:\/\/skola.karlstad.se\/naturskolan\/wp-content\/uploads\/sites\/427\/2014\/12\/Naturskolan_8b-rud.jpg\"><img loading=\"lazy\" decoding=\"async\" class=\"alignleft wp-image-264\" src=\"http:\/\/skola.karlstad.se\/naturskolan\/wp-content\/uploads\/sites\/427\/2014\/12\/Naturskolan_8b-rud-300x281.jpg\" alt=\"Naturskolan_8b rud\" width=\"192\" height=\"180\" \/><\/a><a href=\"http:\/\/skola.karlstad.se\/naturskolan\/wp-content\/uploads\/sites\/427\/2014\/06\/barn-f\u00e4ller-tr\u00e4d.png\"><img loading=\"lazy\" decoding=\"async\" class=\"alignleft wp-image-232\" src=\"http:\/\/skola.karlstad.se\/naturskolan\/wp-content\/uploads\/sites\/427\/2014\/06\/barn-f\u00e4ller-tr\u00e4d-300x300.png\" alt=\"barn f\u00e4ller tr\u00e4d\" width=\"178\" height=\"178\" \/><img loading=\"lazy\" decoding=\"async\" class=\"alignleft wp-image-1417\" src=\"http:\/\/skola.karlstad.se\/naturskolan\/wp-content\/uploads\/sites\/427\/2020\/07\/IMG_2134-300x225.jpg\" alt=\"\" width=\"232\" height=\"173\" srcset=\"https:\/\/skola.karlstad.se\/naturskolan\/wp-content\/uploads\/sites\/427\/2020\/07\/IMG_2134-300x225.jpg 300w, https:\/\/skola.karlstad.se\/naturskolan\/wp-content\/uploads\/sites\/427\/2020\/07\/IMG_2134-1024x768.jpg 1024w, https:\/\/skola.karlstad.se\/naturskolan\/wp-content\/uploads\/sites\/427\/2020\/07\/IMG_2134-768x576.jpg 768w, https:\/\/skola.karlstad.se\/naturskolan\/wp-content\/uploads\/sites\/427\/2020\/07\/IMG_2134-1536x1152.jpg 1536w, https:\/\/skola.karlstad.se\/naturskolan\/wp-content\/uploads\/sites\/427\/2020\/07\/IMG_2134-2048x1536.jpg 2048w, https:\/\/skola.karlstad.se\/naturskolan\/wp-content\/uploads\/sites\/427\/2020\/07\/IMG_2134-640x480.jpg 640w\" sizes=\"auto, (max-width: 232px) 100vw, 232px\" \/><\/a><\/p>\n<p>&nbsp;<\/p>\n<p>&nbsp;<\/p>\n<p>&nbsp;<\/p>\n<p>&nbsp;<\/p>\n<p>&nbsp;<\/p>\n<p>&nbsp;<\/p>\n<p>&nbsp;<\/p>\n<p>Naturskolans upplevelsebaserade temadagar utf\u00f6rs med hj\u00e4lp av Solbussen. Temadagarna v\u00e4nder sig till Karlstads kommunala grundskola \u00e5rskurs 1-9. Dagen inleds p\u00e5 morgonen vid er skola och forts\u00e4tter sedan till l\u00e4mplig plats f\u00f6r dagens \u00e4mnesintegrerade \u00f6vningar. Lunch lagar vi \u00f6ver elden. Hemkomst sker s\u00e5 eleverna hinner med skolskjutsar.<\/p>\n<p>Naturskolan arbetar utifr\u00e5n Lgr 22 och de teman som vi erbjuder ska koppla till det elever och pedagoger arbetar med i skolan. Alla v\u00e5ra teman erbjuder n\u00e5gon form av gemensamma \u00f6vningar, som samarbets\u00f6vningar och sinnes \u00f6vningar f\u00f6r att utveckla den Sociala H\u00e5llbarheten i gruppen.<\/p>\n<p><strong>Kostnad:<\/strong> 1000 kr\/klass och dag<\/p>\n<p><strong>Solbussens ordinarie temadagar<\/strong><\/p>\n<table style=\"height: 338px;width: 100%\" width=\"538\">\n<tbody>\n<tr style=\"height: 26px\">\n<td style=\"height: 26px\"><a href=\"http:\/\/skola.karlstad.se\/naturskolan\/var-kommer-mjolken-ifran-ak-1-3\/\">Var kommer mj\u00f6lken ifr\u00e5n? &#8211; \u00e5k 1-3 (okt, nov, mars och April)<\/a><\/td>\n<td style=\"height: 26px\"><\/td>\n<\/tr>\n<tr style=\"height: 26px\">\n<td style=\"height: 26px\"><a href=\"http:\/\/skola.karlstad.se\/naturskolan\/naturens-skafferi-ak-1-6\/\">Naturens skafferi &#8211; \u00e5k 1-6<\/a> (endast h\u00f6sttermin)<\/td>\n<td style=\"height: 26px\"><\/td>\n<\/tr>\n<tr style=\"height: 26px\">\n<td style=\"height: 26px\"><a href=\"http:\/\/skola.karlstad.se\/naturskolan\/vinterekologi-ak-4-6\/\">Ekologi &#8211; \u00e5k 1-9 (olika uppl\u00e4gg f\u00f6r olika \u00e5rstider)<\/a><\/td>\n<td style=\"height: 26px\"><\/td>\n<\/tr>\n<tr style=\"height: 26px\">\n<td style=\"height: 26px\"><\/td>\n<td style=\"height: 26px\"><\/td>\n<\/tr>\n<tr style=\"height: 26px\">\n<td style=\"height: 26px\"><a href=\"http:\/\/skola.karlstad.se\/naturskolan\/istid-ak-3-och-6\/\">Istid &#8211; \u00e5k 4-6<\/a><\/td>\n<td style=\"height: 26px\"><\/td>\n<\/tr>\n<tr style=\"height: 26px\">\n<td style=\"height: 26px\"><a href=\"http:\/\/skola.karlstad.se\/naturskolan\/eldtema-ak-4-6\/\">Eldtemat &#8211; \u00e5k 4-6<\/a><\/td>\n<td style=\"height: 26px\"><\/td>\n<\/tr>\n<tr style=\"height: 26px\">\n<td style=\"height: 26px\"><a href=\"http:\/\/skola.karlstad.se\/naturskolan\/energitemat-ak-4-6\/\">Fr\u00e5n skr\u00e4p till resurs &#8211; \u00e5k 4-7<\/a><\/td>\n<td style=\"height: 26px\"><\/td>\n<\/tr>\n<tr style=\"height: 26px\">\n<td style=\"height: 26px\"><a href=\"http:\/\/skola.karlstad.se\/naturskolan\/naturvardstemat-tradtema-ak-4-6\/\">Tr\u00e4dtemat &#8211; \u00e5k 4-6<\/a><\/td>\n<td style=\"height: 26px\"><\/td>\n<\/tr>\n<tr style=\"height: 26px\">\n<td style=\"height: 26px\"><a href=\"http:\/\/skola.karlstad.se\/naturskolan\/iskunskap-ak-4-9\/\">Iskunskap &#8211; \u00a0\u00e5k 4-6 och 8-9<\/a> (endast v\u00e5rtermin)<\/td>\n<td style=\"height: 26px\"><\/td>\n<\/tr>\n<tr style=\"height: 26px\">\n<td style=\"height: 26px\"><a href=\"http:\/\/skola.karlstad.se\/naturskolan\/fageltema-ak-1-3\/\">F\u00e5geltemat &#8211; \u00e5k 1-6<\/a> (endast v\u00e5rtermin)<\/td>\n<td style=\"height: 26px\"><\/td>\n<\/tr>\n<tr style=\"height: 26px\">\n<td style=\"height: 26px\"><a href=\"http:\/\/skola.karlstad.se\/naturskolan\/geologi-ak-4-7\/\">Geologi &#8211; \u00e5k 4-7<\/a><\/td>\n<td style=\"height: 26px\"><\/td>\n<\/tr>\n<tr style=\"height: 26px\">\n<td style=\"height: 26px\"><a href=\"http:\/\/skola.karlstad.se\/naturskolan\/friluftsliv-ak-8-9\/\">Friluftsliv &#8211; \u00e5k 8-9<\/a><\/td>\n<td style=\"height: 26px\"><\/td>\n<\/tr>\n<tr style=\"height: 26px\">\n<td style=\"height: 26px\"><a href=\"http:\/\/skola.karlstad.se\/naturskolan\/naturvardstema-for-sarskolan\/\">Utedag f\u00f6r s\u00e4rskolan<\/a><\/td>\n<td style=\"height: 26px\"><\/td>\n<\/tr>\n<\/tbody>\n<\/table>\n<p>&nbsp;<\/p>\n","protected":false},"excerpt":{"rendered":"<p>&nbsp; &nbsp; &nbsp; &nbsp; &nbsp; &nbsp; &nbsp; Naturskolans upplevelsebaserade temadagar utf\u00f6rs med hj\u00e4lp av Solbussen. Temadagarna v\u00e4nder sig till Karlstads kommunala grundskola \u00e5rskurs 1-9. Dagen inleds p\u00e5 morgonen vid er skola och forts\u00e4tter sedan till l\u00e4mplig plats f\u00f6r dagens \u00e4mnesintegrerade \u00f6vningar. Lunch lagar vi \u00f6ver elden. Hemkomst sker s\u00e5 eleverna hinner med skolskjutsar. Naturskolan arbetar &hellip; <\/p>\n<p class=\"link-more\"><a href=\"https:\/\/skola.karlstad.se\/naturskolan\/solbussens-teman\/\" class=\"more-link\">Forts\u00e4tt l\u00e4sa<span class=\"screen-reader-text\"> \u201dSolbussen (vilande)\u201d<\/span><\/a><\/p>\n","protected":false},"author":1086,"featured_media":1094,"parent":0,"menu_order":0,"comment_status":"closed","ping_status":"closed","template":"","meta":{"footnotes":""},"class_list":["post-267","page","type-page","status-publish","has-post-thumbnail","hentry"],"_links":{"self":[{"href":"https:\/\/skola.karlstad.se\/naturskolan\/wp-json\/wp\/v2\/pages\/267","targetHints":{"allow":["GET"]}}],"collection":[{"href":"https:\/\/skola.karlstad.se\/naturskolan\/wp-json\/wp\/v2\/pages"}],"about":[{"href":"https:\/\/skola.karlstad.se\/naturskolan\/wp-json\/wp\/v2\/types\/page"}],"author":[{"embeddable":true,"href":"https:\/\/skola.karlstad.se\/naturskolan\/wp-json\/wp\/v2\/users\/1086"}],"replies":[{"embeddable":true,"href":"https:\/\/skola.karlstad.se\/naturskolan\/wp-json\/wp\/v2\/comments?post=267"}],"version-history":[{"count":93,"href":"https:\/\/skola.karlstad.se\/naturskolan\/wp-json\/wp\/v2\/pages\/267\/revisions"}],"predecessor-version":[{"id":1615,"href":"https:\/\/skola.karlstad.se\/naturskolan\/wp-json\/wp\/v2\/pages\/267\/revisions\/1615"}],"wp:featuredmedia":[{"embeddable":true,"href":"https:\/\/skola.karlstad.se\/naturskolan\/wp-json\/wp\/v2\/media\/1094"}],"wp:attachment":[{"href":"https:\/\/skola.karlstad.se\/naturskolan\/wp-json\/wp\/v2\/media?parent=267"}],"curies":[{"name":"wp","href":"https:\/\/api.w.org\/{rel}","templated":true}]}}