{"id":275,"date":"2014-12-19T09:29:50","date_gmt":"2014-12-19T08:29:50","guid":{"rendered":"http:\/\/skola.karlstad.se\/naturskolan\/?page_id=275"},"modified":"2023-08-18T11:01:11","modified_gmt":"2023-08-18T09:01:11","slug":"naturvardstema-for-sarskolan","status":"publish","type":"page","link":"https:\/\/skola.karlstad.se\/naturskolan\/naturvardstema-for-sarskolan\/","title":{"rendered":"Utedag f\u00f6r Anpassad Grundskola"},"content":{"rendered":"<p>H\u00e4r lyssnar vi p\u00e5 era \u00f6nskem\u00e5l, vi anpassar dagen tillsammans med er. Ni kan \u00e4ven v\u00e4lja ett av Naturskolans teman ovan.<\/p>\n","protected":false},"excerpt":{"rendered":"<p>H\u00e4r lyssnar vi p\u00e5 era \u00f6nskem\u00e5l, vi anpassar dagen tillsammans med er. Ni kan \u00e4ven v\u00e4lja ett av Naturskolans teman ovan.<\/p>\n","protected":false},"author":1086,"featured_media":0,"parent":0,"menu_order":0,"comment_status":"closed","ping_status":"closed","template":"","meta":{"footnotes":""},"class_list":["post-275","page","type-page","status-publish","hentry"],"_links":{"self":[{"href":"https:\/\/skola.karlstad.se\/naturskolan\/wp-json\/wp\/v2\/pages\/275","targetHints":{"allow":["GET"]}}],"collection":[{"href":"https:\/\/skola.karlstad.se\/naturskolan\/wp-json\/wp\/v2\/pages"}],"about":[{"href":"https:\/\/skola.karlstad.se\/naturskolan\/wp-json\/wp\/v2\/types\/page"}],"author":[{"embeddable":true,"href":"https:\/\/skola.karlstad.se\/naturskolan\/wp-json\/wp\/v2\/users\/1086"}],"replies":[{"embeddable":true,"href":"https:\/\/skola.karlstad.se\/naturskolan\/wp-json\/wp\/v2\/comments?post=275"}],"version-history":[{"count":4,"href":"https:\/\/skola.karlstad.se\/naturskolan\/wp-json\/wp\/v2\/pages\/275\/revisions"}],"predecessor-version":[{"id":1656,"href":"https:\/\/skola.karlstad.se\/naturskolan\/wp-json\/wp\/v2\/pages\/275\/revisions\/1656"}],"wp:attachment":[{"href":"https:\/\/skola.karlstad.se\/naturskolan\/wp-json\/wp\/v2\/media?parent=275"}],"curies":[{"name":"wp","href":"https:\/\/api.w.org\/{rel}","templated":true}]}}