{"id":281,"date":"2014-12-19T10:58:40","date_gmt":"2014-12-19T09:58:40","guid":{"rendered":"http:\/\/skola.karlstad.se\/naturskolan\/?page_id=281"},"modified":"2015-11-24T12:52:27","modified_gmt":"2015-11-24T11:52:27","slug":"friluftsliv-ak-8-9","status":"publish","type":"page","link":"https:\/\/skola.karlstad.se\/naturskolan\/friluftsliv-ak-8-9\/","title":{"rendered":"Friluftsliv &#8211; \u00e5k 8-9"},"content":{"rendered":"<p><a href=\"http:\/\/skola.karlstad.se\/naturskolan\/wp-content\/uploads\/sites\/427\/2014\/12\/IMG_0197.jpg\"><img loading=\"lazy\" decoding=\"async\" class=\"alignleft size-thumbnail wp-image-531\" src=\"http:\/\/skola.karlstad.se\/naturskolan\/wp-content\/uploads\/sites\/427\/2014\/12\/IMG_0197-300x300.jpg\" alt=\"IMG_0197\" width=\"150\" height=\"150\" \/><\/a> <a href=\"http:\/\/skola.karlstad.se\/naturskolan\/wp-content\/uploads\/sites\/427\/2014\/12\/IMG_0194.jpg\"><img loading=\"lazy\" decoding=\"async\" class=\" size-thumbnail wp-image-532 alignright\" src=\"http:\/\/skola.karlstad.se\/naturskolan\/wp-content\/uploads\/sites\/427\/2014\/12\/IMG_0194-300x300.jpg\" alt=\"IMG_0194\" width=\"150\" height=\"150\" \/><\/a>I temat Friluftsliv st\u00e4lls eleverna inf\u00f6r flera utmaningar. De ska orientera sig p\u00e5 ok\u00e4nd mark med hj\u00e4lp av GPS, de ska \u00a0i sm\u00e5 grupper planera, organisera och genomf\u00f6ra hela utedagen som inneh\u00e5ller matlagning \u00f6ver \u00f6ppen eld och uppbyggnad av en l\u00e4gerplats. Och under hela dagen ska de ta h\u00e4nsyn till de r\u00e4ttigheter och skyldigheter som vi har i naturen enligt allemansr\u00e4tten.<\/p>\n<p>&nbsp;<\/p>\n<p>Detta \u00e4r ett kr\u00e4vande tema f\u00f6r eleverna som blir b\u00e4st om de f\u00f6rbereds p\u00e5 ett bra s\u00e4tt p\u00e5 skolan innan. Temat \u00e4r anpassat efter kursplanen i \u00e4mnet Idrott och H\u00e4lsa, vilket ger idrottsl\u00e4raren en m\u00f6jlighet att anv\u00e4nda dagen i sin bed\u00f6mning. Det finns ocks\u00e5 m\u00f6jlighet f\u00f6r samarbete med geografi\u00e4mnet och hemkunskapen.<\/p>\n","protected":false},"excerpt":{"rendered":"<p>I temat Friluftsliv st\u00e4lls eleverna inf\u00f6r flera utmaningar. De ska orientera sig p\u00e5 ok\u00e4nd mark med hj\u00e4lp av GPS, de ska \u00a0i sm\u00e5 grupper planera, organisera och genomf\u00f6ra hela utedagen som inneh\u00e5ller matlagning \u00f6ver \u00f6ppen eld och uppbyggnad av en l\u00e4gerplats. Och under hela dagen ska de ta h\u00e4nsyn till de r\u00e4ttigheter och skyldigheter som &hellip; <\/p>\n<p class=\"link-more\"><a href=\"https:\/\/skola.karlstad.se\/naturskolan\/friluftsliv-ak-8-9\/\" class=\"more-link\">Forts\u00e4tt l\u00e4sa<span class=\"screen-reader-text\"> \u201dFriluftsliv &#8211; \u00e5k 8-9\u201d<\/span><\/a><\/p>\n","protected":false},"author":1086,"featured_media":0,"parent":0,"menu_order":0,"comment_status":"closed","ping_status":"closed","template":"","meta":{"footnotes":""},"class_list":["post-281","page","type-page","status-publish","hentry"],"_links":{"self":[{"href":"https:\/\/skola.karlstad.se\/naturskolan\/wp-json\/wp\/v2\/pages\/281","targetHints":{"allow":["GET"]}}],"collection":[{"href":"https:\/\/skola.karlstad.se\/naturskolan\/wp-json\/wp\/v2\/pages"}],"about":[{"href":"https:\/\/skola.karlstad.se\/naturskolan\/wp-json\/wp\/v2\/types\/page"}],"author":[{"embeddable":true,"href":"https:\/\/skola.karlstad.se\/naturskolan\/wp-json\/wp\/v2\/users\/1086"}],"replies":[{"embeddable":true,"href":"https:\/\/skola.karlstad.se\/naturskolan\/wp-json\/wp\/v2\/comments?post=281"}],"version-history":[{"count":7,"href":"https:\/\/skola.karlstad.se\/naturskolan\/wp-json\/wp\/v2\/pages\/281\/revisions"}],"predecessor-version":[{"id":642,"href":"https:\/\/skola.karlstad.se\/naturskolan\/wp-json\/wp\/v2\/pages\/281\/revisions\/642"}],"wp:attachment":[{"href":"https:\/\/skola.karlstad.se\/naturskolan\/wp-json\/wp\/v2\/media?parent=281"}],"curies":[{"name":"wp","href":"https:\/\/api.w.org\/{rel}","templated":true}]}}