{"id":288,"date":"2014-12-19T11:02:05","date_gmt":"2014-12-19T10:02:05","guid":{"rendered":"http:\/\/skola.karlstad.se\/naturskolan\/?page_id=288"},"modified":"2015-12-01T14:31:09","modified_gmt":"2015-12-01T13:31:09","slug":"istid-ak-3-och-6","status":"publish","type":"page","link":"https:\/\/skola.karlstad.se\/naturskolan\/istid-ak-3-och-6\/","title":{"rendered":"Istid &#8211; \u00e5k 4-6"},"content":{"rendered":"<p><a href=\"http:\/\/skola.karlstad.se\/naturskolan\/wp-content\/uploads\/sites\/427\/2014\/12\/Bild09.jpg\"><img loading=\"lazy\" decoding=\"async\" class=\"alignleft wp-image-487 size-thumbnail\" src=\"http:\/\/skola.karlstad.se\/naturskolan\/wp-content\/uploads\/sites\/427\/2014\/12\/Bild09-300x300.jpg\" alt=\"Bild09\" width=\"150\" height=\"150\" \/><\/a><\/p>\n<p>&nbsp;<\/p>\n<p>H\u00e4r f\u00e5r det v\u00e4rml\u00e4ndska landskapet vara sp\u00e4nnande och inspirera till fortsatt arbete i skolan. Ett \u00e4ventyrligt tema som omfattar: historia, geografi, svenska, fysik,\u00a0idrott och h\u00e4lsa samt hemkunskap. Under denna temadag tar vi oss en titt p\u00e5 landskapets sp\u00e5r efter senaste istiden. Vi f\u00f6rundras \u00f6ver j\u00e4ttekast, isr\u00e4fflor, d\u00f6disgropar mm och l\u00e5ter kreativiteten fl\u00f6da n\u00e4r vi bygger v\u00e5ra egna istidslandskap i miniatyr.<\/p>\n","protected":false},"excerpt":{"rendered":"<p>&nbsp; H\u00e4r f\u00e5r det v\u00e4rml\u00e4ndska landskapet vara sp\u00e4nnande och inspirera till fortsatt arbete i skolan. Ett \u00e4ventyrligt tema som omfattar: historia, geografi, svenska, fysik,\u00a0idrott och h\u00e4lsa samt hemkunskap. Under denna temadag tar vi oss en titt p\u00e5 landskapets sp\u00e5r efter senaste istiden. Vi f\u00f6rundras \u00f6ver j\u00e4ttekast, isr\u00e4fflor, d\u00f6disgropar mm och l\u00e5ter kreativiteten fl\u00f6da n\u00e4r vi &hellip; <\/p>\n<p class=\"link-more\"><a href=\"https:\/\/skola.karlstad.se\/naturskolan\/istid-ak-3-och-6\/\" class=\"more-link\">Forts\u00e4tt l\u00e4sa<span class=\"screen-reader-text\"> \u201dIstid &#8211; \u00e5k 4-6\u201d<\/span><\/a><\/p>\n","protected":false},"author":1086,"featured_media":0,"parent":0,"menu_order":0,"comment_status":"closed","ping_status":"closed","template":"","meta":{"footnotes":""},"class_list":["post-288","page","type-page","status-publish","hentry"],"_links":{"self":[{"href":"https:\/\/skola.karlstad.se\/naturskolan\/wp-json\/wp\/v2\/pages\/288","targetHints":{"allow":["GET"]}}],"collection":[{"href":"https:\/\/skola.karlstad.se\/naturskolan\/wp-json\/wp\/v2\/pages"}],"about":[{"href":"https:\/\/skola.karlstad.se\/naturskolan\/wp-json\/wp\/v2\/types\/page"}],"author":[{"embeddable":true,"href":"https:\/\/skola.karlstad.se\/naturskolan\/wp-json\/wp\/v2\/users\/1086"}],"replies":[{"embeddable":true,"href":"https:\/\/skola.karlstad.se\/naturskolan\/wp-json\/wp\/v2\/comments?post=288"}],"version-history":[{"count":10,"href":"https:\/\/skola.karlstad.se\/naturskolan\/wp-json\/wp\/v2\/pages\/288\/revisions"}],"predecessor-version":[{"id":662,"href":"https:\/\/skola.karlstad.se\/naturskolan\/wp-json\/wp\/v2\/pages\/288\/revisions\/662"}],"wp:attachment":[{"href":"https:\/\/skola.karlstad.se\/naturskolan\/wp-json\/wp\/v2\/media?parent=288"}],"curies":[{"name":"wp","href":"https:\/\/api.w.org\/{rel}","templated":true}]}}