{"id":294,"date":"2014-12-19T11:07:32","date_gmt":"2014-12-19T10:07:32","guid":{"rendered":"http:\/\/skola.karlstad.se\/naturskolan\/?page_id=294"},"modified":"2017-11-14T14:27:37","modified_gmt":"2017-11-14T13:27:37","slug":"geologi-ak-4-7","status":"publish","type":"page","link":"https:\/\/skola.karlstad.se\/naturskolan\/geologi-ak-4-7\/","title":{"rendered":"Geologi &#8211; \u00e5k 4-7"},"content":{"rendered":"<p><a href=\"http:\/\/skola.karlstad.se\/naturskolan\/wp-content\/uploads\/sites\/427\/2014\/12\/20170922_135444.jpg\"><img loading=\"lazy\" decoding=\"async\" class=\" wp-image-965 alignright\" src=\"http:\/\/skola.karlstad.se\/naturskolan\/wp-content\/uploads\/sites\/427\/2014\/12\/20170922_135444-300x169.jpg\" alt=\"\" width=\"291\" height=\"164\" \/><\/a>Vad som\u00a0finns under v\u00e5ra f\u00f6tter t\u00e4nker vi ofta inte p\u00e5 men det blir snart ohyggligt sp\u00e4nnande n\u00e4r vi kliver in i den v\u00e4rlden. Vi bekantar oss med mineraler som skapar en ny v\u00e4rld av upplevelser. S\u00f6kandet efter det ok\u00e4nda eller \u00e4dla metaller lockar oss att vilja veta mer. Genomf\u00f6rs d\u00e5 det \u00e4r nog varmt att ha h\u00e4nderna i vattnet. (april, maj, augusti, september).<\/p>\n<p><strong>Lgr 11<\/strong><\/p>\n<p><span class=\"TextRun SCXW159683552\" lang=\"SV-SE\" xml:lang=\"SV-SE\"><span class=\"NormalTextRun SCXW159683552\">Naturen som resurs f\u00f6r rekreation och upplevelser och vilket ansvar vi har n\u00e4r vi\u00a0<\/span><\/span><span class=\"TextRun SCXW159683552\" lang=\"SV-SE\" xml:lang=\"SV-SE\"><span class=\"NormalTextRun SCXW159683552\">nyttjar<\/span><\/span><span class=\"TextRun SCXW159683552\" lang=\"SV-SE\" xml:lang=\"SV-SE\"><span class=\"NormalTextRun SCXW159683552\">\u00a0den.<\/span><\/span><span class=\"EOP SCXW159683552\">\u00a0<\/span><\/p>\n<p>&nbsp;<\/p>\n<div><em>Undervisningen i geografi ska behandla f\u00f6ljande centrala inneh\u00e5ll I \u00e5rskurs 4\u20136<\/em><\/div>\n<ul>\n<li>Jordytan och p\u00e5 vilka s\u00e4tt den formas och f\u00f6r\u00e4ndras av m\u00e4nniskans markutnyttjande och naturens egna processer, till exempel plattektonik och erosion. Vilka konsekven ser detta f\u00e5r f\u00f6r m\u00e4nniskor och natur.<\/li>\n<li>Centrala ord och begrepp som beh\u00f6vs f\u00f6r att kunna l\u00e4sa, skriva och samtala om geografi.<\/li>\n<\/ul>\n<p>&nbsp;<\/p>\n","protected":false},"excerpt":{"rendered":"<p>Vad som\u00a0finns under v\u00e5ra f\u00f6tter t\u00e4nker vi ofta inte p\u00e5 men det blir snart ohyggligt sp\u00e4nnande n\u00e4r vi kliver in i den v\u00e4rlden. Vi bekantar oss med mineraler som skapar en ny v\u00e4rld av upplevelser. S\u00f6kandet efter det ok\u00e4nda eller \u00e4dla metaller lockar oss att vilja veta mer. Genomf\u00f6rs d\u00e5 det \u00e4r nog varmt att &hellip; <\/p>\n<p class=\"link-more\"><a href=\"https:\/\/skola.karlstad.se\/naturskolan\/geologi-ak-4-7\/\" class=\"more-link\">Forts\u00e4tt l\u00e4sa<span class=\"screen-reader-text\"> \u201dGeologi &#8211; \u00e5k 4-7\u201d<\/span><\/a><\/p>\n","protected":false},"author":1086,"featured_media":0,"parent":0,"menu_order":0,"comment_status":"closed","ping_status":"closed","template":"","meta":{"footnotes":""},"class_list":["post-294","page","type-page","status-publish","hentry"],"_links":{"self":[{"href":"https:\/\/skola.karlstad.se\/naturskolan\/wp-json\/wp\/v2\/pages\/294","targetHints":{"allow":["GET"]}}],"collection":[{"href":"https:\/\/skola.karlstad.se\/naturskolan\/wp-json\/wp\/v2\/pages"}],"about":[{"href":"https:\/\/skola.karlstad.se\/naturskolan\/wp-json\/wp\/v2\/types\/page"}],"author":[{"embeddable":true,"href":"https:\/\/skola.karlstad.se\/naturskolan\/wp-json\/wp\/v2\/users\/1086"}],"replies":[{"embeddable":true,"href":"https:\/\/skola.karlstad.se\/naturskolan\/wp-json\/wp\/v2\/comments?post=294"}],"version-history":[{"count":7,"href":"https:\/\/skola.karlstad.se\/naturskolan\/wp-json\/wp\/v2\/pages\/294\/revisions"}],"predecessor-version":[{"id":968,"href":"https:\/\/skola.karlstad.se\/naturskolan\/wp-json\/wp\/v2\/pages\/294\/revisions\/968"}],"wp:attachment":[{"href":"https:\/\/skola.karlstad.se\/naturskolan\/wp-json\/wp\/v2\/media?parent=294"}],"curies":[{"name":"wp","href":"https:\/\/api.w.org\/{rel}","templated":true}]}}