{"id":300,"date":"2014-12-19T11:29:43","date_gmt":"2014-12-19T10:29:43","guid":{"rendered":"http:\/\/skola.karlstad.se\/naturskolan\/?page_id=300"},"modified":"2015-05-06T13:47:24","modified_gmt":"2015-05-06T11:47:24","slug":"naturens-skafferi-ak-1-6","status":"publish","type":"page","link":"https:\/\/skola.karlstad.se\/naturskolan\/naturens-skafferi-ak-1-6\/","title":{"rendered":"Naturens skafferi &#8211; \u00e5k 1-6"},"content":{"rendered":"<p><a href=\"http:\/\/skola.karlstad.se\/naturskolan\/wp-content\/uploads\/sites\/427\/2014\/12\/svampkorg.jpg\"><img loading=\"lazy\" decoding=\"async\" class=\"alignleft wp-image-499\" src=\"http:\/\/skola.karlstad.se\/naturskolan\/wp-content\/uploads\/sites\/427\/2014\/12\/svampkorg.jpg\" alt=\"svampkorg\" width=\"189\" height=\"126\" \/><\/a><a href=\"http:\/\/skola.karlstad.se\/naturskolan\/wp-content\/uploads\/sites\/427\/2014\/12\/lingon.jpg\"><img loading=\"lazy\" decoding=\"async\" class=\"alignleft  wp-image-500\" src=\"http:\/\/skola.karlstad.se\/naturskolan\/wp-content\/uploads\/sites\/427\/2014\/12\/lingon.jpg\" alt=\"lingon\" width=\"167\" height=\"125\" \/><\/a><a href=\"http:\/\/skola.karlstad.se\/naturskolan\/wp-content\/uploads\/sites\/427\/2014\/12\/bl\u00e5b\u00e4r.jpg\"><img loading=\"lazy\" decoding=\"async\" class=\"alignleft  wp-image-501\" src=\"http:\/\/skola.karlstad.se\/naturskolan\/wp-content\/uploads\/sites\/427\/2014\/12\/bl\u00e5b\u00e4r.jpg\" alt=\"bl\u00e5b\u00e4r\" width=\"167\" height=\"124\" \/><\/a><\/p>\n<p><a href=\"http:\/\/skola.karlstad.se\/naturskolan\/wp-content\/uploads\/sites\/427\/2014\/12\/mat-muurikka.jpg\"><img loading=\"lazy\" decoding=\"async\" class=\"alignleft  wp-image-502\" src=\"http:\/\/skola.karlstad.se\/naturskolan\/wp-content\/uploads\/sites\/427\/2014\/12\/mat-muurikka-300x300.jpg\" alt=\"mat muurikka\" width=\"133\" height=\"133\" \/><\/a><\/p>\n<p>&nbsp;<\/p>\n<p>&nbsp;<\/p>\n<p>&nbsp;<\/p>\n<p>&nbsp;<\/p>\n<p>I naturen finns en m\u00e4ngd \u00e4tliga v\u00e4xter, b\u00e4r och svampar. M\u00e5nga av dem finns i burkar eller andra f\u00f6rpackningar i v\u00e5r mataff\u00e4r men vart hittar man dem i naturen? Vi f\u00e5r anv\u00e4ndning av v\u00e5rt mest dominerande sinne, synen, n\u00e4r vi g\u00e5r p\u00e5 jakt. Vi plockar b\u00e4r som vi g\u00f6r sylt av \u00f6ver elden och hittar vi svamp, f\u00f6rgyller den v\u00e5r lunch. \u00a0 \u00a0 \u00a0 \u00a0 \u00a0 \u00a0 \u00a0 \u00a0 \u00a0 \u00a0 \u00a0 \u00a0OBS! Endast h\u00f6stterminen.<\/p>\n<p>&nbsp;<\/p>\n","protected":false},"excerpt":{"rendered":"<p>&nbsp; &nbsp; &nbsp; &nbsp; I naturen finns en m\u00e4ngd \u00e4tliga v\u00e4xter, b\u00e4r och svampar. M\u00e5nga av dem finns i burkar eller andra f\u00f6rpackningar i v\u00e5r mataff\u00e4r men vart hittar man dem i naturen? Vi f\u00e5r anv\u00e4ndning av v\u00e5rt mest dominerande sinne, synen, n\u00e4r vi g\u00e5r p\u00e5 jakt. Vi plockar b\u00e4r som vi g\u00f6r sylt av &hellip; <\/p>\n<p class=\"link-more\"><a href=\"https:\/\/skola.karlstad.se\/naturskolan\/naturens-skafferi-ak-1-6\/\" class=\"more-link\">Forts\u00e4tt l\u00e4sa<span class=\"screen-reader-text\"> \u201dNaturens skafferi &#8211; \u00e5k 1-6\u201d<\/span><\/a><\/p>\n","protected":false},"author":1086,"featured_media":0,"parent":0,"menu_order":0,"comment_status":"closed","ping_status":"closed","template":"","meta":{"footnotes":""},"class_list":["post-300","page","type-page","status-publish","hentry"],"_links":{"self":[{"href":"https:\/\/skola.karlstad.se\/naturskolan\/wp-json\/wp\/v2\/pages\/300","targetHints":{"allow":["GET"]}}],"collection":[{"href":"https:\/\/skola.karlstad.se\/naturskolan\/wp-json\/wp\/v2\/pages"}],"about":[{"href":"https:\/\/skola.karlstad.se\/naturskolan\/wp-json\/wp\/v2\/types\/page"}],"author":[{"embeddable":true,"href":"https:\/\/skola.karlstad.se\/naturskolan\/wp-json\/wp\/v2\/users\/1086"}],"replies":[{"embeddable":true,"href":"https:\/\/skola.karlstad.se\/naturskolan\/wp-json\/wp\/v2\/comments?post=300"}],"version-history":[{"count":9,"href":"https:\/\/skola.karlstad.se\/naturskolan\/wp-json\/wp\/v2\/pages\/300\/revisions"}],"predecessor-version":[{"id":507,"href":"https:\/\/skola.karlstad.se\/naturskolan\/wp-json\/wp\/v2\/pages\/300\/revisions\/507"}],"wp:attachment":[{"href":"https:\/\/skola.karlstad.se\/naturskolan\/wp-json\/wp\/v2\/media?parent=300"}],"curies":[{"name":"wp","href":"https:\/\/api.w.org\/{rel}","templated":true}]}}