{"id":309,"date":"2014-12-19T11:35:36","date_gmt":"2014-12-19T10:35:36","guid":{"rendered":"http:\/\/skola.karlstad.se\/naturskolan\/?page_id=309"},"modified":"2022-02-16T10:55:15","modified_gmt":"2022-02-16T09:55:15","slug":"var-kommer-mjolken-ifran-ak-1-3","status":"publish","type":"page","link":"https:\/\/skola.karlstad.se\/naturskolan\/var-kommer-mjolken-ifran-ak-1-3\/","title":{"rendered":"Var kommer mj\u00f6lken ifr\u00e5n? &#8211; \u00e5k 1-3"},"content":{"rendered":"<p><a href=\"http:\/\/skola.karlstad.se\/naturskolan\/wp-content\/uploads\/sites\/427\/2014\/12\/IMG_0109.jpg\"><img loading=\"lazy\" decoding=\"async\" class=\"alignleft wp-image-493 size-thumbnail\" src=\"http:\/\/skola.karlstad.se\/naturskolan\/wp-content\/uploads\/sites\/427\/2014\/12\/IMG_0109-300x300.jpg\" alt=\"IMG_0109\" width=\"150\" height=\"150\" \/><\/a> <a href=\"http:\/\/skola.karlstad.se\/naturskolan\/wp-content\/uploads\/sites\/427\/2014\/12\/IMG_0033.jpg\"><img loading=\"lazy\" decoding=\"async\" class=\"alignleft wp-image-494 size-thumbnail\" src=\"http:\/\/skola.karlstad.se\/naturskolan\/wp-content\/uploads\/sites\/427\/2014\/12\/IMG_0033-300x300.jpg\" alt=\"IMG_0033\" width=\"150\" height=\"150\" \/><\/a> <a href=\"http:\/\/skola.karlstad.se\/naturskolan\/wp-content\/uploads\/sites\/427\/2014\/12\/IMG_0096.jpg\"><img loading=\"lazy\" decoding=\"async\" class=\"alignleft wp-image-495 size-thumbnail\" src=\"http:\/\/skola.karlstad.se\/naturskolan\/wp-content\/uploads\/sites\/427\/2014\/12\/IMG_0096-300x300.jpg\" alt=\"IMG_0096\" width=\"150\" height=\"150\" \/><\/a> <a href=\"http:\/\/skola.karlstad.se\/naturskolan\/wp-content\/uploads\/sites\/427\/2014\/12\/IMG_0119.jpg\"><img loading=\"lazy\" decoding=\"async\" class=\"alignleft wp-image-496 size-thumbnail\" src=\"http:\/\/skola.karlstad.se\/naturskolan\/wp-content\/uploads\/sites\/427\/2014\/12\/IMG_0119-300x300.jpg\" alt=\"IMG_0119\" width=\"150\" height=\"150\" \/><\/a><\/p>\n<p>&nbsp;<\/p>\n<p>&nbsp;<\/p>\n<p>&nbsp;<\/p>\n<p>&nbsp;<\/p>\n<p>Vi bes\u00f6ker en bondg\u00e5rd och f\u00e5r se var mj\u00f6lken i tetraf\u00f6rpackningen kommer ifr\u00e5n. Vi f\u00e5r vara med p\u00e5 mj\u00f6lkning och tr\u00e4ffa nyf\u00f6dda kalvar. Vi funderar p\u00e5 hur korna lever sina liv? Vad kr\u00e4vs f\u00f6r att vi ska kunna k\u00f6pa mj\u00f6lk i aff\u00e4ren? Spelar det n\u00e5gon roll vilken mj\u00f6lk vi k\u00f6per?<\/p>\n<p><em>Nyckelord<\/em>; Naturbruk, ekologisk, n\u00e4ringskedja<\/p>\n<p><a href=\"https:\/\/onedrive.live.com\/?cid=19D66EA500A295EB&amp;id=19D66EA500A295EB%211475&amp;parId=19D66EA500A295EB%211262&amp;o=OneUp\">Fr\u00e5gor inf\u00f6r dagen<\/a><\/p>\n<p><a href=\"http:\/\/www.bondeniskolan.se\/\">Bonden i skolan LRF<\/a><\/p>\n<p><a href=\"http:\/\/www.bondeniskolan.se\/pedagog-start\/mjolkens-vag\/\">Mj\u00f6lkens v\u00e4g LRF<\/a><\/p>\n","protected":false},"excerpt":{"rendered":"<p>&nbsp; &nbsp; &nbsp; &nbsp; Vi bes\u00f6ker en bondg\u00e5rd och f\u00e5r se var mj\u00f6lken i tetraf\u00f6rpackningen kommer ifr\u00e5n. Vi f\u00e5r vara med p\u00e5 mj\u00f6lkning och tr\u00e4ffa nyf\u00f6dda kalvar. Vi funderar p\u00e5 hur korna lever sina liv? Vad kr\u00e4vs f\u00f6r att vi ska kunna k\u00f6pa mj\u00f6lk i aff\u00e4ren? Spelar det n\u00e5gon roll vilken mj\u00f6lk vi k\u00f6per? Nyckelord; &hellip; <\/p>\n<p class=\"link-more\"><a href=\"https:\/\/skola.karlstad.se\/naturskolan\/var-kommer-mjolken-ifran-ak-1-3\/\" class=\"more-link\">Forts\u00e4tt l\u00e4sa<span class=\"screen-reader-text\"> \u201dVar kommer mj\u00f6lken ifr\u00e5n? &#8211; \u00e5k 1-3\u201d<\/span><\/a><\/p>\n","protected":false},"author":1086,"featured_media":0,"parent":0,"menu_order":0,"comment_status":"closed","ping_status":"closed","template":"","meta":{"footnotes":""},"class_list":["post-309","page","type-page","status-publish","hentry"],"_links":{"self":[{"href":"https:\/\/skola.karlstad.se\/naturskolan\/wp-json\/wp\/v2\/pages\/309","targetHints":{"allow":["GET"]}}],"collection":[{"href":"https:\/\/skola.karlstad.se\/naturskolan\/wp-json\/wp\/v2\/pages"}],"about":[{"href":"https:\/\/skola.karlstad.se\/naturskolan\/wp-json\/wp\/v2\/types\/page"}],"author":[{"embeddable":true,"href":"https:\/\/skola.karlstad.se\/naturskolan\/wp-json\/wp\/v2\/users\/1086"}],"replies":[{"embeddable":true,"href":"https:\/\/skola.karlstad.se\/naturskolan\/wp-json\/wp\/v2\/comments?post=309"}],"version-history":[{"count":12,"href":"https:\/\/skola.karlstad.se\/naturskolan\/wp-json\/wp\/v2\/pages\/309\/revisions"}],"predecessor-version":[{"id":1552,"href":"https:\/\/skola.karlstad.se\/naturskolan\/wp-json\/wp\/v2\/pages\/309\/revisions\/1552"}],"wp:attachment":[{"href":"https:\/\/skola.karlstad.se\/naturskolan\/wp-json\/wp\/v2\/media?parent=309"}],"curies":[{"name":"wp","href":"https:\/\/api.w.org\/{rel}","templated":true}]}}