{"id":312,"date":"2014-12-19T11:37:00","date_gmt":"2014-12-19T10:37:00","guid":{"rendered":"http:\/\/skola.karlstad.se\/naturskolan\/?page_id=312"},"modified":"2016-04-13T12:11:29","modified_gmt":"2016-04-13T10:11:29","slug":"naturvardstemat-tradtema-ak-4-6","status":"publish","type":"page","link":"https:\/\/skola.karlstad.se\/naturskolan\/naturvardstemat-tradtema-ak-4-6\/","title":{"rendered":"Tr\u00e4dtema &#8211; \u00e5k 4-6"},"content":{"rendered":"<p><a href=\"http:\/\/skola.karlstad.se\/naturskolan\/wp-content\/uploads\/sites\/427\/2014\/06\/barn-f\u00e4ller-tr\u00e4d.png\"><img loading=\"lazy\" decoding=\"async\" class=\"alignleft size-thumbnail wp-image-232\" src=\"http:\/\/skola.karlstad.se\/naturskolan\/wp-content\/uploads\/sites\/427\/2014\/06\/barn-f\u00e4ller-tr\u00e4d-300x300.png\" alt=\"barn f\u00e4ller tr\u00e4d\" width=\"150\" height=\"150\" \/><\/a>Vi b\u00f6rjar v\u00e5r resa ett sekel tillbaka i tiden och tar oss genom skogsbrukets historia. Vi kommer skogen och tr\u00e4den n\u00e4rmare in p\u00e5 livet genom v\u00e5ra sinnen. Eleverna jobbar i mindre grupper med att gallra ett tr\u00e4d som blir f\u00f6rem\u00e5l f\u00f6r en matematikuppgift med entrepren\u00f6rskapets grundf\u00f6ruts\u00e4ttningar.<br \/>\n<em>Nyckelord<\/em>; Allemansr\u00e4tt, naturv\u00e5rd, entrepren\u00f6rskap, fotosyntesen, kulturhistoria, tr\u00e4dets livscykel.<\/p>\n<p>F\u00f6r de klasser som arbetar med NTA tema Papper erbjuder vi ett anpassat inneh\u00e5ll som ocks\u00e5 inneh\u00e5ller ett studiebes\u00f6k p\u00e5 Stora Enso bruk. Meddela i din anm\u00e4lan om ni arbetar med tema Papper.<\/p>\n<p>Viktigt med o\u00f6mma kl\u00e4der denna dag.<\/p>\n","protected":false},"excerpt":{"rendered":"<p>Vi b\u00f6rjar v\u00e5r resa ett sekel tillbaka i tiden och tar oss genom skogsbrukets historia. Vi kommer skogen och tr\u00e4den n\u00e4rmare in p\u00e5 livet genom v\u00e5ra sinnen. Eleverna jobbar i mindre grupper med att gallra ett tr\u00e4d som blir f\u00f6rem\u00e5l f\u00f6r en matematikuppgift med entrepren\u00f6rskapets grundf\u00f6ruts\u00e4ttningar. Nyckelord; Allemansr\u00e4tt, naturv\u00e5rd, entrepren\u00f6rskap, fotosyntesen, kulturhistoria, tr\u00e4dets livscykel. F\u00f6r &hellip; <\/p>\n<p class=\"link-more\"><a href=\"https:\/\/skola.karlstad.se\/naturskolan\/naturvardstemat-tradtema-ak-4-6\/\" class=\"more-link\">Forts\u00e4tt l\u00e4sa<span class=\"screen-reader-text\"> \u201dTr\u00e4dtema &#8211; \u00e5k 4-6\u201d<\/span><\/a><\/p>\n","protected":false},"author":1086,"featured_media":0,"parent":0,"menu_order":0,"comment_status":"closed","ping_status":"closed","template":"","meta":{"footnotes":""},"class_list":["post-312","page","type-page","status-publish","hentry"],"_links":{"self":[{"href":"https:\/\/skola.karlstad.se\/naturskolan\/wp-json\/wp\/v2\/pages\/312","targetHints":{"allow":["GET"]}}],"collection":[{"href":"https:\/\/skola.karlstad.se\/naturskolan\/wp-json\/wp\/v2\/pages"}],"about":[{"href":"https:\/\/skola.karlstad.se\/naturskolan\/wp-json\/wp\/v2\/types\/page"}],"author":[{"embeddable":true,"href":"https:\/\/skola.karlstad.se\/naturskolan\/wp-json\/wp\/v2\/users\/1086"}],"replies":[{"embeddable":true,"href":"https:\/\/skola.karlstad.se\/naturskolan\/wp-json\/wp\/v2\/comments?post=312"}],"version-history":[{"count":5,"href":"https:\/\/skola.karlstad.se\/naturskolan\/wp-json\/wp\/v2\/pages\/312\/revisions"}],"predecessor-version":[{"id":797,"href":"https:\/\/skola.karlstad.se\/naturskolan\/wp-json\/wp\/v2\/pages\/312\/revisions\/797"}],"wp:attachment":[{"href":"https:\/\/skola.karlstad.se\/naturskolan\/wp-json\/wp\/v2\/media?parent=312"}],"curies":[{"name":"wp","href":"https:\/\/api.w.org\/{rel}","templated":true}]}}