{"id":318,"date":"2014-12-19T11:40:00","date_gmt":"2014-12-19T10:40:00","guid":{"rendered":"http:\/\/skola.karlstad.se\/naturskolan\/?page_id=318"},"modified":"2023-08-18T10:49:19","modified_gmt":"2023-08-18T08:49:19","slug":"iskunskap-ak-4-9","status":"publish","type":"page","link":"https:\/\/skola.karlstad.se\/naturskolan\/iskunskap-ak-4-9\/","title":{"rendered":"Iskunskap &#8211; \u00e5k 4-6 och 9"},"content":{"rendered":"<p><a href=\"http:\/\/skola.karlstad.se\/naturskolan\/wp-content\/uploads\/sites\/427\/2014\/12\/gapern.png\"><img loading=\"lazy\" decoding=\"async\" class=\"alignright size-medium wp-image-360\" src=\"http:\/\/skola.karlstad.se\/naturskolan\/wp-content\/uploads\/sites\/427\/2014\/12\/gapern-300x189.png\" alt=\"gapern\" width=\"300\" height=\"189\" \/><\/a><\/p>\n<p>Under 30 \u00e5rs tid har Naturskolan erbjudit l\u00e4rarna st\u00f6det att jobba med s\u00e4kerhet vid vatten. N\u00e5got som idag \u00e4r tydligare i l\u00e4roplanen \u00e4n n\u00e5gonsin. Vi livr\u00e4ddar varandra i olika situationer f\u00f6r att bekanta oss med den utrustning som vi alla b\u00f6r ha n\u00e4r vi ska ut p\u00e5 frusna sj\u00f6ar. Dagen kan avslutas med olika \u00f6vningar, bl.a. pimpelfiske (\u00e5k 4-6) eller hoppa i vak (\u00e5k 8-9).<\/p>\n<p><strong>En dag p\u00e5 isen<\/strong>\u00a0\u00c5k 4-6<\/p>\n<p>Det finns mycket vatten i Karlstad, centrat och runt om i kommunen. Vi kan vara vid ett vatten n\u00e4ra er d\u00e4r vi genom alla v\u00e5ra sinnen bekantar oss med isen. Men innan vi betr\u00e4der isen g\u00e5r vi igenom vad man beh\u00f6ver t\u00e4nka p\u00e5 innan man g\u00e5r ut p\u00e5 en is och vi g\u00e5r igenom s\u00e4kerhetsutrustningen som vi sedan praktiskt \u00f6var oss p\u00e5. Efter lunch finns det m\u00f6jlighet att pimpla (om till\u00e5tet) eller skulptera i is.<\/p>\n<p>&nbsp;<\/p>\n<p><strong>G\u00e5 i vak<\/strong> \u00e5k 9<a href=\"http:\/\/skola.karlstad.se\/naturskolan\/wp-content\/uploads\/sites\/427\/2015\/01\/hoppa-i-vak.png\"><img loading=\"lazy\" decoding=\"async\" class=\"size-medium wp-image-357 alignleft\" src=\"http:\/\/skola.karlstad.se\/naturskolan\/wp-content\/uploads\/sites\/427\/2015\/01\/hoppa-i-vak-238x300.png\" alt=\"\" width=\"238\" height=\"300\" srcset=\"https:\/\/skola.karlstad.se\/naturskolan\/wp-content\/uploads\/sites\/427\/2015\/01\/hoppa-i-vak-238x300.png 238w, https:\/\/skola.karlstad.se\/naturskolan\/wp-content\/uploads\/sites\/427\/2015\/01\/hoppa-i-vak.png 401w\" sizes=\"auto, (max-width: 238px) 100vw, 238px\" \/><\/a><\/p>\n<p>Denna aktivitet h\u00e5lls p\u00e5 Skutberget. Innan vi betr\u00e4der isen g\u00e5r vi igenom vad man beh\u00f6ver t\u00e4nka p\u00e5 innan man g\u00e5r ut p\u00e5 en is och vi g\u00e5r igenom s\u00e4kerhetsutrustningen som vi sedan praktiskt \u00f6var p\u00e5. Men innan det bekantar vi oss med isen genom alla v\u00e5ra sinnen. F\u00f6r de elever som vill och f\u00e5r f\u00f6r v\u00e5rdnadshavare finns m\u00f6jlighet att hoppa i vak p\u00e5 riktigt.<\/p>\n","protected":false},"excerpt":{"rendered":"<p>Under 30 \u00e5rs tid har Naturskolan erbjudit l\u00e4rarna st\u00f6det att jobba med s\u00e4kerhet vid vatten. N\u00e5got som idag \u00e4r tydligare i l\u00e4roplanen \u00e4n n\u00e5gonsin. Vi livr\u00e4ddar varandra i olika situationer f\u00f6r att bekanta oss med den utrustning som vi alla b\u00f6r ha n\u00e4r vi ska ut p\u00e5 frusna sj\u00f6ar. Dagen kan avslutas med olika \u00f6vningar, &hellip; <\/p>\n<p class=\"link-more\"><a href=\"https:\/\/skola.karlstad.se\/naturskolan\/iskunskap-ak-4-9\/\" class=\"more-link\">Forts\u00e4tt l\u00e4sa<span class=\"screen-reader-text\"> \u201dIskunskap &#8211; \u00e5k 4-6 och 9\u201d<\/span><\/a><\/p>\n","protected":false},"author":1086,"featured_media":0,"parent":0,"menu_order":0,"comment_status":"closed","ping_status":"closed","template":"","meta":{"footnotes":""},"class_list":["post-318","page","type-page","status-publish","hentry"],"_links":{"self":[{"href":"https:\/\/skola.karlstad.se\/naturskolan\/wp-json\/wp\/v2\/pages\/318","targetHints":{"allow":["GET"]}}],"collection":[{"href":"https:\/\/skola.karlstad.se\/naturskolan\/wp-json\/wp\/v2\/pages"}],"about":[{"href":"https:\/\/skola.karlstad.se\/naturskolan\/wp-json\/wp\/v2\/types\/page"}],"author":[{"embeddable":true,"href":"https:\/\/skola.karlstad.se\/naturskolan\/wp-json\/wp\/v2\/users\/1086"}],"replies":[{"embeddable":true,"href":"https:\/\/skola.karlstad.se\/naturskolan\/wp-json\/wp\/v2\/comments?post=318"}],"version-history":[{"count":14,"href":"https:\/\/skola.karlstad.se\/naturskolan\/wp-json\/wp\/v2\/pages\/318\/revisions"}],"predecessor-version":[{"id":1648,"href":"https:\/\/skola.karlstad.se\/naturskolan\/wp-json\/wp\/v2\/pages\/318\/revisions\/1648"}],"wp:attachment":[{"href":"https:\/\/skola.karlstad.se\/naturskolan\/wp-json\/wp\/v2\/media?parent=318"}],"curies":[{"name":"wp","href":"https:\/\/api.w.org\/{rel}","templated":true}]}}