{"id":322,"date":"2014-12-19T11:43:16","date_gmt":"2014-12-19T10:43:16","guid":{"rendered":"http:\/\/skola.karlstad.se\/naturskolan\/?page_id=322"},"modified":"2023-05-25T15:41:01","modified_gmt":"2023-05-25T13:41:01","slug":"eldtema-ak-4-6","status":"publish","type":"page","link":"https:\/\/skola.karlstad.se\/naturskolan\/eldtema-ak-4-6\/","title":{"rendered":"Eldtema &#8211; \u00e5k 4-6"},"content":{"rendered":"<p><a href=\"http:\/\/skola.karlstad.se\/naturskolan\/wp-content\/uploads\/sites\/427\/2014\/12\/Bild12.jpg\"><img loading=\"lazy\" decoding=\"async\" class=\"alignleft size-thumbnail wp-image-535\" src=\"http:\/\/skola.karlstad.se\/naturskolan\/wp-content\/uploads\/sites\/427\/2014\/12\/Bild12-300x300.jpg\" alt=\"Bild12\" width=\"150\" height=\"150\" \/><\/a>Eldtemat ger eldens grundf\u00f6ruts\u00e4ttningar och historia ur ett humant perspektiv. Eldtemat \u00e4r ett socialt tema som har en konflikt och orosd\u00e4mpande effekt.\u00a0Grupprocessen \u00e4r l\u00e4tt att f\u00f6jla och det naturvetenskapliga arbetss\u00e4ttet \u00e4r l\u00e4tt att bed\u00f6ma. Den samlande ringen med elden i\u00a0centrum blir\u00a0sj\u00e4lvklar f\u00f6r diskussioner och reflektioner. <em>\u00a0Nyckelord<\/em>; Fotosyntesen, f\u00f6rbr\u00e4nning, kolets kretslopp, trygghet, s\u00e4kerhet, friluftsteknik.<\/p>\n<p>&nbsp;<\/p>\n","protected":false},"excerpt":{"rendered":"<p>Eldtemat ger eldens grundf\u00f6ruts\u00e4ttningar och historia ur ett humant perspektiv. Eldtemat \u00e4r ett socialt tema som har en konflikt och orosd\u00e4mpande effekt.\u00a0Grupprocessen \u00e4r l\u00e4tt att f\u00f6jla och det naturvetenskapliga arbetss\u00e4ttet \u00e4r l\u00e4tt att bed\u00f6ma. Den samlande ringen med elden i\u00a0centrum blir\u00a0sj\u00e4lvklar f\u00f6r diskussioner och reflektioner. \u00a0Nyckelord; Fotosyntesen, f\u00f6rbr\u00e4nning, kolets kretslopp, trygghet, s\u00e4kerhet, friluftsteknik. &nbsp;<\/p>\n","protected":false},"author":1086,"featured_media":0,"parent":0,"menu_order":0,"comment_status":"closed","ping_status":"closed","template":"","meta":{"footnotes":""},"class_list":["post-322","page","type-page","status-publish","hentry"],"_links":{"self":[{"href":"https:\/\/skola.karlstad.se\/naturskolan\/wp-json\/wp\/v2\/pages\/322","targetHints":{"allow":["GET"]}}],"collection":[{"href":"https:\/\/skola.karlstad.se\/naturskolan\/wp-json\/wp\/v2\/pages"}],"about":[{"href":"https:\/\/skola.karlstad.se\/naturskolan\/wp-json\/wp\/v2\/types\/page"}],"author":[{"embeddable":true,"href":"https:\/\/skola.karlstad.se\/naturskolan\/wp-json\/wp\/v2\/users\/1086"}],"replies":[{"embeddable":true,"href":"https:\/\/skola.karlstad.se\/naturskolan\/wp-json\/wp\/v2\/comments?post=322"}],"version-history":[{"count":8,"href":"https:\/\/skola.karlstad.se\/naturskolan\/wp-json\/wp\/v2\/pages\/322\/revisions"}],"predecessor-version":[{"id":1629,"href":"https:\/\/skola.karlstad.se\/naturskolan\/wp-json\/wp\/v2\/pages\/322\/revisions\/1629"}],"wp:attachment":[{"href":"https:\/\/skola.karlstad.se\/naturskolan\/wp-json\/wp\/v2\/media?parent=322"}],"curies":[{"name":"wp","href":"https:\/\/api.w.org\/{rel}","templated":true}]}}