{"id":330,"date":"2014-12-19T11:54:21","date_gmt":"2014-12-19T10:54:21","guid":{"rendered":"http:\/\/skola.karlstad.se\/naturskolan\/?page_id=330"},"modified":"2020-07-29T14:11:19","modified_gmt":"2020-07-29T12:11:19","slug":"vinterekologi-ak-4-6","status":"publish","type":"page","link":"https:\/\/skola.karlstad.se\/naturskolan\/vinterekologi-ak-4-6\/","title":{"rendered":"Ekologi &#8211; \u00e5k 1-9"},"content":{"rendered":"<p><img loading=\"lazy\" decoding=\"async\" class=\"aligncenter size-large wp-image-512\" src=\"http:\/\/skola.karlstad.se\/naturskolan\/wp-content\/uploads\/sites\/427\/2014\/12\/barn-i-vatten-1024x307.jpg\" alt=\"barn i vatten\" width=\"1024\" height=\"307\" srcset=\"https:\/\/skola.karlstad.se\/naturskolan\/wp-content\/uploads\/sites\/427\/2014\/12\/barn-i-vatten-1024x307.jpg 1024w, https:\/\/skola.karlstad.se\/naturskolan\/wp-content\/uploads\/sites\/427\/2014\/12\/barn-i-vatten-300x90.jpg 300w, https:\/\/skola.karlstad.se\/naturskolan\/wp-content\/uploads\/sites\/427\/2014\/12\/barn-i-vatten-624x187.jpg 624w, https:\/\/skola.karlstad.se\/naturskolan\/wp-content\/uploads\/sites\/427\/2014\/12\/barn-i-vatten.jpg 1893w\" sizes=\"auto, (max-width: 767px) 89vw, (max-width: 1000px) 54vw, (max-width: 1071px) 543px, 580px\" \/><\/p>\n<p>F\u00f6r att arbeta med h\u00e5llbar utveckling \u00e4r det viktigt att f\u00f6rst\u00e5 vissa grundl\u00e4ggande system som ekosystem. Den biologiska m\u00e5ngfalden \u00e4r en f\u00f6ruts\u00e4ttning f\u00f6r livet p\u00e5 jorden.\u00a0Temat \u00e4r f\u00f6r alla \u00e5ldrar d\u00e5 f\u00f6rst\u00e5else f\u00f6r ekologiska samband \u00e4r en f\u00f6ruts\u00e4ttning f\u00f6r f\u00f6rst\u00e5else. Dagens uppl\u00e4gg anpassas efter gruppens f\u00f6ruts\u00e4ttningar.<\/p>\n<p>Eleverna arbetar med en f\u00f6rst\u00e5else till ekologiska samband utifr\u00e5n olika \u00e5rstider och platser. I det h\u00e4r temat f\u00e5r eleverna sj\u00e4lva se och uppt\u00e4cka vem som bor i en stubbe eller\u00a0unders\u00f6ka vilka livsformer vi kan tr\u00e4ffa p\u00e5 i vattnet. Vi kan \u00e4ven ge oss ut p\u00e5 sp\u00e5rjakt i sn\u00f6n\u00a0och fundera kring vilka djur som har r\u00f6rt sig i det omr\u00e5de vi bes\u00f6ker och reflekterar \u00f6ver vilka krav vintern st\u00e4ller p\u00e5 v\u00e4xter och djurs \u00f6verlevnad.<\/p>\n<p>Vi utg\u00e5r fr\u00e5n fr\u00e5gest\u00e4llningar som vad v\u00e4xter beh\u00f6ver f\u00f6r att leva och om sn\u00f6 kan vara till hj\u00e4lp f\u00f6r v\u00e4xter och djur. Samt vad h\u00e4nder om insekterna f\u00f6rsvinner? Vilken roll har jag i ekosystemet?<\/p>\n<p><em>Nyckelord:<\/em> Ekologiska samband, fotosyntes, ekosystem, f\u00e4ltstudier, ekosystemtj\u00e4nster, artkunskap.<\/p>\n<p>&nbsp;<\/p>\n","protected":false},"excerpt":{"rendered":"<p>F\u00f6r att arbeta med h\u00e5llbar utveckling \u00e4r det viktigt att f\u00f6rst\u00e5 vissa grundl\u00e4ggande system som ekosystem. Den biologiska m\u00e5ngfalden \u00e4r en f\u00f6ruts\u00e4ttning f\u00f6r livet p\u00e5 jorden.\u00a0Temat \u00e4r f\u00f6r alla \u00e5ldrar d\u00e5 f\u00f6rst\u00e5else f\u00f6r ekologiska samband \u00e4r en f\u00f6ruts\u00e4ttning f\u00f6r f\u00f6rst\u00e5else. Dagens uppl\u00e4gg anpassas efter gruppens f\u00f6ruts\u00e4ttningar. Eleverna arbetar med en f\u00f6rst\u00e5else till ekologiska samband utifr\u00e5n &hellip; <\/p>\n<p class=\"link-more\"><a href=\"https:\/\/skola.karlstad.se\/naturskolan\/vinterekologi-ak-4-6\/\" class=\"more-link\">Forts\u00e4tt l\u00e4sa<span class=\"screen-reader-text\"> \u201dEkologi &#8211; \u00e5k 1-9\u201d<\/span><\/a><\/p>\n","protected":false},"author":1086,"featured_media":0,"parent":0,"menu_order":0,"comment_status":"closed","ping_status":"closed","template":"","meta":{"footnotes":""},"class_list":["post-330","page","type-page","status-publish","hentry"],"_links":{"self":[{"href":"https:\/\/skola.karlstad.se\/naturskolan\/wp-json\/wp\/v2\/pages\/330","targetHints":{"allow":["GET"]}}],"collection":[{"href":"https:\/\/skola.karlstad.se\/naturskolan\/wp-json\/wp\/v2\/pages"}],"about":[{"href":"https:\/\/skola.karlstad.se\/naturskolan\/wp-json\/wp\/v2\/types\/page"}],"author":[{"embeddable":true,"href":"https:\/\/skola.karlstad.se\/naturskolan\/wp-json\/wp\/v2\/users\/1086"}],"replies":[{"embeddable":true,"href":"https:\/\/skola.karlstad.se\/naturskolan\/wp-json\/wp\/v2\/comments?post=330"}],"version-history":[{"count":23,"href":"https:\/\/skola.karlstad.se\/naturskolan\/wp-json\/wp\/v2\/pages\/330\/revisions"}],"predecessor-version":[{"id":1408,"href":"https:\/\/skola.karlstad.se\/naturskolan\/wp-json\/wp\/v2\/pages\/330\/revisions\/1408"}],"wp:attachment":[{"href":"https:\/\/skola.karlstad.se\/naturskolan\/wp-json\/wp\/v2\/media?parent=330"}],"curies":[{"name":"wp","href":"https:\/\/api.w.org\/{rel}","templated":true}]}}