{"id":543,"date":"2015-05-07T10:01:11","date_gmt":"2015-05-07T08:01:11","guid":{"rendered":"http:\/\/skola.karlstad.se\/naturskolan\/?page_id=543"},"modified":"2024-05-16T11:53:51","modified_gmt":"2024-05-16T09:53:51","slug":"forskola","status":"publish","type":"page","link":"https:\/\/skola.karlstad.se\/naturskolan\/forskola\/","title":{"rendered":"F\u00f6rskola"},"content":{"rendered":"<p>Vi arbetar nu med att ta fram ett material kopplat till utomhusundervisning och h\u00e5llbarhet som ni kan anv\u00e4nda er av. F\u00f6r mer information bes\u00f6k sajten f\u00f6r <a href=\"https:\/\/skola.karlstad.se\/gronatraden\/\">Gr\u00f6na tr\u00e5den<\/a>.<\/p>\n<p>&nbsp;<\/p>\n<p><strong>Utl\u00e5ning av pedagogiskt material <\/strong>se under rubrik Soll\u00e5dan.<\/p>\n<p><a href=\"http:\/\/skola.karlstad.se\/naturskolan\/wp-content\/uploads\/sites\/427\/2015\/05\/Bild1.png\"><img loading=\"lazy\" decoding=\"async\" class=\"alignleft wp-image-567 size-thumbnail\" src=\"http:\/\/skola.karlstad.se\/naturskolan\/wp-content\/uploads\/sites\/427\/2015\/05\/Bild1-300x300.png\" alt=\"Bild1\" width=\"150\" height=\"150\" \/><\/a><a href=\"http:\/\/skola.karlstad.se\/naturskolan\/wp-content\/uploads\/sites\/427\/2015\/05\/Bild3.png\"><img loading=\"lazy\" decoding=\"async\" class=\"alignleft size-thumbnail wp-image-566\" src=\"http:\/\/skola.karlstad.se\/naturskolan\/wp-content\/uploads\/sites\/427\/2015\/05\/Bild3-300x300.png\" alt=\"Bild3\" width=\"150\" height=\"150\" \/><\/a><a href=\"http:\/\/skola.karlstad.se\/naturskolan\/wp-content\/uploads\/sites\/427\/2015\/05\/Bild2.png\"><img loading=\"lazy\" decoding=\"async\" class=\"alignleft size-thumbnail wp-image-561\" src=\"http:\/\/skola.karlstad.se\/naturskolan\/wp-content\/uploads\/sites\/427\/2015\/05\/Bild2-300x300.png\" alt=\"Bild2\" width=\"150\" height=\"150\" \/><\/a><a href=\"http:\/\/skola.karlstad.se\/naturskolan\/wp-content\/uploads\/sites\/427\/2015\/05\/mask1.png\"><img loading=\"lazy\" decoding=\"async\" class=\"alignleft size-thumbnail wp-image-569\" src=\"http:\/\/skola.karlstad.se\/naturskolan\/wp-content\/uploads\/sites\/427\/2015\/05\/mask1-300x300.png\" alt=\"mask1\" width=\"150\" height=\"150\" \/><\/a><a href=\"http:\/\/skola.karlstad.se\/naturskolan\/wp-content\/uploads\/sites\/427\/2015\/05\/133.jpg\"><img loading=\"lazy\" decoding=\"async\" class=\"alignleft wp-image-628 size-thumbnail\" src=\"http:\/\/skola.karlstad.se\/naturskolan\/wp-content\/uploads\/sites\/427\/2015\/05\/133-150x150.jpg\" alt=\"133\" width=\"150\" height=\"150\" \/><\/a><a href=\"http:\/\/skola.karlstad.se\/naturskolan\/wp-content\/uploads\/sites\/427\/2015\/05\/083.jpg\"><img loading=\"lazy\" decoding=\"async\" class=\"alignleft wp-image-627 size-thumbnail\" src=\"http:\/\/skola.karlstad.se\/naturskolan\/wp-content\/uploads\/sites\/427\/2015\/05\/083-150x150.jpg\" alt=\"083\" width=\"150\" height=\"150\" \/><\/a><a href=\"http:\/\/skola.karlstad.se\/naturskolan\/wp-content\/uploads\/sites\/427\/2015\/05\/046.jpg\"><img loading=\"lazy\" decoding=\"async\" class=\"alignleft wp-image-626 size-thumbnail\" src=\"http:\/\/skola.karlstad.se\/naturskolan\/wp-content\/uploads\/sites\/427\/2015\/05\/046-150x150.jpg\" alt=\"046\" width=\"150\" height=\"150\" \/><\/a><a href=\"http:\/\/skola.karlstad.se\/naturskolan\/wp-content\/uploads\/sites\/427\/2015\/05\/005.jpg\"><img loading=\"lazy\" decoding=\"async\" class=\"alignleft wp-image-629 size-thumbnail\" src=\"http:\/\/skola.karlstad.se\/naturskolan\/wp-content\/uploads\/sites\/427\/2015\/05\/005-150x150.jpg\" alt=\"005\" width=\"150\" height=\"150\" \/><\/a>\u00a0<a href=\"http:\/\/skola.karlstad.se\/naturskolan\/wp-content\/uploads\/sites\/427\/2015\/05\/009.jpg\"><img loading=\"lazy\" decoding=\"async\" class=\"alignnone wp-image-636 size-thumbnail\" src=\"http:\/\/skola.karlstad.se\/naturskolan\/wp-content\/uploads\/sites\/427\/2015\/05\/009-150x150.jpg\" alt=\"009\" width=\"150\" height=\"150\" \/><\/a>\u00a0\u00a0 \u00a0 <a href=\"http:\/\/skola.karlstad.se\/naturskolan\/wp-content\/uploads\/sites\/427\/2015\/05\/008.jpg\"><img loading=\"lazy\" decoding=\"async\" class=\"alignnone wp-image-652 size-thumbnail\" src=\"http:\/\/skola.karlstad.se\/naturskolan\/wp-content\/uploads\/sites\/427\/2015\/05\/008-150x150.jpg\" alt=\"\" width=\"150\" height=\"150\" \/><\/a><\/p>\n<p><a href=\"http:\/\/skola.karlstad.se\/naturskolan\/wp-content\/uploads\/sites\/427\/2015\/05\/Bild2.png\">\u00a0<\/a><\/p>\n<p><a href=\"http:\/\/skola.karlstad.se\/naturskolan\/wp-content\/uploads\/sites\/427\/2015\/05\/Bild3.png\">\u00a0<\/a><\/p>\n<p>&nbsp;<\/p>\n","protected":false},"excerpt":{"rendered":"<p>Vi arbetar nu med att ta fram ett material kopplat till utomhusundervisning och h\u00e5llbarhet som ni kan anv\u00e4nda er av. F\u00f6r mer information bes\u00f6k sajten f\u00f6r Gr\u00f6na tr\u00e5den. &nbsp; Utl\u00e5ning av pedagogiskt material se under rubrik Soll\u00e5dan. \u00a0\u00a0\u00a0 \u00a0 \u00a0 \u00a0 &nbsp;<\/p>\n","protected":false},"author":590,"featured_media":0,"parent":0,"menu_order":0,"comment_status":"closed","ping_status":"closed","template":"","meta":{"footnotes":""},"class_list":["post-543","page","type-page","status-publish","hentry"],"_links":{"self":[{"href":"https:\/\/skola.karlstad.se\/naturskolan\/wp-json\/wp\/v2\/pages\/543","targetHints":{"allow":["GET"]}}],"collection":[{"href":"https:\/\/skola.karlstad.se\/naturskolan\/wp-json\/wp\/v2\/pages"}],"about":[{"href":"https:\/\/skola.karlstad.se\/naturskolan\/wp-json\/wp\/v2\/types\/page"}],"author":[{"embeddable":true,"href":"https:\/\/skola.karlstad.se\/naturskolan\/wp-json\/wp\/v2\/users\/590"}],"replies":[{"embeddable":true,"href":"https:\/\/skola.karlstad.se\/naturskolan\/wp-json\/wp\/v2\/comments?post=543"}],"version-history":[{"count":46,"href":"https:\/\/skola.karlstad.se\/naturskolan\/wp-json\/wp\/v2\/pages\/543\/revisions"}],"predecessor-version":[{"id":1727,"href":"https:\/\/skola.karlstad.se\/naturskolan\/wp-json\/wp\/v2\/pages\/543\/revisions\/1727"}],"wp:attachment":[{"href":"https:\/\/skola.karlstad.se\/naturskolan\/wp-json\/wp\/v2\/media?parent=543"}],"curies":[{"name":"wp","href":"https:\/\/api.w.org\/{rel}","templated":true}]}}