{"id":667,"date":"2015-12-11T09:10:21","date_gmt":"2015-12-11T08:10:21","guid":{"rendered":"http:\/\/skola.karlstad.se\/naturskolan\/?page_id=667"},"modified":"2024-05-16T12:06:02","modified_gmt":"2024-05-16T10:06:02","slug":"skola","status":"publish","type":"page","link":"https:\/\/skola.karlstad.se\/naturskolan\/skola\/","title":{"rendered":"Skola"},"content":{"rendered":"<p>Vi arbetar nu med att ta fram ett material kopplat till utomhusundervisning och h\u00e5llbarhet som ni kan anv\u00e4nda er av. F\u00f6r mer information bes\u00f6k sajten f\u00f6r <a href=\"https:\/\/skola.karlstad.se\/gronatraden\/\">Gr\u00f6na tr\u00e5den<\/a>.<\/p>\n<p><strong>Utl\u00e5ning av pedagogiskt material <\/strong>se under rubrik Soll\u00e5dan.<\/p>\n","protected":false},"excerpt":{"rendered":"<p>Vi arbetar nu med att ta fram ett material kopplat till utomhusundervisning och h\u00e5llbarhet som ni kan anv\u00e4nda er av. F\u00f6r mer information bes\u00f6k sajten f\u00f6r Gr\u00f6na tr\u00e5den. Utl\u00e5ning av pedagogiskt material se under rubrik Soll\u00e5dan.<\/p>\n","protected":false},"author":590,"featured_media":0,"parent":0,"menu_order":0,"comment_status":"closed","ping_status":"closed","template":"","meta":{"footnotes":""},"class_list":["post-667","page","type-page","status-publish","hentry"],"_links":{"self":[{"href":"https:\/\/skola.karlstad.se\/naturskolan\/wp-json\/wp\/v2\/pages\/667","targetHints":{"allow":["GET"]}}],"collection":[{"href":"https:\/\/skola.karlstad.se\/naturskolan\/wp-json\/wp\/v2\/pages"}],"about":[{"href":"https:\/\/skola.karlstad.se\/naturskolan\/wp-json\/wp\/v2\/types\/page"}],"author":[{"embeddable":true,"href":"https:\/\/skola.karlstad.se\/naturskolan\/wp-json\/wp\/v2\/users\/590"}],"replies":[{"embeddable":true,"href":"https:\/\/skola.karlstad.se\/naturskolan\/wp-json\/wp\/v2\/comments?post=667"}],"version-history":[{"count":22,"href":"https:\/\/skola.karlstad.se\/naturskolan\/wp-json\/wp\/v2\/pages\/667\/revisions"}],"predecessor-version":[{"id":1732,"href":"https:\/\/skola.karlstad.se\/naturskolan\/wp-json\/wp\/v2\/pages\/667\/revisions\/1732"}],"wp:attachment":[{"href":"https:\/\/skola.karlstad.se\/naturskolan\/wp-json\/wp\/v2\/media?parent=667"}],"curies":[{"name":"wp","href":"https:\/\/api.w.org\/{rel}","templated":true}]}}