{"id":670,"date":"2015-12-11T09:13:44","date_gmt":"2015-12-11T08:13:44","guid":{"rendered":"http:\/\/skola.karlstad.se\/naturskolan\/?page_id=670"},"modified":"2022-11-25T14:43:18","modified_gmt":"2022-11-25T13:43:18","slug":"solcykeln","status":"publish","type":"page","link":"https:\/\/skola.karlstad.se\/naturskolan\/solcykeln\/","title":{"rendered":"Solcykeln &#8211; utomhuspedagog till skolan"},"content":{"rendered":"<p>Tack vare pengar fr\u00e5n klimatkompensationskontot har vi f\u00e5tt m\u00f6jlighet att k\u00f6pa en packcykel till v\u00e5r verksamhet. Med den kan vi ta oss ut till er i er n\u00e4rmilj\u00f6 och erbjuda temadagar ute.\u00a0Styrkorna att v\u00e4xla l\u00e4rprocessen mellan ute- och innemilj\u00f6 \u00e4r m\u00e5nga. Dessutom synligg\u00f6rs barnens\/elevernas f\u00f6rm\u00e5gor d\u00e5 vi v\u00e4xlar l\u00e4randet mellan ute- och innemilj\u00f6.<\/p>\n<p>Det finns ett urval teman som vi erbjuder att v\u00e4lja mellan. Oavsett tema \u00e4r samarbete och probleml\u00f6sning, i olika grad, alltid delar som \u00e4r med. V\u00e5ra teman \u00e4r t\u00e4nkta att var ett st\u00f6d till det ni arbetar med. Kan vara som en inspiration if\u00f6r ett arbete eller som en avslutning av ett arbetsomr\u00e5de.<\/p>\n<p>Dag och tid g\u00f6rs upp i samr\u00e5d. Kostnadsfritt!<\/p>\n<h3>Solcykelns temautbud<\/h3>\n<table style=\"width: 100.345%;height: 419px\">\n<tbody>\n<tr style=\"height: 33px\">\n<td style=\"height: 33px\"><strong>\u00c5rskurs 1-9<\/strong><\/td>\n<td style=\"height: 33px\"><b>Beskrivning<\/b><\/td>\n<\/tr>\n<tr style=\"height: 77px\">\n<td style=\"height: 77px\">Ekologi<\/td>\n<td style=\"height: 77px\">Ekologiska begrepp; producenter, konsumenter, n\u00e4ringskedjor, n\u00e4ringsv\u00e4v, ekosystemtj\u00e4nster m fl. \u00a0Passar under alla \u00e5rstider och i alla milj\u00f6er.<\/td>\n<\/tr>\n<tr style=\"height: 51px\">\n<td style=\"height: 51px\">Vad \u00e4r det som surrar?<\/td>\n<td style=\"height: 51px\">Handlar om ekosystemtj\u00e4nster och vi fascineras av bins levnadss\u00e4tt. Bra kopplingar till NTA temat <em>Fr\u00f6 till fr\u00f6<\/em>.<\/td>\n<\/tr>\n<tr style=\"height: 77px\">\n<td style=\"height: 77px\">Forntiden<\/td>\n<td style=\"height: 77px\">Vi arbetar praktiskt i den tidsepok ni \u00f6nskar eller g\u00f6r en praktisk historisk tidsresa genom hela forntiden. Garanterat n\u00f6jda elever! Alla, idag, farliga g\u00f6rom\u00e5l p\u00e5 en och samma dag.<\/td>\n<\/tr>\n<tr style=\"height: 77px\">\n<td style=\"height: 77px\">Naturens skafferi<\/td>\n<td style=\"height: 77px\">Vi tar oss ut i er n\u00e4rmilj\u00f6 och upplever de fantastiska tillg\u00e5ngar som finns i naturen. Gratis \u00e4r de ocks\u00e5 genom allemansr\u00e4tten. Vi plockar b\u00e4r och kokar sylt. Stekta pannkakor smakar gott till.<\/td>\n<\/tr>\n<tr style=\"height: 51px\">\n<td style=\"height: 10px\">Teknik<\/td>\n<td style=\"height: 10px\">Fokus p\u00e5 de enkla maskinerna d\u00e4r vi praktiskt l\u00e4r in med hela kroppen. K\u00e4nner du n\u00e5gon skillnad om du g\u00e5r rakt uppf\u00f6r backen eller slalom? Kan vi hitta p\u00e5 en l\u00f6sning hur vi ska orka hissa upp fr\u00f6ken i tr\u00e4det?<\/td>\n<\/tr>\n<tr style=\"height: 77px\">\n<td style=\"height: 12px\">Stena Bumling<\/td>\n<td style=\"height: 12px\">Genom gestaltning tar vi eleverna genom ett \u00e4ventyr d\u00e4r Stenrika Ulrika beh\u00f6ver hj\u00e4lp att l\u00f6sa kluriga uppdrag som Stena Bumling hittat p\u00e5. L\u00f6ser vi kluringarna f\u00e5r Stenrika Ulrika tillbaka sina k\u00e4ra stenar som Stena Bumling lagt beslag p\u00e5. Bra kopplingar till NTA tema <em>Jord<\/em>.<\/td>\n<\/tr>\n<tr style=\"height: 103px\">\n<td style=\"height: 11px\"><\/td>\n<td style=\"height: 11px\"><\/td>\n<\/tr>\n<tr style=\"height: 77px\">\n<td style=\"height: 10px\"><\/td>\n<td style=\"height: 10px\"><a href=\"https:\/\/1drv.ms\/xs\/s!AuuVogClbtYZkC9ZwJ3oer1cWFD5\">H\u00e4r kan du anm\u00e4la din klass f\u00f6r bes\u00f6k i n\u00e4rmilj\u00f6n &gt;<\/a><\/td>\n<\/tr>\n<tr style=\"height: 77px\">\n<td style=\"height: 11px\"><\/td>\n<td style=\"height: 11px\"><\/td>\n<\/tr>\n<tr style=\"height: 129px\">\n<td style=\"height: 10px\"><\/td>\n<td style=\"height: 10px\"><\/td>\n<\/tr>\n<tr style=\"height: 77px\">\n<td style=\"height: 10px\"><\/td>\n<td style=\"height: 10px\"><\/td>\n<\/tr>\n<tr style=\"height: 51px\">\n<td style=\"height: 10px\"><\/td>\n<td style=\"height: 10px\"><\/td>\n<\/tr>\n<tr style=\"height: 103px\">\n<td style=\"height: 10px\"><\/td>\n<td style=\"height: 10px\"><\/td>\n<\/tr>\n<tr style=\"height: 49px\">\n<td style=\"height: 10px\"><\/td>\n<td style=\"height: 10px\"><\/td>\n<\/tr>\n<\/tbody>\n<\/table>\n<table style=\"border-collapse: collapse;width: 0%;height: 10px\">\n<tbody>\n<tr style=\"height: 10px\">\n<td style=\"width: 18.4641%;height: 10px\"><\/td>\n<td style=\"width: 83.439%;height: 10px\"><\/td>\n<\/tr>\n<\/tbody>\n<\/table>\n<p><a href=\"https:\/\/1drv.ms\/xs\/s!AuuVogClbtYZkC9ZwJ3oer1cWFD5\">H\u00e4r kan du anm\u00e4la din klass f\u00f6r bes\u00f6k i n\u00e4rmilj\u00f6n &gt;<\/a><\/p>\n<p>&nbsp;<\/p>\n<p>&nbsp;<\/p>\n","protected":false},"excerpt":{"rendered":"<p>Tack vare pengar fr\u00e5n klimatkompensationskontot har vi f\u00e5tt m\u00f6jlighet att k\u00f6pa en packcykel till v\u00e5r verksamhet. Med den kan vi ta oss ut till er i er n\u00e4rmilj\u00f6 och erbjuda temadagar ute.\u00a0Styrkorna att v\u00e4xla l\u00e4rprocessen mellan ute- och innemilj\u00f6 \u00e4r m\u00e5nga. Dessutom synligg\u00f6rs barnens\/elevernas f\u00f6rm\u00e5gor d\u00e5 vi v\u00e4xlar l\u00e4randet mellan ute- och innemilj\u00f6. Det finns &hellip; <\/p>\n<p class=\"link-more\"><a href=\"https:\/\/skola.karlstad.se\/naturskolan\/solcykeln\/\" class=\"more-link\">Forts\u00e4tt l\u00e4sa<span class=\"screen-reader-text\"> \u201dSolcykeln &#8211; utomhuspedagog till skolan\u201d<\/span><\/a><\/p>\n","protected":false},"author":590,"featured_media":0,"parent":0,"menu_order":0,"comment_status":"closed","ping_status":"closed","template":"","meta":{"footnotes":""},"class_list":["post-670","page","type-page","status-publish","hentry"],"_links":{"self":[{"href":"https:\/\/skola.karlstad.se\/naturskolan\/wp-json\/wp\/v2\/pages\/670","targetHints":{"allow":["GET"]}}],"collection":[{"href":"https:\/\/skola.karlstad.se\/naturskolan\/wp-json\/wp\/v2\/pages"}],"about":[{"href":"https:\/\/skola.karlstad.se\/naturskolan\/wp-json\/wp\/v2\/types\/page"}],"author":[{"embeddable":true,"href":"https:\/\/skola.karlstad.se\/naturskolan\/wp-json\/wp\/v2\/users\/590"}],"replies":[{"embeddable":true,"href":"https:\/\/skola.karlstad.se\/naturskolan\/wp-json\/wp\/v2\/comments?post=670"}],"version-history":[{"count":31,"href":"https:\/\/skola.karlstad.se\/naturskolan\/wp-json\/wp\/v2\/pages\/670\/revisions"}],"predecessor-version":[{"id":1595,"href":"https:\/\/skola.karlstad.se\/naturskolan\/wp-json\/wp\/v2\/pages\/670\/revisions\/1595"}],"wp:attachment":[{"href":"https:\/\/skola.karlstad.se\/naturskolan\/wp-json\/wp\/v2\/media?parent=670"}],"curies":[{"name":"wp","href":"https:\/\/api.w.org\/{rel}","templated":true}]}}