{"id":1125,"date":"2015-11-11T10:04:27","date_gmt":"2015-11-11T09:04:27","guid":{"rendered":"http:\/\/skola.karlstad.se\/nta\/?page_id=1125"},"modified":"2024-10-10T09:00:54","modified_gmt":"2024-10-10T07:00:54","slug":"ljus","status":"publish","type":"page","link":"https:\/\/skola.karlstad.se\/nta\/ljus\/","title":{"rendered":"Ljus"},"content":{"rendered":"<p><a href=\"http:\/\/skola.karlstad.se\/nta\/wp-content\/uploads\/sites\/298\/2014\/05\/nta_ljus_oval-e1447232069861.png\"><img loading=\"lazy\" decoding=\"async\" class=\"alignleft size-medium wp-image-1121\" src=\"http:\/\/skola.karlstad.se\/nta\/wp-content\/uploads\/sites\/298\/2014\/05\/nta_ljus_oval-300x227.png\" alt=\"nta_ljus_oval\" width=\"300\" height=\"227\" \/><\/a><\/p>\n<p>&nbsp;<\/p>\n<p>&nbsp;<\/p>\n<p>&nbsp;<\/p>\n<p>&nbsp;<\/p>\n<p>&nbsp;<\/p>\n<p>Ljus \u00e4r ett NTA- tema f\u00f6r f\u00f6rskolan som p\u00e5 ett lekfullt och unders\u00f6kande s\u00e4tt n\u00e4rmar sig naturvetenskapen. Temat \u00e4r indelat i fyra avsnitt; Lek med skuggor, Lek med reflekterat ljus, Lek med ljusets f\u00e4rger, samt Lek med v\u00e4xter och ljus. \u00a0Experimenten har ingen inb\u00f6rdes ordning och det g\u00e5r utm\u00e4rkt att arbeta med delar av temat.<\/p>\n<p>F\u00f6r mer utf\u00f6rlig beskrivning av tema Ljus, se skolutvecklingsprogrammet NTA:s hemsida.<br \/>\n<a href=\"http:\/\/ntaskolutveckling.se\/Teman\/Ljus\/\" target=\"_blank\" rel=\"noopener noreferrer\">L\u00e4nk till NTA:s hemsida<\/a><\/p>\n<p>Utbildare i Karlstad Kommun: Nina Holm<\/p>\n<p><a href=\"https:\/\/karlstadskommunonline.sharepoint.com\/:f:\/s\/Laboratoriet168\/Er2RxGcRVbBJt-Gpz6Buqd8BTvaiqewPE-dHV1xYhJ7Q7g?e=gaBJZi\">H\u00e4r finner du dokumenten fr\u00e5n utbildningen &gt;<\/a><\/p>\n<p>Obs: Till detta tema finns s\u00e4kerhetsdatablad. <a href=\"https:\/\/skola.karlstad.se\/nta\/sakerhetsdatablad\/\">L\u00e4s mer h\u00e4r &gt;<\/a><\/p>\n","protected":false},"excerpt":{"rendered":"<p>&nbsp; &nbsp; &nbsp; &nbsp; &nbsp; Ljus \u00e4r ett NTA- tema f\u00f6r f\u00f6rskolan som p\u00e5 ett lekfullt och unders\u00f6kande s\u00e4tt n\u00e4rmar sig naturvetenskapen. Temat \u00e4r indelat i fyra avsnitt; Lek med skuggor, Lek med reflekterat ljus, Lek med ljusets f\u00e4rger, samt Lek med v\u00e4xter och ljus. \u00a0Experimenten har ingen inb\u00f6rdes ordning och det g\u00e5r utm\u00e4rkt att &hellip; <\/p>\n<p class=\"link-more\"><a href=\"https:\/\/skola.karlstad.se\/nta\/ljus\/\" class=\"more-link\">Forts\u00e4tt l\u00e4sa<span class=\"screen-reader-text\"> \u201dLjus\u201d<\/span><\/a><\/p>\n","protected":false},"author":590,"featured_media":0,"parent":0,"menu_order":0,"comment_status":"closed","ping_status":"closed","template":"","meta":{"footnotes":""},"class_list":["post-1125","page","type-page","status-publish","hentry"],"_links":{"self":[{"href":"https:\/\/skola.karlstad.se\/nta\/wp-json\/wp\/v2\/pages\/1125","targetHints":{"allow":["GET"]}}],"collection":[{"href":"https:\/\/skola.karlstad.se\/nta\/wp-json\/wp\/v2\/pages"}],"about":[{"href":"https:\/\/skola.karlstad.se\/nta\/wp-json\/wp\/v2\/types\/page"}],"author":[{"embeddable":true,"href":"https:\/\/skola.karlstad.se\/nta\/wp-json\/wp\/v2\/users\/590"}],"replies":[{"embeddable":true,"href":"https:\/\/skola.karlstad.se\/nta\/wp-json\/wp\/v2\/comments?post=1125"}],"version-history":[{"count":11,"href":"https:\/\/skola.karlstad.se\/nta\/wp-json\/wp\/v2\/pages\/1125\/revisions"}],"predecessor-version":[{"id":4520,"href":"https:\/\/skola.karlstad.se\/nta\/wp-json\/wp\/v2\/pages\/1125\/revisions\/4520"}],"wp:attachment":[{"href":"https:\/\/skola.karlstad.se\/nta\/wp-json\/wp\/v2\/media?parent=1125"}],"curies":[{"name":"wp","href":"https:\/\/api.w.org\/{rel}","templated":true}]}}