{"id":1130,"date":"2015-11-11T10:11:01","date_gmt":"2015-11-11T09:11:01","guid":{"rendered":"http:\/\/skola.karlstad.se\/nta\/?page_id=1130"},"modified":"2023-06-28T11:49:14","modified_gmt":"2023-06-28T09:49:14","slug":"papper","status":"publish","type":"page","link":"https:\/\/skola.karlstad.se\/nta\/papper\/","title":{"rendered":"Papper"},"content":{"rendered":"<p><img loading=\"lazy\" decoding=\"async\" class=\"alignleft size-medium wp-image-1122\" src=\"http:\/\/skola.karlstad.se\/nta\/wp-content\/uploads\/sites\/298\/2014\/05\/papper_oval-300x177.png\" alt=\"papper_oval\" width=\"300\" height=\"177\" \/><\/p>\n<p>&nbsp;<\/p>\n<p>&nbsp;<\/p>\n<p>&nbsp;<\/p>\n<p>&nbsp;<\/p>\n<p>I temat unders\u00f6ker och tillverkar eleverna papper\u00a0av olika kvalit\u00e9er. De designar \u00e4ven f\u00f6rpackningar i papper.\u00a0\u00a0Eleverna utvecklar sina f\u00f6rm\u00e5gor att identifiera och ta fram l\u00f6sningar\u00a0 till problem som kan l\u00f6sas med teknik. Men det blir ingen oreflekterad probleml\u00f6sning eftersom eleverna ocks\u00e5 f\u00e5r m\u00f6jlighet att teoretisk f\u00f6rankra, diskutera och reflektera \u00f6ver det de konstruerar och till\u00adverkar.<\/p>\n<p>F\u00f6r mer utf\u00f6rlig beskrivning av temat, se <a href=\"https:\/\/ntaskolutveckling.nu\/teman\/papper\/\" target=\"_blank\" rel=\"noopener\">Skolutvecklingsprogrammet NTA:s hemsida.<\/a><\/p>\n<p>Utbildare inom Karlstads kommun: Mia Toreld<\/p>\n<p>Karlstads Naturskola har tidigare erbjudit de klasser som arbetar med tema Papper en temadag d\u00e4r vi verklighetsf\u00f6rankrar temat. Dagen inneh\u00e5ller praktiskt arbete i en gallringsskog och ett studiebes\u00f6k p\u00e5 Stora Enso bruk. Fr\u00e5n r\u00e5vara till produkt! Just nu finns dock inte f\u00f6ruts\u00e4ttningar f\u00f6r att genomf\u00f6ra temadagen.<\/p>\n<p><a href=\"https:\/\/karlstadskommunonline.sharepoint.com\/:f:\/s\/Laboratoriet168\/ElJ46Tp4Xp5Fjz9rXRQCLUIB4po8cDdb2xx7CjtDNfYW6A?e=m1YVDT\" target=\"_blank\" rel=\"noopener\">H\u00e4r finner du dokument som r\u00f6r temat &gt;<\/a><\/p>\n<p>&nbsp;<\/p>\n","protected":false},"excerpt":{"rendered":"<p>&nbsp; &nbsp; &nbsp; &nbsp; I temat unders\u00f6ker och tillverkar eleverna papper\u00a0av olika kvalit\u00e9er. De designar \u00e4ven f\u00f6rpackningar i papper.\u00a0\u00a0Eleverna utvecklar sina f\u00f6rm\u00e5gor att identifiera och ta fram l\u00f6sningar\u00a0 till problem som kan l\u00f6sas med teknik. Men det blir ingen oreflekterad probleml\u00f6sning eftersom eleverna ocks\u00e5 f\u00e5r m\u00f6jlighet att teoretisk f\u00f6rankra, diskutera och reflektera \u00f6ver det de &hellip; <\/p>\n<p class=\"link-more\"><a href=\"https:\/\/skola.karlstad.se\/nta\/papper\/\" class=\"more-link\">Forts\u00e4tt l\u00e4sa<span class=\"screen-reader-text\"> \u201dPapper\u201d<\/span><\/a><\/p>\n","protected":false},"author":590,"featured_media":0,"parent":0,"menu_order":0,"comment_status":"closed","ping_status":"closed","template":"","meta":{"footnotes":""},"class_list":["post-1130","page","type-page","status-publish","hentry"],"_links":{"self":[{"href":"https:\/\/skola.karlstad.se\/nta\/wp-json\/wp\/v2\/pages\/1130","targetHints":{"allow":["GET"]}}],"collection":[{"href":"https:\/\/skola.karlstad.se\/nta\/wp-json\/wp\/v2\/pages"}],"about":[{"href":"https:\/\/skola.karlstad.se\/nta\/wp-json\/wp\/v2\/types\/page"}],"author":[{"embeddable":true,"href":"https:\/\/skola.karlstad.se\/nta\/wp-json\/wp\/v2\/users\/590"}],"replies":[{"embeddable":true,"href":"https:\/\/skola.karlstad.se\/nta\/wp-json\/wp\/v2\/comments?post=1130"}],"version-history":[{"count":12,"href":"https:\/\/skola.karlstad.se\/nta\/wp-json\/wp\/v2\/pages\/1130\/revisions"}],"predecessor-version":[{"id":4144,"href":"https:\/\/skola.karlstad.se\/nta\/wp-json\/wp\/v2\/pages\/1130\/revisions\/4144"}],"wp:attachment":[{"href":"https:\/\/skola.karlstad.se\/nta\/wp-json\/wp\/v2\/media?parent=1130"}],"curies":[{"name":"wp","href":"https:\/\/api.w.org\/{rel}","templated":true}]}}