{"id":1269,"date":"2016-02-18T14:30:28","date_gmt":"2016-02-18T13:30:28","guid":{"rendered":"http:\/\/skola.karlstad.se\/nta\/?page_id=1269"},"modified":"2025-03-18T14:38:38","modified_gmt":"2025-03-18T13:38:38","slug":"amanda-undrar-over-el","status":"publish","type":"page","link":"https:\/\/skola.karlstad.se\/nta\/amanda-undrar-over-el\/","title":{"rendered":"Amanda undrar \u00f6ver el"},"content":{"rendered":"<p><img loading=\"lazy\" decoding=\"async\" class=\"alignleft size-full wp-image-1230\" src=\"http:\/\/skola.karlstad.se\/nta\/wp-content\/uploads\/sites\/298\/2016\/01\/amanda-undrar-over-el.jpg\" alt=\"amanda-undrar-over-el\" width=\"200\" height=\"253\" \/>Genom ett samarbete mellan skolutvecklingsprogrammet NTA i Karlstad och Karlstads Energi (tidigare Karlstads El- och Stadsn\u00e4t) finns ett komplement till temal\u00e5dor d\u00e4r b\u00e5de l\u00e4rare och elever har chansen att l\u00e4ra sig mer om el och eln\u00e4t.<\/p>\n<p><strong>Amanda undrar \u00f6ver el \u00e4r en faktasaga i bilderboksformat<\/strong>. Med utg\u00e5ngspunkt i barns vardag synligg\u00f6r boken hur el produceras, elens resa till v\u00e5ra hem och vad den anv\u00e4nds till. Boken har tagits fram av Svensk energi i n\u00e4ra samarbete med NT-utvecklare inom f\u00f6rskolan, till den finns \u00e4ven en l\u00e4rarhandledning och en materialsats. Som komplement till materialet har Karlstads El- och Stadsn\u00e4t bjudit in till studiebes\u00f6k f\u00f6r att eleverna ska l\u00e4ra sig mer om el och se eln\u00e4tets olika delar p\u00e5 riktigt.<\/p>\n<p>Boken, l\u00e4rarhandledningen och materialsatsen ing\u00e5r i temat <a href=\"https:\/\/skola.karlstad.se\/nta\/fasta-amnen-och-vatskor\/\">Fasta \u00e4mnen och v\u00e4tskor<\/a>, du som bokar l\u00e5dan kommer automatiskt att f\u00e5 det nya materialet. Men det finns fler att l\u00e5na om du vill ta in \u00e4mnet som komplement i din egen undervisning (skicka i s\u00e5 fall ett mejl till <a href=\"mailto:laboratoriet@karlstad.se\">laboratoriet@karlstad.se<\/a>).<\/p>\n<p><strong><span style=\"text-decoration: underline\">Studiebes\u00f6k &#8211; Karlstads el och stadsn\u00e4t<\/span><\/strong><\/p>\n<p>Med utg\u00e5ngspunkt fr\u00e5n det som tas upp i boken har Karlstads El- och Stadsn\u00e4t bjudit in eleverna f\u00f6r att de ska f\u00e5 chansen att se delar av ett stadsn\u00e4t p\u00e5 riktigt och tr\u00e4ffa personer som jobbar med el.<\/p>\n<p>Vi hoppas kunna erbjuda fler studiebes\u00f6k kommande l\u00e4s\u00e5r.<\/p>\n<p><img loading=\"lazy\" decoding=\"async\" class=\" wp-image-1347 alignleft\" src=\"http:\/\/skola.karlstad.se\/nta\/wp-content\/uploads\/sites\/298\/2016\/04\/studiebes\u00f6k_inne-300x225.jpg\" alt=\"studiebes\u00f6k_inne\" width=\"236\" height=\"177\" srcset=\"https:\/\/skola.karlstad.se\/nta\/wp-content\/uploads\/sites\/298\/2016\/04\/studiebes\u00f6k_inne-300x225.jpg 300w, https:\/\/skola.karlstad.se\/nta\/wp-content\/uploads\/sites\/298\/2016\/04\/studiebes\u00f6k_inne-768x576.jpg 768w, https:\/\/skola.karlstad.se\/nta\/wp-content\/uploads\/sites\/298\/2016\/04\/studiebes\u00f6k_inne-1024x768.jpg 1024w, https:\/\/skola.karlstad.se\/nta\/wp-content\/uploads\/sites\/298\/2016\/04\/studiebes\u00f6k_inne-640x480.jpg 640w\" sizes=\"auto, (max-width: 236px) 100vw, 236px\" \/><img loading=\"lazy\" decoding=\"async\" class=\"alignleft wp-image-1341\" src=\"http:\/\/skola.karlstad.se\/nta\/wp-content\/uploads\/sites\/298\/2016\/04\/IMG_70081-e1461929785376-225x300.jpg\" alt=\"IMG_7008[1]\" width=\"134\" height=\"179\" srcset=\"https:\/\/skola.karlstad.se\/nta\/wp-content\/uploads\/sites\/298\/2016\/04\/IMG_70081-e1461929785376-225x300.jpg 225w, https:\/\/skola.karlstad.se\/nta\/wp-content\/uploads\/sites\/298\/2016\/04\/IMG_70081-e1461929785376-768x1024.jpg 768w\" sizes=\"auto, (max-width: 134px) 100vw, 134px\" \/><img loading=\"lazy\" decoding=\"async\" class=\"alignleft wp-image-1340\" src=\"http:\/\/skola.karlstad.se\/nta\/wp-content\/uploads\/sites\/298\/2016\/04\/IMG_70101-300x225.jpg\" alt=\"IMG_7010[1]\" width=\"239\" height=\"179\" srcset=\"https:\/\/skola.karlstad.se\/nta\/wp-content\/uploads\/sites\/298\/2016\/04\/IMG_70101-300x225.jpg 300w, https:\/\/skola.karlstad.se\/nta\/wp-content\/uploads\/sites\/298\/2016\/04\/IMG_70101-768x576.jpg 768w, https:\/\/skola.karlstad.se\/nta\/wp-content\/uploads\/sites\/298\/2016\/04\/IMG_70101-1024x768.jpg 1024w, https:\/\/skola.karlstad.se\/nta\/wp-content\/uploads\/sites\/298\/2016\/04\/IMG_70101-640x480.jpg 640w\" sizes=\"auto, (max-width: 239px) 100vw, 239px\" \/><img loading=\"lazy\" decoding=\"async\" class=\"alignleft wp-image-1346\" src=\"http:\/\/skola.karlstad.se\/nta\/wp-content\/uploads\/sites\/298\/2016\/04\/studiebesd\u00f6k_ute-300x225.jpg\" alt=\"studiebesd\u00f6k_ute\" width=\"239\" height=\"179\" srcset=\"https:\/\/skola.karlstad.se\/nta\/wp-content\/uploads\/sites\/298\/2016\/04\/studiebesd\u00f6k_ute-300x225.jpg 300w, https:\/\/skola.karlstad.se\/nta\/wp-content\/uploads\/sites\/298\/2016\/04\/studiebesd\u00f6k_ute-768x576.jpg 768w, https:\/\/skola.karlstad.se\/nta\/wp-content\/uploads\/sites\/298\/2016\/04\/studiebesd\u00f6k_ute-1024x768.jpg 1024w, https:\/\/skola.karlstad.se\/nta\/wp-content\/uploads\/sites\/298\/2016\/04\/studiebesd\u00f6k_ute-640x480.jpg 640w\" sizes=\"auto, (max-width: 239px) 100vw, 239px\" \/><\/p>\n<p>&nbsp;<\/p>\n<p>&nbsp;<\/p>\n<p>&nbsp;<\/p>\n<p>&nbsp;<\/p>\n<p>&nbsp;<\/p>\n<p>&nbsp;<\/p>\n<p>&nbsp;<\/p>\n<p><a href=\"https:\/\/onedrive.live.com\/redir?resid=D8A84905316990EF!2364&amp;authkey=!AAnW3DuqfLmxnrw&amp;ithint=folder%2cjpg\">Bilder fr\u00e5n boken &gt;<\/a><\/p>\n","protected":false},"excerpt":{"rendered":"<p>Genom ett samarbete mellan skolutvecklingsprogrammet NTA i Karlstad och Karlstads Energi (tidigare Karlstads El- och Stadsn\u00e4t) finns ett komplement till temal\u00e5dor d\u00e4r b\u00e5de l\u00e4rare och elever har chansen att l\u00e4ra sig mer om el och eln\u00e4t. Amanda undrar \u00f6ver el \u00e4r en faktasaga i bilderboksformat. Med utg\u00e5ngspunkt i barns vardag synligg\u00f6r boken hur el produceras, &hellip; <\/p>\n<p class=\"link-more\"><a href=\"https:\/\/skola.karlstad.se\/nta\/amanda-undrar-over-el\/\" class=\"more-link\">Forts\u00e4tt l\u00e4sa<span class=\"screen-reader-text\"> \u201dAmanda undrar \u00f6ver el\u201d<\/span><\/a><\/p>\n","protected":false},"author":590,"featured_media":0,"parent":0,"menu_order":0,"comment_status":"closed","ping_status":"closed","template":"","meta":{"footnotes":""},"class_list":["post-1269","page","type-page","status-publish","hentry"],"_links":{"self":[{"href":"https:\/\/skola.karlstad.se\/nta\/wp-json\/wp\/v2\/pages\/1269","targetHints":{"allow":["GET"]}}],"collection":[{"href":"https:\/\/skola.karlstad.se\/nta\/wp-json\/wp\/v2\/pages"}],"about":[{"href":"https:\/\/skola.karlstad.se\/nta\/wp-json\/wp\/v2\/types\/page"}],"author":[{"embeddable":true,"href":"https:\/\/skola.karlstad.se\/nta\/wp-json\/wp\/v2\/users\/590"}],"replies":[{"embeddable":true,"href":"https:\/\/skola.karlstad.se\/nta\/wp-json\/wp\/v2\/comments?post=1269"}],"version-history":[{"count":52,"href":"https:\/\/skola.karlstad.se\/nta\/wp-json\/wp\/v2\/pages\/1269\/revisions"}],"predecessor-version":[{"id":4637,"href":"https:\/\/skola.karlstad.se\/nta\/wp-json\/wp\/v2\/pages\/1269\/revisions\/4637"}],"wp:attachment":[{"href":"https:\/\/skola.karlstad.se\/nta\/wp-json\/wp\/v2\/media?parent=1269"}],"curies":[{"name":"wp","href":"https:\/\/api.w.org\/{rel}","templated":true}]}}