{"id":1292,"date":"2016-03-10T12:42:58","date_gmt":"2016-03-10T11:42:58","guid":{"rendered":"http:\/\/skola.karlstad.se\/nta\/?page_id=1292"},"modified":"2025-08-18T10:51:12","modified_gmt":"2025-08-18T08:51:12","slug":"rymden","status":"publish","type":"page","link":"https:\/\/skola.karlstad.se\/nta\/rymden\/","title":{"rendered":"Rymden"},"content":{"rendered":"<p><img loading=\"lazy\" decoding=\"async\" class=\" wp-image-1290 alignleft\" src=\"http:\/\/skola.karlstad.se\/nta\/wp-content\/uploads\/sites\/298\/2014\/05\/rymden-oval.png\" alt=\"rymden-oval\" width=\"186\" height=\"97\" \/><\/p>\n<p>&nbsp;<\/p>\n<p>&nbsp;<\/p>\n<p>&nbsp;<\/p>\n<p>Tema Rymden \u00e4r ett digitalt\u00a0tema d\u00e4r\u00a0eleverna\u00a0utforskar solen, jorden och m\u00e5nen. De tittar ut \u00f6ver stj\u00e4rnhimlen och utforskar v\u00e5ra grannar i v\u00e5rt planetsystem.<\/p>\n<p>Temat ger eleverna m\u00f6jlighet att ta reda p\u00e5 vilka faktorer som kr\u00e4vs f\u00f6r att de ska kunna utvecklas liv p\u00e5 en planet och hur livet skulle kunna se ut p\u00e5 en fr\u00e4mmande planet.<\/p>\n<p>F\u00f6r mer utf\u00f6rlig beskrivning av tema Rymden, se skolutvecklingsprogrammet <a href=\"https:\/\/ntaskolutveckling.nu\/teman\/rymden\/\">NTA:s hemsida<\/a>.<\/p>\n<p><a href=\"https:\/\/karlstadskommunonline.sharepoint.com\/:f:\/s\/Laboratoriet168\/EqbeM2582GBOnKc414rdIHMBEVGibPC1QR2kXxmKZKB3bA?e=kAi6cl\">H\u00e4r finner du dokument fr\u00e5n utbildningen&gt;<\/a><\/p>\n","protected":false},"excerpt":{"rendered":"<p>&nbsp; &nbsp; &nbsp; Tema Rymden \u00e4r ett digitalt\u00a0tema d\u00e4r\u00a0eleverna\u00a0utforskar solen, jorden och m\u00e5nen. De tittar ut \u00f6ver stj\u00e4rnhimlen och utforskar v\u00e5ra grannar i v\u00e5rt planetsystem. Temat ger eleverna m\u00f6jlighet att ta reda p\u00e5 vilka faktorer som kr\u00e4vs f\u00f6r att de ska kunna utvecklas liv p\u00e5 en planet och hur livet skulle kunna se ut p\u00e5 &hellip; <\/p>\n<p class=\"link-more\"><a href=\"https:\/\/skola.karlstad.se\/nta\/rymden\/\" class=\"more-link\">Forts\u00e4tt l\u00e4sa<span class=\"screen-reader-text\"> \u201dRymden\u201d<\/span><\/a><\/p>\n","protected":false},"author":590,"featured_media":0,"parent":0,"menu_order":0,"comment_status":"closed","ping_status":"closed","template":"","meta":{"footnotes":""},"class_list":["post-1292","page","type-page","status-publish","hentry"],"_links":{"self":[{"href":"https:\/\/skola.karlstad.se\/nta\/wp-json\/wp\/v2\/pages\/1292","targetHints":{"allow":["GET"]}}],"collection":[{"href":"https:\/\/skola.karlstad.se\/nta\/wp-json\/wp\/v2\/pages"}],"about":[{"href":"https:\/\/skola.karlstad.se\/nta\/wp-json\/wp\/v2\/types\/page"}],"author":[{"embeddable":true,"href":"https:\/\/skola.karlstad.se\/nta\/wp-json\/wp\/v2\/users\/590"}],"replies":[{"embeddable":true,"href":"https:\/\/skola.karlstad.se\/nta\/wp-json\/wp\/v2\/comments?post=1292"}],"version-history":[{"count":11,"href":"https:\/\/skola.karlstad.se\/nta\/wp-json\/wp\/v2\/pages\/1292\/revisions"}],"predecessor-version":[{"id":4706,"href":"https:\/\/skola.karlstad.se\/nta\/wp-json\/wp\/v2\/pages\/1292\/revisions\/4706"}],"wp:attachment":[{"href":"https:\/\/skola.karlstad.se\/nta\/wp-json\/wp\/v2\/media?parent=1292"}],"curies":[{"name":"wp","href":"https:\/\/api.w.org\/{rel}","templated":true}]}}