{"id":1928,"date":"2017-10-19T06:47:16","date_gmt":"2017-10-19T04:47:16","guid":{"rendered":"http:\/\/skola.karlstad.se\/nta\/?page_id=1928"},"modified":"2023-06-28T11:56:36","modified_gmt":"2023-06-28T09:56:36","slug":"amnens-egenskaper-ak-7-9","status":"publish","type":"page","link":"https:\/\/skola.karlstad.se\/nta\/amnens-egenskaper-ak-7-9\/","title":{"rendered":"\u00c4mnens egenskaper \u00e5k 7-9"},"content":{"rendered":"<p><img loading=\"lazy\" decoding=\"async\" class=\"alignleft size-medium wp-image-1926\" src=\"http:\/\/skola.karlstad.se\/nta\/wp-content\/uploads\/sites\/298\/2014\/05\/amnens-egenskaper-300x188.png\" alt=\"\" width=\"300\" height=\"188\" srcset=\"https:\/\/skola.karlstad.se\/nta\/wp-content\/uploads\/sites\/298\/2014\/05\/amnens-egenskaper-300x188.png 300w, https:\/\/skola.karlstad.se\/nta\/wp-content\/uploads\/sites\/298\/2014\/05\/amnens-egenskaper.png 500w\" sizes=\"auto, (max-width: 300px) 100vw, 300px\" \/><\/p>\n<p>&nbsp;<\/p>\n<p>&nbsp;<\/p>\n<p>&nbsp;<\/p>\n<p>&nbsp;<\/p>\n<p>I temat arbetar eleverna genomg\u00e5ende med systematiska experiment och de diskuterar hur \u00e4mnens egenskaper p\u00e5verkar hur vi p\u00e5tr\u00e4ffar \u00e4mnena i naturen och hur vi har m\u00f6jlighet att anv\u00e4nda dem i olika sammanhang.<\/p>\n<p>Temat \u00c4mnens egenskaper best\u00e5r av tre delar\u00a0d\u00e4r,<br \/>\ndel 1 fokuserar olika egenskaper hos materia,\u00a0t.ex. hur densiteten hos ett \u00e4mne p\u00e5verkas av fasf\u00f6r\u00e4ndringar.<br \/>\ndel 2 fokuserar p\u00e5 egenskaper hos \u00e4mnen i blandningar och l\u00f6sningar<br \/>\ndel 3 fokuserar p\u00e5\u00a0egenskaper hos kemiska f\u00f6reningar och grund\u00e4mnen.<\/p>\n<p>Utbildningen kan genomf\u00f6ras som webb-baserad utbildning i egen takt. Kontakta\u00a0<a href=\"mailto:laboratoriet@karlstad.se\">laboratoriet@karlstad.se<\/a>\u00a0om du \u00e4r intresserad.<\/p>\n<p>F\u00f6r mer utf\u00f6rlig beskrivning av tema \u00c4mnens egenskaper, <a href=\"https:\/\/ntaskolutveckling.nu\/teman\/amnens-egenskaper\/\">se skolutvecklingsprogrammet NTA:s hemsida<\/a>.<\/p>\n<p><a href=\"https:\/\/karlstadskommunonline.sharepoint.com\/:f:\/s\/Laboratoriet168\/EjyBJwn4SrxNlVqJVbt64YgBbMLK-ebsSJmcQQogSQtd5Q?e=tHCe6P\">H\u00e4r finner du dokument fr\u00e5n utbildningen&gt;<\/a><\/p>\n","protected":false},"excerpt":{"rendered":"<p>&nbsp; &nbsp; &nbsp; &nbsp; I temat arbetar eleverna genomg\u00e5ende med systematiska experiment och de diskuterar hur \u00e4mnens egenskaper p\u00e5verkar hur vi p\u00e5tr\u00e4ffar \u00e4mnena i naturen och hur vi har m\u00f6jlighet att anv\u00e4nda dem i olika sammanhang. Temat \u00c4mnens egenskaper best\u00e5r av tre delar\u00a0d\u00e4r, del 1 fokuserar olika egenskaper hos materia,\u00a0t.ex. hur densiteten hos ett \u00e4mne &hellip; <\/p>\n<p class=\"link-more\"><a href=\"https:\/\/skola.karlstad.se\/nta\/amnens-egenskaper-ak-7-9\/\" class=\"more-link\">Forts\u00e4tt l\u00e4sa<span class=\"screen-reader-text\"> \u201d\u00c4mnens egenskaper \u00e5k 7-9\u201d<\/span><\/a><\/p>\n","protected":false},"author":590,"featured_media":0,"parent":0,"menu_order":0,"comment_status":"closed","ping_status":"closed","template":"","meta":{"footnotes":""},"class_list":["post-1928","page","type-page","status-publish","hentry"],"_links":{"self":[{"href":"https:\/\/skola.karlstad.se\/nta\/wp-json\/wp\/v2\/pages\/1928","targetHints":{"allow":["GET"]}}],"collection":[{"href":"https:\/\/skola.karlstad.se\/nta\/wp-json\/wp\/v2\/pages"}],"about":[{"href":"https:\/\/skola.karlstad.se\/nta\/wp-json\/wp\/v2\/types\/page"}],"author":[{"embeddable":true,"href":"https:\/\/skola.karlstad.se\/nta\/wp-json\/wp\/v2\/users\/590"}],"replies":[{"embeddable":true,"href":"https:\/\/skola.karlstad.se\/nta\/wp-json\/wp\/v2\/comments?post=1928"}],"version-history":[{"count":8,"href":"https:\/\/skola.karlstad.se\/nta\/wp-json\/wp\/v2\/pages\/1928\/revisions"}],"predecessor-version":[{"id":4151,"href":"https:\/\/skola.karlstad.se\/nta\/wp-json\/wp\/v2\/pages\/1928\/revisions\/4151"}],"wp:attachment":[{"href":"https:\/\/skola.karlstad.se\/nta\/wp-json\/wp\/v2\/media?parent=1928"}],"curies":[{"name":"wp","href":"https:\/\/api.w.org\/{rel}","templated":true}]}}