{"id":3202,"date":"2021-02-24T13:18:07","date_gmt":"2021-02-24T12:18:07","guid":{"rendered":"http:\/\/skola.karlstad.se\/nta\/?page_id=3202"},"modified":"2025-08-18T10:50:38","modified_gmt":"2025-08-18T08:50:38","slug":"testa-teknik","status":"publish","type":"page","link":"https:\/\/skola.karlstad.se\/nta\/testa-teknik\/","title":{"rendered":"Testa teknik"},"content":{"rendered":"<p><a href=\"http:\/\/skola.karlstad.se\/nta\/wp-content\/uploads\/sites\/298\/2021\/02\/2693201371_1466068612037_scaled.png\"><img loading=\"lazy\" decoding=\"async\" class=\"alignnone size-full wp-image-3183\" src=\"http:\/\/skola.karlstad.se\/nta\/wp-content\/uploads\/sites\/298\/2021\/02\/2693201371_1466068612037_scaled.png\" alt=\"\" width=\"320\" height=\"172\" srcset=\"https:\/\/skola.karlstad.se\/nta\/wp-content\/uploads\/sites\/298\/2021\/02\/2693201371_1466068612037_scaled.png 320w, https:\/\/skola.karlstad.se\/nta\/wp-content\/uploads\/sites\/298\/2021\/02\/2693201371_1466068612037_scaled-300x161.png 300w\" sizes=\"auto, (max-width: 320px) 100vw, 320px\" \/><\/a><\/p>\n<p>Temat handlar om tekniken i elevernas n\u00e4rmilj\u00f6. Eleverna f\u00e5r m\u00f6jlighet att uppt\u00e4cka och unders\u00f6ka smarta tekniska l\u00f6sningar, att j\u00e4mf\u00f6ra likheter och skillnader i olika l\u00f6sningar men ocks\u00e5 att konstruera egna l\u00f6sningar.<\/p>\n<p><a href=\"https:\/\/karlstadskommunonline.sharepoint.com\/:f:\/s\/Laboratoriet168\/Em2ay1NydvVBiyBYZGbsNYUBMXx_yFzhC-J8_ZCY9Zmf5A?e=uo9soK\">H\u00e4r hittar du dokument fr\u00e5n utbildningen &gt;<\/a><\/p>\n<p>Temautbildare i Karlstads kommun: Viviana Lind<\/p>\n<p>F\u00f6r mer utf\u00f6rlig beskrivning av temat, se\u00a0<a href=\"https:\/\/ntaskolutveckling.nu\/teman\/testa-teknik\/\" target=\"_blank\" rel=\"noopener noreferrer\">Skolutvecklingsprogrammet NTA:s hemsida<\/a>.<\/p>\n","protected":false},"excerpt":{"rendered":"<p>Temat handlar om tekniken i elevernas n\u00e4rmilj\u00f6. Eleverna f\u00e5r m\u00f6jlighet att uppt\u00e4cka och unders\u00f6ka smarta tekniska l\u00f6sningar, att j\u00e4mf\u00f6ra likheter och skillnader i olika l\u00f6sningar men ocks\u00e5 att konstruera egna l\u00f6sningar. H\u00e4r hittar du dokument fr\u00e5n utbildningen &gt; Temautbildare i Karlstads kommun: Viviana Lind F\u00f6r mer utf\u00f6rlig beskrivning av temat, se\u00a0Skolutvecklingsprogrammet NTA:s hemsida.<\/p>\n","protected":false},"author":42,"featured_media":0,"parent":0,"menu_order":0,"comment_status":"closed","ping_status":"closed","template":"","meta":{"footnotes":""},"class_list":["post-3202","page","type-page","status-publish","hentry"],"_links":{"self":[{"href":"https:\/\/skola.karlstad.se\/nta\/wp-json\/wp\/v2\/pages\/3202","targetHints":{"allow":["GET"]}}],"collection":[{"href":"https:\/\/skola.karlstad.se\/nta\/wp-json\/wp\/v2\/pages"}],"about":[{"href":"https:\/\/skola.karlstad.se\/nta\/wp-json\/wp\/v2\/types\/page"}],"author":[{"embeddable":true,"href":"https:\/\/skola.karlstad.se\/nta\/wp-json\/wp\/v2\/users\/42"}],"replies":[{"embeddable":true,"href":"https:\/\/skola.karlstad.se\/nta\/wp-json\/wp\/v2\/comments?post=3202"}],"version-history":[{"count":4,"href":"https:\/\/skola.karlstad.se\/nta\/wp-json\/wp\/v2\/pages\/3202\/revisions"}],"predecessor-version":[{"id":4705,"href":"https:\/\/skola.karlstad.se\/nta\/wp-json\/wp\/v2\/pages\/3202\/revisions\/4705"}],"wp:attachment":[{"href":"https:\/\/skola.karlstad.se\/nta\/wp-json\/wp\/v2\/media?parent=3202"}],"curies":[{"name":"wp","href":"https:\/\/api.w.org\/{rel}","templated":true}]}}