{"id":3277,"date":"2021-03-23T09:13:46","date_gmt":"2021-03-23T08:13:46","guid":{"rendered":"http:\/\/skola.karlstad.se\/nta\/?page_id=3277"},"modified":"2025-08-18T10:51:33","modified_gmt":"2025-08-18T08:51:33","slug":"fjarilars-liv","status":"publish","type":"page","link":"https:\/\/skola.karlstad.se\/nta\/fjarilars-liv\/","title":{"rendered":"Fj\u00e4rilars liv"},"content":{"rendered":"<p><a href=\"http:\/\/skola.karlstad.se\/nta\/wp-content\/uploads\/sites\/298\/2014\/05\/Fjarilarnas_liv.png\"><img loading=\"lazy\" decoding=\"async\" class=\"alignleft size-thumbnail wp-image-344\" src=\"http:\/\/skola.karlstad.se\/nta\/wp-content\/uploads\/sites\/298\/2014\/05\/Fjarilarnas_liv-300x300.png\" alt=\"Fjarilarnas_liv\" width=\"150\" height=\"150\" \/><\/a><br \/>\nFj\u00e4rilars liv \u00e4r ett tema d\u00e4r eleverna f\u00e5r f\u00f6lja utvecklingen fr\u00e5n larv till fj\u00e4ril hos tistelfj\u00e4rilen. Eleverna f\u00f6ljer fj\u00e4rilen genom dess liv och skaffar sig en uppfattning om begreppet livscykel. De vidareutvecklar sin f\u00f6rm\u00e5ga att observera och g\u00f6ra anteckningar. Genom att studera fj\u00e4rilens utveckling ut\u00f6kar eleverna \u00e4ven sin f\u00f6rst\u00e5else f\u00f6r fj\u00e4rilen som insekt.<\/p>\n<p>F\u00f6r mer utf\u00f6rlig beskrivning av tema Fj\u00e4rilars liv, se skolutvecklingsprogrammet NTA:s hemsida.<br \/>\n<a title=\"Fj\u00e4rilars liv\" href=\"http:\/\/ntaskolutveckling.se\/Teman\/Fjarilars-liv1\/\" target=\"_blank\" rel=\"noopener\">L\u00e4nk till NTA:s hemsida<\/a><\/p>\n<p>Utbildare i Karlstads kommun: Marianne Johansson<\/p>\n<p><a href=\"https:\/\/karlstadskommunonline.sharepoint.com\/:f:\/s\/Laboratoriet168\/Ekcr-Q6dUb9Mr00D9sRUJb0B0KmdkJAKobm0VTAZakJKKQ?e=yiBjmO\" target=\"_blank\" rel=\"noopener\">H\u00e4r finner du dokument fr\u00e5n utbildningen &gt;<\/a><\/p>\n<p><a href=\"https:\/\/www.google.se\/url?sa=t&amp;rct=j&amp;q=&amp;esrc=s&amp;source=web&amp;cd=1&amp;cad=rja&amp;uact=8&amp;ved=0ahUKEwiXq-u7nrjLAhVkG5oKHT1MDMAQyCkIJDAA&amp;url=https%3A%2F%2Fvimeo.com%2F38247060&amp;usg=AFQjCNFJERphH2g6oBIva_Ge-O8buK_70g&amp;bvm=bv.116573086,d.bGg\">Austens butterfly<\/a> &#8211; fantastisk film om kritik och feedback f\u00f6r att utmana och hj\u00e4lpa elever fram\u00e5t.<\/p>\n","protected":false},"excerpt":{"rendered":"<p>Fj\u00e4rilars liv \u00e4r ett tema d\u00e4r eleverna f\u00e5r f\u00f6lja utvecklingen fr\u00e5n larv till fj\u00e4ril hos tistelfj\u00e4rilen. Eleverna f\u00f6ljer fj\u00e4rilen genom dess liv och skaffar sig en uppfattning om begreppet livscykel. De vidareutvecklar sin f\u00f6rm\u00e5ga att observera och g\u00f6ra anteckningar. Genom att studera fj\u00e4rilens utveckling ut\u00f6kar eleverna \u00e4ven sin f\u00f6rst\u00e5else f\u00f6r fj\u00e4rilen som insekt. F\u00f6r mer &hellip; <\/p>\n<p class=\"link-more\"><a href=\"https:\/\/skola.karlstad.se\/nta\/fjarilars-liv\/\" class=\"more-link\">Forts\u00e4tt l\u00e4sa<span class=\"screen-reader-text\"> \u201dFj\u00e4rilars liv\u201d<\/span><\/a><\/p>\n","protected":false},"author":42,"featured_media":0,"parent":0,"menu_order":0,"comment_status":"closed","ping_status":"closed","template":"","meta":{"footnotes":""},"class_list":["post-3277","page","type-page","status-publish","hentry"],"_links":{"self":[{"href":"https:\/\/skola.karlstad.se\/nta\/wp-json\/wp\/v2\/pages\/3277","targetHints":{"allow":["GET"]}}],"collection":[{"href":"https:\/\/skola.karlstad.se\/nta\/wp-json\/wp\/v2\/pages"}],"about":[{"href":"https:\/\/skola.karlstad.se\/nta\/wp-json\/wp\/v2\/types\/page"}],"author":[{"embeddable":true,"href":"https:\/\/skola.karlstad.se\/nta\/wp-json\/wp\/v2\/users\/42"}],"replies":[{"embeddable":true,"href":"https:\/\/skola.karlstad.se\/nta\/wp-json\/wp\/v2\/comments?post=3277"}],"version-history":[{"count":5,"href":"https:\/\/skola.karlstad.se\/nta\/wp-json\/wp\/v2\/pages\/3277\/revisions"}],"predecessor-version":[{"id":4707,"href":"https:\/\/skola.karlstad.se\/nta\/wp-json\/wp\/v2\/pages\/3277\/revisions\/4707"}],"wp:attachment":[{"href":"https:\/\/skola.karlstad.se\/nta\/wp-json\/wp\/v2\/media?parent=3277"}],"curies":[{"name":"wp","href":"https:\/\/api.w.org\/{rel}","templated":true}]}}