{"id":3282,"date":"2021-04-01T08:13:31","date_gmt":"2021-04-01T06:13:31","guid":{"rendered":"http:\/\/skola.karlstad.se\/nta\/?page_id=3282"},"modified":"2021-04-12T13:56:13","modified_gmt":"2021-04-12T11:56:13","slug":"boktips","status":"publish","type":"page","link":"https:\/\/skola.karlstad.se\/nta\/boktips\/","title":{"rendered":"Boktips"},"content":{"rendered":"<p>Spr\u00e5kanv\u00e4ndningen \u00e4r central i de naturvetenskapliga och tekniska arbetss\u00e4tten. N\u00e4r barn och elever l\u00e4r sig nya begrepp och kan s\u00e4tta in dem i sina r\u00e4tta sammanhang s\u00e5 utvecklas b\u00e5de deras \u00e4mneskunskaper och deras spr\u00e5k. I f\u00f6rskolan b\u00f6rjar barnen utforska genom olika experiment och litteraturen kan hj\u00e4lpa dem att bef\u00e4sta begrepp och stimulera deras nyfikenhet. I grundskolan beh\u00f6ver l\u00e4rare arbeta med spr\u00e5ket i alla \u00e4mnen f\u00f6r att utveckla elevernas vardagsspr\u00e5k, skolspr\u00e5k och \u00e4mnesspr\u00e5k.<\/p>\n<table style=\"border-collapse: collapse;width: 100%\">\n<tbody>\n<tr>\n<td style=\"width: 60.8621%\">Som en hj\u00e4lp f\u00f6r att arbeta med spr\u00e5kutvecklingen i arbetet med NTA har vi i samarbete med Karlstads stadsbibliotek tagit fram boktips f\u00f6r de flesta NTA-teman. De flesta b\u00f6cker finns b\u00e5de p\u00e5 bibliotek och att k\u00f6pa i bokhandel. M\u00e5nga av b\u00f6ckerna finns ocks\u00e5 tillg\u00e4ngliga i Polyglutt.<\/p>\n<p><a href=\"https:\/\/1drv.ms\/f\/s!Au-QaTEFSajYnAiMbAGeIREDi69L\">H\u00e4r hittar du alla listor med boktips &gt;<\/a><br \/>\n(Listorna finns ocks\u00e5 p\u00e5 respektive tema-sida.)<\/td>\n<td style=\"width: 39.1379%\"><a href=\"http:\/\/skola.karlstad.se\/nta\/wp-content\/uploads\/sites\/298\/2021\/04\/Boktips-bild.png\"><img loading=\"lazy\" decoding=\"async\" class=\"wp-image-3289 aligncenter\" src=\"http:\/\/skola.karlstad.se\/nta\/wp-content\/uploads\/sites\/298\/2021\/04\/Boktips-bild.png\" alt=\"\" width=\"202\" height=\"315\" srcset=\"https:\/\/skola.karlstad.se\/nta\/wp-content\/uploads\/sites\/298\/2021\/04\/Boktips-bild.png 541w, https:\/\/skola.karlstad.se\/nta\/wp-content\/uploads\/sites\/298\/2021\/04\/Boktips-bild-192x300.png 192w\" sizes=\"auto, (max-width: 202px) 100vw, 202px\" \/><\/a><\/td>\n<\/tr>\n<\/tbody>\n<\/table>\n<p>F\u00f6r att f\u00e5 hj\u00e4lp med \u00f6vers\u00e4ttning av ord och begrepp om du har barn eller elever med andra modersm\u00e5l s\u00e5 rekommenderas Pedagog V\u00e4rmlands Skolord: <a href=\"http:\/\/www.skolord.se\">www.skolord.se<\/a>.<\/p>\n","protected":false},"excerpt":{"rendered":"<p>Spr\u00e5kanv\u00e4ndningen \u00e4r central i de naturvetenskapliga och tekniska arbetss\u00e4tten. N\u00e4r barn och elever l\u00e4r sig nya begrepp och kan s\u00e4tta in dem i sina r\u00e4tta sammanhang s\u00e5 utvecklas b\u00e5de deras \u00e4mneskunskaper och deras spr\u00e5k. I f\u00f6rskolan b\u00f6rjar barnen utforska genom olika experiment och litteraturen kan hj\u00e4lpa dem att bef\u00e4sta begrepp och stimulera deras nyfikenhet. I &hellip; <\/p>\n<p class=\"link-more\"><a href=\"https:\/\/skola.karlstad.se\/nta\/boktips\/\" class=\"more-link\">Forts\u00e4tt l\u00e4sa<span class=\"screen-reader-text\"> \u201dBoktips\u201d<\/span><\/a><\/p>\n","protected":false},"author":42,"featured_media":0,"parent":0,"menu_order":0,"comment_status":"closed","ping_status":"closed","template":"","meta":{"footnotes":""},"class_list":["post-3282","page","type-page","status-publish","hentry"],"_links":{"self":[{"href":"https:\/\/skola.karlstad.se\/nta\/wp-json\/wp\/v2\/pages\/3282","targetHints":{"allow":["GET"]}}],"collection":[{"href":"https:\/\/skola.karlstad.se\/nta\/wp-json\/wp\/v2\/pages"}],"about":[{"href":"https:\/\/skola.karlstad.se\/nta\/wp-json\/wp\/v2\/types\/page"}],"author":[{"embeddable":true,"href":"https:\/\/skola.karlstad.se\/nta\/wp-json\/wp\/v2\/users\/42"}],"replies":[{"embeddable":true,"href":"https:\/\/skola.karlstad.se\/nta\/wp-json\/wp\/v2\/comments?post=3282"}],"version-history":[{"count":9,"href":"https:\/\/skola.karlstad.se\/nta\/wp-json\/wp\/v2\/pages\/3282\/revisions"}],"predecessor-version":[{"id":3290,"href":"https:\/\/skola.karlstad.se\/nta\/wp-json\/wp\/v2\/pages\/3282\/revisions\/3290"}],"wp:attachment":[{"href":"https:\/\/skola.karlstad.se\/nta\/wp-json\/wp\/v2\/media?parent=3282"}],"curies":[{"name":"wp","href":"https:\/\/api.w.org\/{rel}","templated":true}]}}