{"id":3299,"date":"2021-04-01T09:09:40","date_gmt":"2021-04-01T07:09:40","guid":{"rendered":"http:\/\/skola.karlstad.se\/nta\/?page_id=3299"},"modified":"2021-04-01T09:09:40","modified_gmt":"2021-04-01T07:09:40","slug":"om-kollegialt-larande","status":"publish","type":"page","link":"https:\/\/skola.karlstad.se\/nta\/om-kollegialt-larande\/","title":{"rendered":"Kollegialt l\u00e4rande"},"content":{"rendered":"<p>NTA Skolutveckling har utvecklat en kompetensutbildning med en modell f\u00f6r kollegialt l\u00e4rande. Enligt en enkel arbetsg\u00e5ng bidrar alla deltagare med sin kompetens och erfarenhet i kombination med aktuell forskning.<\/p>\n<p><a href=\"http:\/\/skola.karlstad.se\/nta\/wp-content\/uploads\/sites\/298\/2021\/04\/kollegialt-larande.png\"><img loading=\"lazy\" decoding=\"async\" class=\"alignnone size-full wp-image-3300\" src=\"http:\/\/skola.karlstad.se\/nta\/wp-content\/uploads\/sites\/298\/2021\/04\/kollegialt-larande.png\" alt=\"\" width=\"999\" height=\"463\" srcset=\"https:\/\/skola.karlstad.se\/nta\/wp-content\/uploads\/sites\/298\/2021\/04\/kollegialt-larande.png 999w, https:\/\/skola.karlstad.se\/nta\/wp-content\/uploads\/sites\/298\/2021\/04\/kollegialt-larande-300x139.png 300w, https:\/\/skola.karlstad.se\/nta\/wp-content\/uploads\/sites\/298\/2021\/04\/kollegialt-larande-768x356.png 768w\" sizes=\"auto, (max-width: 767px) 89vw, (max-width: 1000px) 54vw, (max-width: 1071px) 543px, 580px\" \/><\/a><\/p>\n<p>Den f\u00f6rsta studiehandledningen, <b>En studiehandledning f\u00f6r tre tr\u00e4ffar<\/b>, ger didaktiskt st\u00f6d att utveckla arbetss\u00e4tten inom NTA. Omr\u00e5den som tas upp \u00e4r bland annat hur man samlar elevernas tankar och erfarenheter, hur man hj\u00e4lper eleverna att observera n\u00e4r de experimenterar och hur man kan arbeta s\u00e5 att alla elever f\u00e5r tilltro till sitt l\u00e4rande.<\/p>\n<p>Inom NTA-programmet \u00e4r det spr\u00e5kutvecklande arbetss\u00e4ttet i fokus. I varje del av ett uppdrag \u00e4r spr\u00e5ket ett viktigt redskap som hj\u00e4lper eleverna att l\u00e4ra och f\u00f6rst\u00e5 naturvetenskap. H\u00e4r kan den andra studiehandledningen, <b>NTA och kollegialt l\u00e4rande, ett spr\u00e5kutvecklande arbetss\u00e4tt<\/b>, vara ett st\u00f6d f\u00f6r kompetensutveckling.<\/p>\n<p>Den tredje studiehandledningen har ytterligare ett \u00f6vergripande fokus, <b>NTA och kollegialt l\u00e4rande, l\u00e4rande f\u00f6r h\u00e5llbar utveckling.\u00a0<\/b>Med utg\u00e5ngspunkt i de globala m\u00e5len reflekterar pedagogerna hur de kan hj\u00e4lpa eleverna att se helheter, ge dem reellt inflytande, analysera komplexa samband samt f\u00e5 in samh\u00e4llsfr\u00e5gor i den naturvetenskapliga undervisningen.<\/p>\n<table style=\"border-collapse: collapse;width: 100%\">\n<tbody>\n<tr>\n<td style=\"width: 50%\">Gemensamt f\u00f6r alla studiehandledningar \u00e4r att deltagarna f\u00f6rutom att utveckla undervisningen ocks\u00e5 l\u00e4r sig en modell som kan anv\u00e4ndas i andra utvecklingsarbeten. L\u00e4rare utvecklar p\u00e5 m\u00e5nga s\u00e4ttundervisningen f\u00f6r att fr\u00e4mja sina elevers l\u00e4rande. En modell f\u00f6r kollegialt l\u00e4rande \u00e4r ett bra st\u00f6d f\u00f6r att utvecklingen ska g\u00e5 i r\u00e4tt riktning.<\/td>\n<td style=\"width: 50%\"><a href=\"http:\/\/skola.karlstad.se\/nta\/wp-content\/uploads\/sites\/298\/2021\/04\/min-fragestallning.png\"><img loading=\"lazy\" decoding=\"async\" class=\"alignnone size-full wp-image-3301\" src=\"http:\/\/skola.karlstad.se\/nta\/wp-content\/uploads\/sites\/298\/2021\/04\/min-fragestallning.png\" alt=\"\" width=\"610\" height=\"483\" srcset=\"https:\/\/skola.karlstad.se\/nta\/wp-content\/uploads\/sites\/298\/2021\/04\/min-fragestallning.png 610w, https:\/\/skola.karlstad.se\/nta\/wp-content\/uploads\/sites\/298\/2021\/04\/min-fragestallning-300x238.png 300w\" sizes=\"auto, (max-width: 610px) 100vw, 610px\" \/><\/a><\/td>\n<\/tr>\n<\/tbody>\n<\/table>\n<p>Kontakta <a href=\"mailto:jakob.sandin@karlstad.se\">Jakob Sandin<\/a> om du vill veta mer om Kollegialt l\u00e4rande och hur vi skulle kunna arbeta med det p\u00e5 er skola.<\/p>\n","protected":false},"excerpt":{"rendered":"<p>NTA Skolutveckling har utvecklat en kompetensutbildning med en modell f\u00f6r kollegialt l\u00e4rande. Enligt en enkel arbetsg\u00e5ng bidrar alla deltagare med sin kompetens och erfarenhet i kombination med aktuell forskning. Den f\u00f6rsta studiehandledningen, En studiehandledning f\u00f6r tre tr\u00e4ffar, ger didaktiskt st\u00f6d att utveckla arbetss\u00e4tten inom NTA. Omr\u00e5den som tas upp \u00e4r bland annat hur man samlar &hellip; <\/p>\n<p class=\"link-more\"><a href=\"https:\/\/skola.karlstad.se\/nta\/om-kollegialt-larande\/\" class=\"more-link\">Forts\u00e4tt l\u00e4sa<span class=\"screen-reader-text\"> \u201dKollegialt l\u00e4rande\u201d<\/span><\/a><\/p>\n","protected":false},"author":42,"featured_media":0,"parent":0,"menu_order":0,"comment_status":"closed","ping_status":"closed","template":"","meta":{"footnotes":""},"class_list":["post-3299","page","type-page","status-publish","hentry"],"_links":{"self":[{"href":"https:\/\/skola.karlstad.se\/nta\/wp-json\/wp\/v2\/pages\/3299","targetHints":{"allow":["GET"]}}],"collection":[{"href":"https:\/\/skola.karlstad.se\/nta\/wp-json\/wp\/v2\/pages"}],"about":[{"href":"https:\/\/skola.karlstad.se\/nta\/wp-json\/wp\/v2\/types\/page"}],"author":[{"embeddable":true,"href":"https:\/\/skola.karlstad.se\/nta\/wp-json\/wp\/v2\/users\/42"}],"replies":[{"embeddable":true,"href":"https:\/\/skola.karlstad.se\/nta\/wp-json\/wp\/v2\/comments?post=3299"}],"version-history":[{"count":2,"href":"https:\/\/skola.karlstad.se\/nta\/wp-json\/wp\/v2\/pages\/3299\/revisions"}],"predecessor-version":[{"id":3303,"href":"https:\/\/skola.karlstad.se\/nta\/wp-json\/wp\/v2\/pages\/3299\/revisions\/3303"}],"wp:attachment":[{"href":"https:\/\/skola.karlstad.se\/nta\/wp-json\/wp\/v2\/media?parent=3299"}],"curies":[{"name":"wp","href":"https:\/\/api.w.org\/{rel}","templated":true}]}}