{"id":3343,"date":"2021-05-06T07:59:50","date_gmt":"2021-05-06T05:59:50","guid":{"rendered":"http:\/\/skola.karlstad.se\/nta\/?page_id=3343"},"modified":"2023-06-28T11:50:11","modified_gmt":"2023-06-28T09:50:11","slug":"den-smartare-staden","status":"publish","type":"page","link":"https:\/\/skola.karlstad.se\/nta\/den-smartare-staden\/","title":{"rendered":"Den smartare staden"},"content":{"rendered":"<p><a href=\"http:\/\/skola.karlstad.se\/nta\/wp-content\/uploads\/sites\/298\/2021\/05\/DSS.png\"><img loading=\"lazy\" decoding=\"async\" class=\"alignnone wp-image-3341\" src=\"http:\/\/skola.karlstad.se\/nta\/wp-content\/uploads\/sites\/298\/2021\/05\/DSS.png\" alt=\"\" width=\"298\" height=\"162\" srcset=\"https:\/\/skola.karlstad.se\/nta\/wp-content\/uploads\/sites\/298\/2021\/05\/DSS.png 1542w, https:\/\/skola.karlstad.se\/nta\/wp-content\/uploads\/sites\/298\/2021\/05\/DSS-300x163.png 300w, https:\/\/skola.karlstad.se\/nta\/wp-content\/uploads\/sites\/298\/2021\/05\/DSS-1024x555.png 1024w, https:\/\/skola.karlstad.se\/nta\/wp-content\/uploads\/sites\/298\/2021\/05\/DSS-768x416.png 768w, https:\/\/skola.karlstad.se\/nta\/wp-content\/uploads\/sites\/298\/2021\/05\/DSS-1536x833.png 1536w\" sizes=\"auto, (max-width: 298px) 100vw, 298px\" \/><\/a><\/p>\n<p>I temat Den smartare staden analyserar eleverna tekniska system vilka allt mer utnyttjar digital teknik. Eleverna unders\u00f6ker hur denna teknik p\u00e5verkar och f\u00f6r\u00e4ndrar v\u00e5rt samh\u00e4lle och vardagslivet, p\u00e5 gott och ont. I arbetet l\u00f6ser eleverna olika problem kring tekniska system i en stad genom programmering av ett elektroniksystem, en s\u00e5 kallad micro:bit, vilken kopplas samman med externa komponenter.<\/p>\n<p>Temat ger eleverna m\u00f6jligheter att utveckla flera kunskaper och f\u00f6rm\u00e5gor i teknik\u00e4mnets kursplan. Temat syftar till att fr\u00e4mja elevernas medborgerliga bildning och g\u00f6r att de kan utveckla kunskaper och sj\u00e4lvf\u00f6rtroende f\u00f6r att kunna hantera sin tekniska vardag.<\/p>\n<p>Temautbildare i Karlstads kommun: Matilda Herman<\/p>\n<p><a href=\"https:\/\/karlstadskommunonline.sharepoint.com\/:f:\/s\/Laboratoriet168\/Eja8IazBynpBoHqbSzBPZi8B7WYNGfvTUZQIkxGRceydcA?e=7HEiyN\" target=\"_blank\" rel=\"noopener\">H\u00e4r hittar du dokument fr\u00e5n utbildningen &gt;<\/a><\/p>\n<p><a href=\"https:\/\/ntaskolutveckling.nu\/teman\/den-smartare-staden\/\">L\u00e4s mer om temat p\u00e5 ntaskolutveckling.se &gt;<\/a><\/p>\n<p>&nbsp;<\/p>\n","protected":false},"excerpt":{"rendered":"<p>I temat Den smartare staden analyserar eleverna tekniska system vilka allt mer utnyttjar digital teknik. Eleverna unders\u00f6ker hur denna teknik p\u00e5verkar och f\u00f6r\u00e4ndrar v\u00e5rt samh\u00e4lle och vardagslivet, p\u00e5 gott och ont. I arbetet l\u00f6ser eleverna olika problem kring tekniska system i en stad genom programmering av ett elektroniksystem, en s\u00e5 kallad micro:bit, vilken kopplas samman &hellip; <\/p>\n<p class=\"link-more\"><a href=\"https:\/\/skola.karlstad.se\/nta\/den-smartare-staden\/\" class=\"more-link\">Forts\u00e4tt l\u00e4sa<span class=\"screen-reader-text\"> \u201dDen smartare staden\u201d<\/span><\/a><\/p>\n","protected":false},"author":42,"featured_media":0,"parent":0,"menu_order":0,"comment_status":"closed","ping_status":"closed","template":"","meta":{"footnotes":""},"class_list":["post-3343","page","type-page","status-publish","hentry"],"_links":{"self":[{"href":"https:\/\/skola.karlstad.se\/nta\/wp-json\/wp\/v2\/pages\/3343","targetHints":{"allow":["GET"]}}],"collection":[{"href":"https:\/\/skola.karlstad.se\/nta\/wp-json\/wp\/v2\/pages"}],"about":[{"href":"https:\/\/skola.karlstad.se\/nta\/wp-json\/wp\/v2\/types\/page"}],"author":[{"embeddable":true,"href":"https:\/\/skola.karlstad.se\/nta\/wp-json\/wp\/v2\/users\/42"}],"replies":[{"embeddable":true,"href":"https:\/\/skola.karlstad.se\/nta\/wp-json\/wp\/v2\/comments?post=3343"}],"version-history":[{"count":4,"href":"https:\/\/skola.karlstad.se\/nta\/wp-json\/wp\/v2\/pages\/3343\/revisions"}],"predecessor-version":[{"id":4146,"href":"https:\/\/skola.karlstad.se\/nta\/wp-json\/wp\/v2\/pages\/3343\/revisions\/4146"}],"wp:attachment":[{"href":"https:\/\/skola.karlstad.se\/nta\/wp-json\/wp\/v2\/media?parent=3343"}],"curies":[{"name":"wp","href":"https:\/\/api.w.org\/{rel}","templated":true}]}}