{"id":3460,"date":"2021-08-26T11:22:57","date_gmt":"2021-08-26T09:22:57","guid":{"rendered":"http:\/\/skola.karlstad.se\/nta\/?page_id=3460"},"modified":"2023-06-28T11:44:47","modified_gmt":"2023-06-28T09:44:47","slug":"matens-kemi","status":"publish","type":"page","link":"https:\/\/skola.karlstad.se\/nta\/matens-kemi\/","title":{"rendered":"Matens kemi"},"content":{"rendered":"<p><a href=\"http:\/\/skola.karlstad.se\/nta\/wp-content\/uploads\/sites\/298\/2023\/06\/omsl_matens_kemi-beskuren.jpg\"><img loading=\"lazy\" decoding=\"async\" class=\"alignnone  wp-image-4105\" src=\"http:\/\/skola.karlstad.se\/nta\/wp-content\/uploads\/sites\/298\/2023\/06\/omsl_matens_kemi-beskuren.jpg\" alt=\"\" width=\"463\" height=\"258\" srcset=\"https:\/\/skola.karlstad.se\/nta\/wp-content\/uploads\/sites\/298\/2023\/06\/omsl_matens_kemi-beskuren.jpg 719w, https:\/\/skola.karlstad.se\/nta\/wp-content\/uploads\/sites\/298\/2023\/06\/omsl_matens_kemi-beskuren-300x167.jpg 300w\" sizes=\"auto, (max-width: 463px) 100vw, 463px\" \/><\/a><\/p>\n<p>I temat unders\u00f6ker eleverna olika livsmedel\u00a0och tar\u00a0reda p\u00e5 vilka livsn\u00f6dv\u00e4ndiga n\u00e4rings\u00e4mnen de inneh\u00e5ller. De l\u00e4r sig om n\u00e4rings\u00e4mnenas funktion i kroppen och om var och hur olika livsmedel produceras.<\/p>\n<p>F\u00f6r mer utf\u00f6rlig information om Matens kemi, se <a title=\"Matens kemi\" href=\"https:\/\/ntaskolutveckling.nu\/teman\/matens-kemi\/\" target=\"_blank\" rel=\"noopener\">skolutvecklingsprogrammet NTA:s hemsida.<\/a><\/p>\n<p>Utbildare i Karlstads kommun: Kerstin Lumsden<\/p>\n<p><a href=\"https:\/\/karlstadskommunonline.sharepoint.com\/:f:\/s\/Laboratoriet168\/EsQ3ty2K_H1Ivv5IMwV_iw8BlNFUsK72qjXdpYkncJw1GQ?e=e4wMdO\" target=\"_blank\" rel=\"noopener\">H\u00e4r finner du dokumenten fr\u00e5n utbildningen &gt;<\/a><\/p>\n<p>Obs: Till detta tema finns s\u00e4kerhetsdatablad. <a href=\"https:\/\/skola.karlstad.se\/nta\/sakerhetsdatablad\/\">L\u00e4s mer h\u00e4r &gt;<\/a><\/p>\n<p><span style=\"text-decoration: underline\">Tips:<\/span><\/p>\n<ul>\n<li>WWF, <a href=\"https:\/\/www.wwf.se\/utbildning\/larare\/mat\/\">Mat p\u00e5 h\u00e5llbar v\u00e4g &gt;<\/a><\/li>\n<li><a href=\"https:\/\/www.youtube.com\/user\/matgeek\/featured\">Matgeek<\/a><\/li>\n<\/ul>\n","protected":false},"excerpt":{"rendered":"<p>I temat unders\u00f6ker eleverna olika livsmedel\u00a0och tar\u00a0reda p\u00e5 vilka livsn\u00f6dv\u00e4ndiga n\u00e4rings\u00e4mnen de inneh\u00e5ller. De l\u00e4r sig om n\u00e4rings\u00e4mnenas funktion i kroppen och om var och hur olika livsmedel produceras. F\u00f6r mer utf\u00f6rlig information om Matens kemi, se skolutvecklingsprogrammet NTA:s hemsida. Utbildare i Karlstads kommun: Kerstin Lumsden H\u00e4r finner du dokumenten fr\u00e5n utbildningen &gt; Obs: Till &hellip; <\/p>\n<p class=\"link-more\"><a href=\"https:\/\/skola.karlstad.se\/nta\/matens-kemi\/\" class=\"more-link\">Forts\u00e4tt l\u00e4sa<span class=\"screen-reader-text\"> \u201dMatens kemi\u201d<\/span><\/a><\/p>\n","protected":false},"author":42,"featured_media":0,"parent":0,"menu_order":0,"comment_status":"closed","ping_status":"closed","template":"","meta":{"footnotes":""},"class_list":["post-3460","page","type-page","status-publish","hentry"],"_links":{"self":[{"href":"https:\/\/skola.karlstad.se\/nta\/wp-json\/wp\/v2\/pages\/3460","targetHints":{"allow":["GET"]}}],"collection":[{"href":"https:\/\/skola.karlstad.se\/nta\/wp-json\/wp\/v2\/pages"}],"about":[{"href":"https:\/\/skola.karlstad.se\/nta\/wp-json\/wp\/v2\/types\/page"}],"author":[{"embeddable":true,"href":"https:\/\/skola.karlstad.se\/nta\/wp-json\/wp\/v2\/users\/42"}],"replies":[{"embeddable":true,"href":"https:\/\/skola.karlstad.se\/nta\/wp-json\/wp\/v2\/comments?post=3460"}],"version-history":[{"count":4,"href":"https:\/\/skola.karlstad.se\/nta\/wp-json\/wp\/v2\/pages\/3460\/revisions"}],"predecessor-version":[{"id":4141,"href":"https:\/\/skola.karlstad.se\/nta\/wp-json\/wp\/v2\/pages\/3460\/revisions\/4141"}],"wp:attachment":[{"href":"https:\/\/skola.karlstad.se\/nta\/wp-json\/wp\/v2\/media?parent=3460"}],"curies":[{"name":"wp","href":"https:\/\/api.w.org\/{rel}","templated":true}]}}