{"id":3463,"date":"2021-08-26T13:08:38","date_gmt":"2021-08-26T11:08:38","guid":{"rendered":"http:\/\/skola.karlstad.se\/nta\/?page_id=3463"},"modified":"2023-06-28T11:20:54","modified_gmt":"2023-06-28T09:20:54","slug":"forandringar","status":"publish","type":"page","link":"https:\/\/skola.karlstad.se\/nta\/forandringar\/","title":{"rendered":"F\u00f6r\u00e4ndringar"},"content":{"rendered":"<p><a href=\"http:\/\/skola.karlstad.se\/nta\/wp-content\/uploads\/sites\/298\/2014\/05\/F\u00f6r\u00e4ndringar_oval.png\"><img loading=\"lazy\" decoding=\"async\" class=\"alignleft size-full wp-image-314\" src=\"http:\/\/skola.karlstad.se\/nta\/wp-content\/uploads\/sites\/298\/2014\/05\/F\u00f6r\u00e4ndringar_oval.png\" alt=\"F\u00f6r\u00e4ndringar_oval\" width=\"300\" height=\"197\" \/><\/a><\/p>\n<p>&nbsp;<\/p>\n<p>&nbsp;<\/p>\n<p>&nbsp;<\/p>\n<p>&nbsp;<\/p>\n<p>I temat F\u00f6r\u00e4ndringar arbetar eleverna med blandningar av \u00e4mnen och uppt\u00e4cker att \u00e4mnens egenskaper f\u00f6r\u00e4ndras genom kemiska reaktioner och fasf\u00f6r\u00e4ndringar. Temat bygger vidare p\u00e5 det naturvetenskapliga arbetss\u00e4ttet i Fast eller flytande.<\/p>\n<p>Arbetet i temat F\u00f6r\u00e4ndringar startar i elevernas egna tankar om och erfarenheter av f\u00f6r\u00e4ndringar hos n\u00e5gra vardagsf\u00f6rem\u00e5l. De observerar fasf\u00f6r\u00e4ndringar som orsakas av f\u00f6r\u00e4ndringar i den omgivande milj\u00f6n, f\u00f6r att sedan b\u00f6rja unders\u00f6ka vad som h\u00e4nder om man blandar olika \u00e4mnen.<br \/>\nFr\u00e5n att f\u00f6rst ha blandat olika \u00e4mnen \u00f6verg\u00e5r eleverna till att f\u00f6rs\u00f6ka separera olika blandningar.<br \/>\nSlutligen g\u00f6r eleverna unders\u00f6kningar d\u00e4r kemiska reaktioner leder till att nya \u00e4mnen bildas.<\/p>\n<p>F\u00f6r mer utf\u00f6rlig beskrivning av temat, se <a href=\"https:\/\/ntaskolutveckling.nu\/teman\/forandringar\/\" target=\"_blank\" rel=\"noopener\">Skolutvecklingsprogrammet NTA:s hemsida<\/a>.<\/p>\n<p>Utbildare i Karlstads kommun: Petra Fridh<\/p>\n<p><a href=\"https:\/\/karlstadskommunonline.sharepoint.com\/:f:\/s\/Laboratoriet168\/Eh-34853cFpNogEwfN-jyZkB4fXvd_bJOnjxUbTTU_XaFw?e=c83QEk\" target=\"_blank\" rel=\"noopener\">H\u00e4r finner du dokumenten fr\u00e5n utbildningen &gt;<\/a><\/p>\n<p>Obs: Till detta tema finns s\u00e4kerhetsdatablad. <a href=\"https:\/\/skola.karlstad.se\/nta\/sakerhetsdatablad\/\">L\u00e4s mer h\u00e4r &gt;<\/a><\/p>\n","protected":false},"excerpt":{"rendered":"<p>&nbsp; &nbsp; &nbsp; &nbsp; I temat F\u00f6r\u00e4ndringar arbetar eleverna med blandningar av \u00e4mnen och uppt\u00e4cker att \u00e4mnens egenskaper f\u00f6r\u00e4ndras genom kemiska reaktioner och fasf\u00f6r\u00e4ndringar. Temat bygger vidare p\u00e5 det naturvetenskapliga arbetss\u00e4ttet i Fast eller flytande. Arbetet i temat F\u00f6r\u00e4ndringar startar i elevernas egna tankar om och erfarenheter av f\u00f6r\u00e4ndringar hos n\u00e5gra vardagsf\u00f6rem\u00e5l. De observerar fasf\u00f6r\u00e4ndringar &hellip; <\/p>\n<p class=\"link-more\"><a href=\"https:\/\/skola.karlstad.se\/nta\/forandringar\/\" class=\"more-link\">Forts\u00e4tt l\u00e4sa<span class=\"screen-reader-text\"> \u201dF\u00f6r\u00e4ndringar\u201d<\/span><\/a><\/p>\n","protected":false},"author":42,"featured_media":0,"parent":0,"menu_order":0,"comment_status":"closed","ping_status":"closed","template":"","meta":{"footnotes":""},"class_list":["post-3463","page","type-page","status-publish","hentry"],"_links":{"self":[{"href":"https:\/\/skola.karlstad.se\/nta\/wp-json\/wp\/v2\/pages\/3463","targetHints":{"allow":["GET"]}}],"collection":[{"href":"https:\/\/skola.karlstad.se\/nta\/wp-json\/wp\/v2\/pages"}],"about":[{"href":"https:\/\/skola.karlstad.se\/nta\/wp-json\/wp\/v2\/types\/page"}],"author":[{"embeddable":true,"href":"https:\/\/skola.karlstad.se\/nta\/wp-json\/wp\/v2\/users\/42"}],"replies":[{"embeddable":true,"href":"https:\/\/skola.karlstad.se\/nta\/wp-json\/wp\/v2\/comments?post=3463"}],"version-history":[{"count":4,"href":"https:\/\/skola.karlstad.se\/nta\/wp-json\/wp\/v2\/pages\/3463\/revisions"}],"predecessor-version":[{"id":4128,"href":"https:\/\/skola.karlstad.se\/nta\/wp-json\/wp\/v2\/pages\/3463\/revisions\/4128"}],"wp:attachment":[{"href":"https:\/\/skola.karlstad.se\/nta\/wp-json\/wp\/v2\/media?parent=3463"}],"curies":[{"name":"wp","href":"https:\/\/api.w.org\/{rel}","templated":true}]}}