{"id":3471,"date":"2021-09-02T10:35:15","date_gmt":"2021-09-02T08:35:15","guid":{"rendered":"http:\/\/skola.karlstad.se\/nta\/?page_id=3471"},"modified":"2023-06-28T11:17:21","modified_gmt":"2023-06-28T09:17:21","slug":"fasta-amnen-och-vatskor","status":"publish","type":"page","link":"https:\/\/skola.karlstad.se\/nta\/fasta-amnen-och-vatskor\/","title":{"rendered":"Fasta \u00e4mnen och v\u00e4tskor"},"content":{"rendered":"<p><a href=\"http:\/\/skola.karlstad.se\/nta\/wp-content\/uploads\/sites\/298\/2020\/01\/fasta-\u00e4mnen-v\u00e4tskor.png\"><img loading=\"lazy\" decoding=\"async\" class=\"alignnone size-full wp-image-2737\" src=\"http:\/\/skola.karlstad.se\/nta\/wp-content\/uploads\/sites\/298\/2020\/01\/fasta-\u00e4mnen-v\u00e4tskor.png\" alt=\"\" width=\"294\" height=\"190\" \/><\/a><\/p>\n<p>Temats \u00e4mnesm\u00e4ssiga inneh\u00e5ll kan delas in i fyra omr\u00e5den:<\/p>\n<p><strong>Vissa egenskaper hos fasta \u00e4mnen kan observeras med v\u00e5ra sinnen<\/strong>. Eleverna unders\u00f6ker egenskaper hos 20 f\u00f6rem\u00e5l och beskriver deras f\u00e4rg, form och storlek.<\/p>\n<p><strong>Vissa egenskaper hos fast \u00e4mnen kan endast beskrivas med hj\u00e4lp av tester<\/strong>. Eleverna unders\u00f6ker om f\u00f6rem\u00e5l kan rullas eller staplas, vad som p\u00e5verkar hur de rullar, om de flyter eller sjunker i vatten och om de \u00e4r magnetiska. De till\u00e4mpar sitt l\u00e4rande genom att sj\u00e4lva unders\u00f6ka och beskriva egenskaper hos tv\u00e5 nya f\u00f6rem\u00e5l.<\/p>\n<p><strong>V\u00e4tskor har unika egenskaper som kan beskrivas med hj\u00e4lp av observationer och tester<\/strong>. Eleverna observerar, testar och j\u00e4mf\u00f6r hur olika v\u00e4tskor k\u00e4nns att ta p\u00e5 och vilken form de har. De studerar hur v\u00e4tskedroppar ser ut och hur de rinner. De till\u00e4mpar det de l\u00e4rt sig om v\u00e4tskors egenskaper n\u00e4r de sj\u00e4lva unders\u00f6ker tv\u00e5 nya v\u00e4tskor.<\/p>\n<p><strong>Fasta \u00e4mnen och v\u00e4tskor har b\u00e5de likheter och skillnader<\/strong>. Elever testar tillsammans om f\u00f6rem\u00e5len och v\u00e4tskorna leder elektrisk str\u00f6m. De sammanfattar sedan vilka egenskaper som \u00e4r specifika f\u00f6r respektive form av materia, och vilka som \u00e4r gemensamma.<\/p>\n<p>F\u00f6r mer utf\u00f6rlig beskrivning av tema Fast eller flytande, se <a href=\"https:\/\/ntaskolutveckling.nu\/teman\/fasta-amnen-och-vatskor\/\">skolutvecklingsprogrammet NTA:s hemsida<\/a>.<\/p>\n<p>Utbildare i Karlstads kommun: Marianne Ahlstrand<\/p>\n<p><a href=\"https:\/\/karlstadskommunonline.sharepoint.com\/:f:\/s\/Laboratoriet168\/EqehlQAyTOFIl9vE7Q4U4EoBkSAvPmU9iV6cemlbvc61hA?e=oOATqc\">H\u00e4r finner du dokument fr\u00e5n utbildningen&gt;<\/a><\/p>\n<p>&nbsp;<\/p>\n","protected":false},"excerpt":{"rendered":"<p>Temats \u00e4mnesm\u00e4ssiga inneh\u00e5ll kan delas in i fyra omr\u00e5den: Vissa egenskaper hos fasta \u00e4mnen kan observeras med v\u00e5ra sinnen. Eleverna unders\u00f6ker egenskaper hos 20 f\u00f6rem\u00e5l och beskriver deras f\u00e4rg, form och storlek. Vissa egenskaper hos fast \u00e4mnen kan endast beskrivas med hj\u00e4lp av tester. Eleverna unders\u00f6ker om f\u00f6rem\u00e5l kan rullas eller staplas, vad som p\u00e5verkar &hellip; <\/p>\n<p class=\"link-more\"><a href=\"https:\/\/skola.karlstad.se\/nta\/fasta-amnen-och-vatskor\/\" class=\"more-link\">Forts\u00e4tt l\u00e4sa<span class=\"screen-reader-text\"> \u201dFasta \u00e4mnen och v\u00e4tskor\u201d<\/span><\/a><\/p>\n","protected":false},"author":42,"featured_media":0,"parent":0,"menu_order":0,"comment_status":"closed","ping_status":"closed","template":"","meta":{"footnotes":""},"class_list":["post-3471","page","type-page","status-publish","hentry"],"_links":{"self":[{"href":"https:\/\/skola.karlstad.se\/nta\/wp-json\/wp\/v2\/pages\/3471","targetHints":{"allow":["GET"]}}],"collection":[{"href":"https:\/\/skola.karlstad.se\/nta\/wp-json\/wp\/v2\/pages"}],"about":[{"href":"https:\/\/skola.karlstad.se\/nta\/wp-json\/wp\/v2\/types\/page"}],"author":[{"embeddable":true,"href":"https:\/\/skola.karlstad.se\/nta\/wp-json\/wp\/v2\/users\/42"}],"replies":[{"embeddable":true,"href":"https:\/\/skola.karlstad.se\/nta\/wp-json\/wp\/v2\/comments?post=3471"}],"version-history":[{"count":3,"href":"https:\/\/skola.karlstad.se\/nta\/wp-json\/wp\/v2\/pages\/3471\/revisions"}],"predecessor-version":[{"id":4124,"href":"https:\/\/skola.karlstad.se\/nta\/wp-json\/wp\/v2\/pages\/3471\/revisions\/4124"}],"wp:attachment":[{"href":"https:\/\/skola.karlstad.se\/nta\/wp-json\/wp\/v2\/media?parent=3471"}],"curies":[{"name":"wp","href":"https:\/\/api.w.org\/{rel}","templated":true}]}}