{"id":3492,"date":"2021-09-13T09:42:51","date_gmt":"2021-09-13T07:42:51","guid":{"rendered":"http:\/\/skola.karlstad.se\/nta\/?page_id=3492"},"modified":"2023-06-28T11:16:38","modified_gmt":"2023-06-28T09:16:38","slug":"jord","status":"publish","type":"page","link":"https:\/\/skola.karlstad.se\/nta\/jord\/","title":{"rendered":"Jord"},"content":{"rendered":"<p><a href=\"http:\/\/skola.karlstad.se\/nta\/wp-content\/uploads\/sites\/298\/2023\/06\/omsl_jord-beskuren.jpg\"><img loading=\"lazy\" decoding=\"async\" class=\"alignnone size-full wp-image-4103\" src=\"http:\/\/skola.karlstad.se\/nta\/wp-content\/uploads\/sites\/298\/2023\/06\/omsl_jord-beskuren.jpg\" alt=\"\" width=\"564\" height=\"335\" srcset=\"https:\/\/skola.karlstad.se\/nta\/wp-content\/uploads\/sites\/298\/2023\/06\/omsl_jord-beskuren.jpg 564w, https:\/\/skola.karlstad.se\/nta\/wp-content\/uploads\/sites\/298\/2023\/06\/omsl_jord-beskuren-300x178.jpg 300w\" sizes=\"auto, (max-width: 564px) 100vw, 564px\" \/><\/a><\/p>\n<p>I temat unders\u00f6ker eleverna olika egenskaper hos n\u00e5gra jordarter och hur olika egenskaper p\u00e5verkar v\u00e4xters m\u00f6jlighet att gro och v\u00e4xa.<\/p>\n<p>I Jord unders\u00f6ker eleverna olika jordarter och vad maskar har f\u00f6r betydelse f\u00f6r nedbrytning av d\u00f6da v\u00e4xter.<\/p>\n<p>I systematiska f\u00f6rs\u00f6k hittar eleverna egenskaper hos jordarterna som de senare kan koppla till resultaten av experiment med att f\u00e5 fr\u00f6n att gro och v\u00e4xa.<\/p>\n<p>F\u00f6r mer utf\u00f6rlig beskrivning av temat, se <a href=\"https:\/\/ntaskolutveckling.nu\/teman\/jord\/\" target=\"_blank\" rel=\"noopener\">Skolutvecklingsprogrammet NTA:s hemsida<\/a>.<\/p>\n<p>Utbildare i Karlstads Kommun: Petra Fridh<\/p>\n<p><a href=\"https:\/\/karlstadskommunonline.sharepoint.com\/:f:\/s\/Laboratoriet168\/Eti5J8eV-ItBkWQM1JPyZ88BFpxo4DTmTd7Eqb3KSJ6A-A?e=4kyH0k\">H\u00e4r finner du dokument fr\u00e5n temautbildningen &gt;<\/a><\/p>\n","protected":false},"excerpt":{"rendered":"<p>I temat unders\u00f6ker eleverna olika egenskaper hos n\u00e5gra jordarter och hur olika egenskaper p\u00e5verkar v\u00e4xters m\u00f6jlighet att gro och v\u00e4xa. I Jord unders\u00f6ker eleverna olika jordarter och vad maskar har f\u00f6r betydelse f\u00f6r nedbrytning av d\u00f6da v\u00e4xter. I systematiska f\u00f6rs\u00f6k hittar eleverna egenskaper hos jordarterna som de senare kan koppla till resultaten av experiment med &hellip; <\/p>\n<p class=\"link-more\"><a href=\"https:\/\/skola.karlstad.se\/nta\/jord\/\" class=\"more-link\">Forts\u00e4tt l\u00e4sa<span class=\"screen-reader-text\"> \u201dJord\u201d<\/span><\/a><\/p>\n","protected":false},"author":42,"featured_media":0,"parent":0,"menu_order":0,"comment_status":"closed","ping_status":"closed","template":"","meta":{"footnotes":""},"class_list":["post-3492","page","type-page","status-publish","hentry"],"_links":{"self":[{"href":"https:\/\/skola.karlstad.se\/nta\/wp-json\/wp\/v2\/pages\/3492","targetHints":{"allow":["GET"]}}],"collection":[{"href":"https:\/\/skola.karlstad.se\/nta\/wp-json\/wp\/v2\/pages"}],"about":[{"href":"https:\/\/skola.karlstad.se\/nta\/wp-json\/wp\/v2\/types\/page"}],"author":[{"embeddable":true,"href":"https:\/\/skola.karlstad.se\/nta\/wp-json\/wp\/v2\/users\/42"}],"replies":[{"embeddable":true,"href":"https:\/\/skola.karlstad.se\/nta\/wp-json\/wp\/v2\/comments?post=3492"}],"version-history":[{"count":5,"href":"https:\/\/skola.karlstad.se\/nta\/wp-json\/wp\/v2\/pages\/3492\/revisions"}],"predecessor-version":[{"id":4123,"href":"https:\/\/skola.karlstad.se\/nta\/wp-json\/wp\/v2\/pages\/3492\/revisions\/4123"}],"wp:attachment":[{"href":"https:\/\/skola.karlstad.se\/nta\/wp-json\/wp\/v2\/media?parent=3492"}],"curies":[{"name":"wp","href":"https:\/\/api.w.org\/{rel}","templated":true}]}}