{"id":3509,"date":"2021-09-16T09:43:56","date_gmt":"2021-09-16T07:43:56","guid":{"rendered":"http:\/\/skola.karlstad.se\/nta\/?page_id=3509"},"modified":"2023-06-28T11:39:30","modified_gmt":"2023-06-28T09:39:30","slug":"flyta-eller-sjunka","status":"publish","type":"page","link":"https:\/\/skola.karlstad.se\/nta\/flyta-eller-sjunka\/","title":{"rendered":"Flyta eller sjunka"},"content":{"rendered":"<p><a href=\"http:\/\/skola.karlstad.se\/nta\/wp-content\/uploads\/sites\/298\/2014\/04\/FS-oval1.png\"><img loading=\"lazy\" decoding=\"async\" class=\"alignnone size-full wp-image-203\" src=\"http:\/\/skola.karlstad.se\/nta\/wp-content\/uploads\/sites\/298\/2014\/04\/FS-oval1.png\" alt=\"FS oval\" width=\"300\" height=\"201\" \/><\/a><\/p>\n<p>Temat startar i elevernas egna teorier om varf\u00f6r en del f\u00f6rem\u00e5l sjunker och andra flyter. I systematiska unders\u00f6kningar testar de sina teorier f\u00f6r att s\u00e5 sm\u00e5ningom uppt\u00e4cka att alla f\u00f6rem\u00e5l som v\u00e4ger mer \u00e4n samma m\u00e4ngd vatten sjunker och att alla f\u00f6rem\u00e5l som v\u00e4ger mindre \u00e4n samma m\u00e4ngd vatten flyter.<\/p>\n<p>F\u00f6r mer utf\u00f6rlig information om Flyta eller sjunka, se <a title=\"flyta eller sjunka\" href=\"http:\/\/ntaskolutveckling.se\/Teman\/Flyta-eller-sjunka\/\" target=\"_blank\" rel=\"noopener\">skolutvecklingsprogrammet NTA:s hemsida.<\/a><\/p>\n<p>Utbildare i Karlstad Kommun: Ing-Marie H\u00f6jer<\/p>\n<p><a href=\"https:\/\/karlstadskommunonline.sharepoint.com\/:f:\/s\/Laboratoriet168\/ElYIYwMASDFFsltsSitQLEsBMkPUXN8bLX71VJXwS17oNA?e=9puhSc\" target=\"_blank\" rel=\"noopener\">H\u00e4r finner du dokumenten fr\u00e5n utbildningen &gt;<\/a><\/p>\n","protected":false},"excerpt":{"rendered":"<p>Temat startar i elevernas egna teorier om varf\u00f6r en del f\u00f6rem\u00e5l sjunker och andra flyter. I systematiska unders\u00f6kningar testar de sina teorier f\u00f6r att s\u00e5 sm\u00e5ningom uppt\u00e4cka att alla f\u00f6rem\u00e5l som v\u00e4ger mer \u00e4n samma m\u00e4ngd vatten sjunker och att alla f\u00f6rem\u00e5l som v\u00e4ger mindre \u00e4n samma m\u00e4ngd vatten flyter. F\u00f6r mer utf\u00f6rlig information om &hellip; <\/p>\n<p class=\"link-more\"><a href=\"https:\/\/skola.karlstad.se\/nta\/flyta-eller-sjunka\/\" class=\"more-link\">Forts\u00e4tt l\u00e4sa<span class=\"screen-reader-text\"> \u201dFlyta eller sjunka\u201d<\/span><\/a><\/p>\n","protected":false},"author":42,"featured_media":0,"parent":0,"menu_order":0,"comment_status":"closed","ping_status":"closed","template":"","meta":{"footnotes":""},"class_list":["post-3509","page","type-page","status-publish","hentry"],"_links":{"self":[{"href":"https:\/\/skola.karlstad.se\/nta\/wp-json\/wp\/v2\/pages\/3509","targetHints":{"allow":["GET"]}}],"collection":[{"href":"https:\/\/skola.karlstad.se\/nta\/wp-json\/wp\/v2\/pages"}],"about":[{"href":"https:\/\/skola.karlstad.se\/nta\/wp-json\/wp\/v2\/types\/page"}],"author":[{"embeddable":true,"href":"https:\/\/skola.karlstad.se\/nta\/wp-json\/wp\/v2\/users\/42"}],"replies":[{"embeddable":true,"href":"https:\/\/skola.karlstad.se\/nta\/wp-json\/wp\/v2\/comments?post=3509"}],"version-history":[{"count":4,"href":"https:\/\/skola.karlstad.se\/nta\/wp-json\/wp\/v2\/pages\/3509\/revisions"}],"predecessor-version":[{"id":4136,"href":"https:\/\/skola.karlstad.se\/nta\/wp-json\/wp\/v2\/pages\/3509\/revisions\/4136"}],"wp:attachment":[{"href":"https:\/\/skola.karlstad.se\/nta\/wp-json\/wp\/v2\/media?parent=3509"}],"curies":[{"name":"wp","href":"https:\/\/api.w.org\/{rel}","templated":true}]}}