{"id":392,"date":"2014-05-27T12:54:30","date_gmt":"2014-05-27T10:54:30","guid":{"rendered":"http:\/\/skola.karlstad.se\/nta\/?page_id=392"},"modified":"2026-04-08T13:32:31","modified_gmt":"2026-04-08T11:32:31","slug":"hitta-till-laboratoriet","status":"publish","type":"page","link":"https:\/\/skola.karlstad.se\/nta\/hitta-till-laboratoriet\/","title":{"rendered":"Hitta till Laboratoriet"},"content":{"rendered":"<p><span style=\"font-size: 14px;line-height: 1.5em\"><a href=\"http:\/\/skola.karlstad.se\/nta\/wp-content\/uploads\/sites\/298\/2014\/05\/DSC_0198.jpg\"><img loading=\"lazy\" decoding=\"async\" class=\"alignright size-medium wp-image-654\" src=\"http:\/\/skola.karlstad.se\/nta\/wp-content\/uploads\/sites\/298\/2014\/05\/DSC_0198-300x200.jpg\" alt=\"DSC_0198\" width=\"300\" height=\"200\" srcset=\"https:\/\/skola.karlstad.se\/nta\/wp-content\/uploads\/sites\/298\/2014\/05\/DSC_0198-300x200.jpg 300w, https:\/\/skola.karlstad.se\/nta\/wp-content\/uploads\/sites\/298\/2014\/05\/DSC_0198-1024x682.jpg 1024w, https:\/\/skola.karlstad.se\/nta\/wp-content\/uploads\/sites\/298\/2014\/05\/DSC_0198-624x416.jpg 624w\" sizes=\"auto, (max-width: 300px) 100vw, 300px\" \/><\/a><\/span><\/p>\n<p>Laboratoriet ligger p\u00e5 industriomr\u00e5det V\u00e5xn\u00e4s, p\u00e5 Karlstads v\u00e4stra sida med n\u00e4ra kontakt med centrum och E18.<\/p>\n<p>Adress: Kolvgatan 3, 653 41 Karlstad.<\/p>\n<p>E-post: <a href=\"mailto:laboratoriet@karlstad.se\">laboratoriet@karlstad.se<\/a><\/p>\n<p>Tel. nr; Jakob: 054-540 3179, Catarina: 054-540 3253, Nina: 054-540 2933<\/p>\n<p>F\u00f6r att \u00e5ka buss till Laboratoriet g\u00e5r det stadsbussar till Bromsgatan som \u00e4r n\u00e4rmsta h\u00e5llplats. \u00c4nnu flera bussar stannar vid h\u00e5llplats Karlstad innebandyarena och d\u00e4rifr\u00e5n \u00e4r det 10-15 min promenerad. Fr\u00e5n centrum\/busstationen \u00e4r det ca 30 min promenad. S\u00f6k busstider hos <a href=\"https:\/\/www.varmlandstrafik.se\/\" target=\"_blank\" rel=\"noopener\">V\u00e4rmlandstrafik<\/a>.<\/p>\n<p>Parkering finns mellan Kolvgatan 1 och 3 och l\u00e4ngs gatan d\u00e4r det inte \u00e4r utfarter. Det finns \u00e4ven parkering \u00f6ster om Kolvgatan 1. (Tidigare har man kunnat parkera p\u00e5 baksidan av fastigheten men d\u00e4r \u00e4r det inte l\u00e4ngre m\u00f6jligt att parkera.)<\/p>\n<p><a href=\"https:\/\/www.google.se\/maps\/place\/Kolvgatan+3,+653+41+Karlstad\/@59.3895755,13.4761996,17z\/data=!3m1!4b1!4m5!3m4!1s0x465cb3c799a11ed5:0x6f51545320f6bf3d!8m2!3d59.3895728!4d13.4783883\" target=\"_blank\" rel=\"noopener\">L\u00e4nk till karta<\/a><\/p>\n","protected":false},"excerpt":{"rendered":"<p>Laboratoriet ligger p\u00e5 industriomr\u00e5det V\u00e5xn\u00e4s, p\u00e5 Karlstads v\u00e4stra sida med n\u00e4ra kontakt med centrum och E18. Adress: Kolvgatan 3, 653 41 Karlstad. E-post: laboratoriet@karlstad.se Tel. nr; Jakob: 054-540 3179, Catarina: 054-540 3253, Nina: 054-540 2933 F\u00f6r att \u00e5ka buss till Laboratoriet g\u00e5r det stadsbussar till Bromsgatan som \u00e4r n\u00e4rmsta h\u00e5llplats. \u00c4nnu flera bussar stannar vid &hellip; <\/p>\n<p class=\"link-more\"><a href=\"https:\/\/skola.karlstad.se\/nta\/hitta-till-laboratoriet\/\" class=\"more-link\">Forts\u00e4tt l\u00e4sa<span class=\"screen-reader-text\"> \u201dHitta till Laboratoriet\u201d<\/span><\/a><\/p>\n","protected":false},"author":2,"featured_media":0,"parent":0,"menu_order":0,"comment_status":"closed","ping_status":"closed","template":"","meta":{"footnotes":""},"class_list":["post-392","page","type-page","status-publish","hentry"],"_links":{"self":[{"href":"https:\/\/skola.karlstad.se\/nta\/wp-json\/wp\/v2\/pages\/392","targetHints":{"allow":["GET"]}}],"collection":[{"href":"https:\/\/skola.karlstad.se\/nta\/wp-json\/wp\/v2\/pages"}],"about":[{"href":"https:\/\/skola.karlstad.se\/nta\/wp-json\/wp\/v2\/types\/page"}],"author":[{"embeddable":true,"href":"https:\/\/skola.karlstad.se\/nta\/wp-json\/wp\/v2\/users\/2"}],"replies":[{"embeddable":true,"href":"https:\/\/skola.karlstad.se\/nta\/wp-json\/wp\/v2\/comments?post=392"}],"version-history":[{"count":22,"href":"https:\/\/skola.karlstad.se\/nta\/wp-json\/wp\/v2\/pages\/392\/revisions"}],"predecessor-version":[{"id":4800,"href":"https:\/\/skola.karlstad.se\/nta\/wp-json\/wp\/v2\/pages\/392\/revisions\/4800"}],"wp:attachment":[{"href":"https:\/\/skola.karlstad.se\/nta\/wp-json\/wp\/v2\/media?parent=392"}],"curies":[{"name":"wp","href":"https:\/\/api.w.org\/{rel}","templated":true}]}}