{"id":404,"date":"2014-06-05T11:09:32","date_gmt":"2014-06-05T09:09:32","guid":{"rendered":"http:\/\/skola.karlstad.se\/nta\/?page_id=404"},"modified":"2026-04-08T13:19:38","modified_gmt":"2026-04-08T11:19:38","slug":"hamtningsschema","status":"publish","type":"page","link":"https:\/\/skola.karlstad.se\/nta\/hamtningsschema\/","title":{"rendered":"H\u00e4mtningsschema"},"content":{"rendered":"<p>V\u00e5rterminen 2026 kommer alla NTA-l\u00e5dor att h\u00e4mtas in i juni. Mer information kommer under maj m\u00e5nad.<\/p>\n<p>H\u00f6r av er till <a href=\"mailto:laboratoriet@karlstad.se\">laboratoriet@karlstad.se<\/a> om ni har \u00f6nskem\u00e5l om h\u00e4mtningsdag eller andra fr\u00e5gor inf\u00f6r h\u00e4mtning. Meddela g\u00e4rna via mejl om det \u00e4r l\u00e5dor som ni vet att ni vill beh\u00e5lla till n\u00e4sta l\u00e4s\u00e5r.<\/p>\n<table style=\"border-collapse: collapse;width: 100%\">\n<tbody>\n<tr>\n<td style=\"width: 77.4138%\"><b>Viktigt!\u00a0<\/b><strong>Materiallistor skall fyllas i och bifogas i l\u00e5dan. Ni hittar dem i l\u00e5dan eller h\u00e4r p\u00e5 sajten under respektive tema. Alla l\u00e5dor h\u00e4mtas samtidigt vid h\u00e4mtningsst\u00e4llet vid respektive skola\/f\u00f6rskola.<\/strong><\/td>\n<td style=\"width: 22.5862%\"><a href=\"http:\/\/skola.karlstad.se\/nta\/wp-content\/uploads\/sites\/298\/2014\/04\/L\u00e5dor.jpg\"><img loading=\"lazy\" decoding=\"async\" class=\"alignleft size-thumbnail wp-image-170\" src=\"http:\/\/skola.karlstad.se\/nta\/wp-content\/uploads\/sites\/298\/2014\/04\/L\u00e5dor-300x300.jpg\" alt=\"L\u00e5dor\" width=\"150\" height=\"150\" \/><\/a><\/td>\n<\/tr>\n<\/tbody>\n<\/table>\n<p>&nbsp;<\/p>\n","protected":false},"excerpt":{"rendered":"<p>V\u00e5rterminen 2026 kommer alla NTA-l\u00e5dor att h\u00e4mtas in i juni. Mer information kommer under maj m\u00e5nad. H\u00f6r av er till laboratoriet@karlstad.se om ni har \u00f6nskem\u00e5l om h\u00e4mtningsdag eller andra fr\u00e5gor inf\u00f6r h\u00e4mtning. Meddela g\u00e4rna via mejl om det \u00e4r l\u00e5dor som ni vet att ni vill beh\u00e5lla till n\u00e4sta l\u00e4s\u00e5r. Viktigt!\u00a0Materiallistor skall fyllas i och &hellip; <\/p>\n<p class=\"link-more\"><a href=\"https:\/\/skola.karlstad.se\/nta\/hamtningsschema\/\" class=\"more-link\">Forts\u00e4tt l\u00e4sa<span class=\"screen-reader-text\"> \u201dH\u00e4mtningsschema\u201d<\/span><\/a><\/p>\n","protected":false},"author":590,"featured_media":0,"parent":0,"menu_order":0,"comment_status":"closed","ping_status":"closed","template":"","meta":{"footnotes":""},"class_list":["post-404","page","type-page","status-publish","hentry"],"_links":{"self":[{"href":"https:\/\/skola.karlstad.se\/nta\/wp-json\/wp\/v2\/pages\/404","targetHints":{"allow":["GET"]}}],"collection":[{"href":"https:\/\/skola.karlstad.se\/nta\/wp-json\/wp\/v2\/pages"}],"about":[{"href":"https:\/\/skola.karlstad.se\/nta\/wp-json\/wp\/v2\/types\/page"}],"author":[{"embeddable":true,"href":"https:\/\/skola.karlstad.se\/nta\/wp-json\/wp\/v2\/users\/590"}],"replies":[{"embeddable":true,"href":"https:\/\/skola.karlstad.se\/nta\/wp-json\/wp\/v2\/comments?post=404"}],"version-history":[{"count":66,"href":"https:\/\/skola.karlstad.se\/nta\/wp-json\/wp\/v2\/pages\/404\/revisions"}],"predecessor-version":[{"id":4795,"href":"https:\/\/skola.karlstad.se\/nta\/wp-json\/wp\/v2\/pages\/404\/revisions\/4795"}],"wp:attachment":[{"href":"https:\/\/skola.karlstad.se\/nta\/wp-json\/wp\/v2\/media?parent=404"}],"curies":[{"name":"wp","href":"https:\/\/api.w.org\/{rel}","templated":true}]}}