{"id":4419,"date":"2024-04-15T15:40:28","date_gmt":"2024-04-15T13:40:28","guid":{"rendered":"https:\/\/skola.karlstad.se\/nta\/?page_id=4419"},"modified":"2024-04-15T15:50:51","modified_gmt":"2024-04-15T13:50:51","slug":"evolution-genetik-och-genteknik","status":"publish","type":"page","link":"https:\/\/skola.karlstad.se\/nta\/evolution-genetik-och-genteknik\/","title":{"rendered":"Evolution, genetik och genteknik"},"content":{"rendered":"<p><a href=\"http:\/\/skola.karlstad.se\/nta\/wp-content\/uploads\/sites\/298\/2024\/04\/EGG-liten.jpg\"><img loading=\"lazy\" decoding=\"async\" class=\"alignnone size-full wp-image-4417\" src=\"http:\/\/skola.karlstad.se\/nta\/wp-content\/uploads\/sites\/298\/2024\/04\/EGG-liten.jpg\" alt=\"\" width=\"366\" height=\"214\" srcset=\"https:\/\/skola.karlstad.se\/nta\/wp-content\/uploads\/sites\/298\/2024\/04\/EGG-liten.jpg 366w, https:\/\/skola.karlstad.se\/nta\/wp-content\/uploads\/sites\/298\/2024\/04\/EGG-liten-300x175.jpg 300w\" sizes=\"auto, (max-width: 366px) 100vw, 366px\" \/><\/a><\/p>\n<p>Temat Evolution, genetik och genteknik \u00e4r t\u00e4nkt som ett komplement till den ordinarie undervisningen. Temat st\u00e4rker elevernas l\u00e4rande med hj\u00e4lp av visualiseringar och simuleringar. Syftet \u00e4r inte att vara ett helt\u00e4ckande l\u00e4romedel kring evolution, genetik och genteknik, utan temat fokuserar p\u00e5 de delar av evolutionen som visat sig vara sv\u00e5ra f\u00f6r elever att f\u00f6rst\u00e5 genom traditionell undervisning.<\/p>\n<p>Temat inneh\u00e5ller fem uppdrag vilka i sin tur best\u00e5r av ett antal uppgifter. Uppdragen presenteras f\u00f6r eleverna inom ramen f\u00f6r en ber\u00e4ttelse. Ramber\u00e4ttelsens syfte \u00e4r att motivera eleverna att g\u00e5 vidare till n\u00e4sta steg i uppdragen, f\u00f6r att f\u00e5 veta vad som h\u00e4nder h\u00e4rn\u00e4st.<\/p>\n<p>Temautbildare i Karlstads kommun: (ej klart)<\/p>\n<p><a href=\"https:\/\/karlstadskommunonline.sharepoint.com\/:f:\/s\/Laboratoriet168\/EhlNtVTXR9BBu2dkd5DF5bkBzmc0cymEDsnyYN9YGnwQag?e=1hMw1t\">H\u00e4r hittar du dokument fr\u00e5n utbildningen &gt;<\/a><\/p>\n<p><a href=\"https:\/\/ntaskolutveckling.nu\/teman\/evolution-genetik-och-genteknik\/\">L\u00e4s mer om temat p\u00e5 ntaskolutveckling.se &gt;<\/a><\/p>\n","protected":false},"excerpt":{"rendered":"<p>Temat Evolution, genetik och genteknik \u00e4r t\u00e4nkt som ett komplement till den ordinarie undervisningen. Temat st\u00e4rker elevernas l\u00e4rande med hj\u00e4lp av visualiseringar och simuleringar. Syftet \u00e4r inte att vara ett helt\u00e4ckande l\u00e4romedel kring evolution, genetik och genteknik, utan temat fokuserar p\u00e5 de delar av evolutionen som visat sig vara sv\u00e5ra f\u00f6r elever att f\u00f6rst\u00e5 genom &hellip; <\/p>\n<p class=\"link-more\"><a href=\"https:\/\/skola.karlstad.se\/nta\/evolution-genetik-och-genteknik\/\" class=\"more-link\">Forts\u00e4tt l\u00e4sa<span class=\"screen-reader-text\"> \u201dEvolution, genetik och genteknik\u201d<\/span><\/a><\/p>\n","protected":false},"author":42,"featured_media":0,"parent":0,"menu_order":0,"comment_status":"closed","ping_status":"closed","template":"","meta":{"footnotes":""},"class_list":["post-4419","page","type-page","status-publish","hentry"],"_links":{"self":[{"href":"https:\/\/skola.karlstad.se\/nta\/wp-json\/wp\/v2\/pages\/4419","targetHints":{"allow":["GET"]}}],"collection":[{"href":"https:\/\/skola.karlstad.se\/nta\/wp-json\/wp\/v2\/pages"}],"about":[{"href":"https:\/\/skola.karlstad.se\/nta\/wp-json\/wp\/v2\/types\/page"}],"author":[{"embeddable":true,"href":"https:\/\/skola.karlstad.se\/nta\/wp-json\/wp\/v2\/users\/42"}],"replies":[{"embeddable":true,"href":"https:\/\/skola.karlstad.se\/nta\/wp-json\/wp\/v2\/comments?post=4419"}],"version-history":[{"count":2,"href":"https:\/\/skola.karlstad.se\/nta\/wp-json\/wp\/v2\/pages\/4419\/revisions"}],"predecessor-version":[{"id":4422,"href":"https:\/\/skola.karlstad.se\/nta\/wp-json\/wp\/v2\/pages\/4419\/revisions\/4422"}],"wp:attachment":[{"href":"https:\/\/skola.karlstad.se\/nta\/wp-json\/wp\/v2\/media?parent=4419"}],"curies":[{"name":"wp","href":"https:\/\/api.w.org\/{rel}","templated":true}]}}