{"id":4717,"date":"2025-09-24T11:32:26","date_gmt":"2025-09-24T09:32:26","guid":{"rendered":"https:\/\/skola.karlstad.se\/nta\/?page_id=4717"},"modified":"2025-09-24T11:32:26","modified_gmt":"2025-09-24T09:32:26","slug":"matematik-i-olika-larmiljoer","status":"publish","type":"page","link":"https:\/\/skola.karlstad.se\/nta\/matematik-i-olika-larmiljoer\/","title":{"rendered":"Matematik i olika l\u00e4rmilj\u00f6er"},"content":{"rendered":"<p><a href=\"http:\/\/skola.karlstad.se\/nta\/wp-content\/uploads\/sites\/298\/2024\/12\/bild-till-flodet-1.jpg\"><img loading=\"lazy\" decoding=\"async\" class=\"alignnone size-full wp-image-4575\" src=\"http:\/\/skola.karlstad.se\/nta\/wp-content\/uploads\/sites\/298\/2024\/12\/bild-till-flodet-1.jpg\" alt=\"\" width=\"1074\" height=\"620\" srcset=\"https:\/\/skola.karlstad.se\/nta\/wp-content\/uploads\/sites\/298\/2024\/12\/bild-till-flodet-1.jpg 1074w, https:\/\/skola.karlstad.se\/nta\/wp-content\/uploads\/sites\/298\/2024\/12\/bild-till-flodet-1-300x173.jpg 300w, https:\/\/skola.karlstad.se\/nta\/wp-content\/uploads\/sites\/298\/2024\/12\/bild-till-flodet-1-1024x591.jpg 1024w, https:\/\/skola.karlstad.se\/nta\/wp-content\/uploads\/sites\/298\/2024\/12\/bild-till-flodet-1-768x443.jpg 768w\" sizes=\"auto, (max-width: 767px) 89vw, (max-width: 1000px) 54vw, (max-width: 1071px) 543px, 580px\" \/><\/a><\/p>\n<p>NTA-temat <em>Matematik i olika l\u00e4rmilj\u00f6er <\/em>\u00e4r ett tema f\u00f6r f\u00f6rskolan som ger barnen f\u00f6ruts\u00e4ttningar att utveckla sin nyfikenhet och f\u00f6rst\u00e5else f\u00f6r matematik. Barnen ges m\u00f6jlighet att anv\u00e4nda matematik f\u00f6r att unders\u00f6ka och beskriva sin omv\u00e4rld samt l\u00f6sa vardagliga problem.<\/p>\n<p>Temats \u00e4mnesm\u00e4ssiga inneh\u00e5ll \u00e4r uppdelat p\u00e5 tre avsnitt:<\/p>\n<ul>\n<li><strong>Avsnitt 1: Rum, form och m\u00f6nster\u00a0<\/strong>I temats f\u00f6rsta avsnitt ges barnen m\u00f6jlighet att utveckla sin f\u00f6rst\u00e5else f\u00f6r rum, form och m\u00f6nster, det vill s\u00e4ga spatiala relationer som de upplever i sin omv\u00e4rld.<\/li>\n<li><strong>Avsnitt 2: Taluppfattning\u00a0<\/strong>I det andra avsnittet ges barnen m\u00f6jlighet att utveckla sin f\u00f6rst\u00e5else f\u00f6r tal och antal samt sina grundl\u00e4ggande r\u00e4knef\u00e4rdigheter, insikter som \u00e4r n\u00f6dv\u00e4ndiga f\u00f6r att l\u00f6sa m\u00e5nga problem i vardagen. Barnen kommer genom uppdragen att ges f\u00f6rut\u00ads\u00e4ttningar att utveckla en stabil r\u00e4kneramsa och f\u00e5 en f\u00f6rst\u00e5else f\u00f6r grundl\u00e4ggande egenskaper hos tal, antal och m\u00e4ngder.<\/li>\n<li><strong>Avsnitt 3: M\u00e4tning\u00a0<\/strong>Det tredje avsnittet bidrar till att barnen ges m\u00f6jlighet att utveckla sin f\u00f6rst\u00e5else f\u00f6r m\u00e4tning, d\u00e5 de genomf\u00f6r unders\u00f6kningar i meningsfulla sammanhang. Att kunna m\u00e4ta \u00e4r en central f\u00e4rdighet i matematik. Barnen kommer genom uppdragen att ges f\u00f6ruts\u00e4ttningar att utveckla f\u00f6rst\u00e5else f\u00f6r m\u00e4tning av l\u00e4ngd, avst\u00e5nd, volym, vikt och tid.<\/li>\n<\/ul>\n<p>F\u00f6r mer utf\u00f6rlig beskrivning av tema Matematik i olika l\u00e4rmilj\u00f6er, se skolutvecklingsprogrammet NTA:s hemsida: <a title=\"Vatten\" href=\"https:\/\/ntaskolutveckling.nu\/teman\/tema-matematik-i-olika-larmiljoer\/\" target=\"_blank\" rel=\"noopener noreferrer\">L\u00e4nk till NTA:s hemsida<\/a><\/p>\n<p>Temautbildare i Karlstads kommun: Nina Holm, Tiffany H\u00f6gberg, Diana Lindberg, Anna Eklund, Ann-Marie Jonasson, Elin Wallqvist<\/p>\n<p><a href=\"https:\/\/karlstadskommunonline.sharepoint.com\/:w:\/s\/Laboratoriet168\/Ef1188q3PdZLqzShKB5I6c8BJT2bg2s512dOicyIb7ddXg?e=dhOJQf\" target=\"_blank\" rel=\"noopener\">H\u00e4r hittar du materiallistan &gt;<\/a><\/p>\n","protected":false},"excerpt":{"rendered":"<p>NTA-temat Matematik i olika l\u00e4rmilj\u00f6er \u00e4r ett tema f\u00f6r f\u00f6rskolan som ger barnen f\u00f6ruts\u00e4ttningar att utveckla sin nyfikenhet och f\u00f6rst\u00e5else f\u00f6r matematik. Barnen ges m\u00f6jlighet att anv\u00e4nda matematik f\u00f6r att unders\u00f6ka och beskriva sin omv\u00e4rld samt l\u00f6sa vardagliga problem. Temats \u00e4mnesm\u00e4ssiga inneh\u00e5ll \u00e4r uppdelat p\u00e5 tre avsnitt: Avsnitt 1: Rum, form och m\u00f6nster\u00a0I temats f\u00f6rsta &hellip; <\/p>\n<p class=\"link-more\"><a href=\"https:\/\/skola.karlstad.se\/nta\/matematik-i-olika-larmiljoer\/\" class=\"more-link\">Forts\u00e4tt l\u00e4sa<span class=\"screen-reader-text\"> \u201dMatematik i olika l\u00e4rmilj\u00f6er\u201d<\/span><\/a><\/p>\n","protected":false},"author":42,"featured_media":0,"parent":0,"menu_order":0,"comment_status":"closed","ping_status":"closed","template":"","meta":{"footnotes":""},"class_list":["post-4717","page","type-page","status-publish","hentry"],"_links":{"self":[{"href":"https:\/\/skola.karlstad.se\/nta\/wp-json\/wp\/v2\/pages\/4717","targetHints":{"allow":["GET"]}}],"collection":[{"href":"https:\/\/skola.karlstad.se\/nta\/wp-json\/wp\/v2\/pages"}],"about":[{"href":"https:\/\/skola.karlstad.se\/nta\/wp-json\/wp\/v2\/types\/page"}],"author":[{"embeddable":true,"href":"https:\/\/skola.karlstad.se\/nta\/wp-json\/wp\/v2\/users\/42"}],"replies":[{"embeddable":true,"href":"https:\/\/skola.karlstad.se\/nta\/wp-json\/wp\/v2\/comments?post=4717"}],"version-history":[{"count":1,"href":"https:\/\/skola.karlstad.se\/nta\/wp-json\/wp\/v2\/pages\/4717\/revisions"}],"predecessor-version":[{"id":4718,"href":"https:\/\/skola.karlstad.se\/nta\/wp-json\/wp\/v2\/pages\/4717\/revisions\/4718"}],"wp:attachment":[{"href":"https:\/\/skola.karlstad.se\/nta\/wp-json\/wp\/v2\/media?parent=4717"}],"curies":[{"name":"wp","href":"https:\/\/api.w.org\/{rel}","templated":true}]}}