{"id":517,"date":"2014-06-17T13:06:30","date_gmt":"2014-06-17T11:06:30","guid":{"rendered":"http:\/\/skola.karlstad.se\/nta\/?page_id=517"},"modified":"2023-01-02T14:59:52","modified_gmt":"2023-01-02T13:59:52","slug":"category-material","status":"publish","type":"page","link":"https:\/\/skola.karlstad.se\/nta\/category-material\/","title":{"rendered":"Material"},"content":{"rendered":"<p>Laboratoriet ligger p\u00e5 omr\u00e5det V\u00e5xn\u00e4s i Karlstad och fungerar som nav f\u00f6r NTA.<br \/>\nP\u00e5 Laboratoriet samordnas och packas all den utrustning som ing\u00e5r i NTA-undervisningen. En kontaktperson p\u00e5 varje skola best\u00e4ller material fr\u00e5n Laboratoriet som distribuerar temal\u00e5dorna till respektive skola. Det \u00e4r endast pedagoger utbildade i respektive NTA-tema som f\u00e5r arbeta med materialet.<\/p>\n<p>Har du fr\u00e5gor g\u00e4llande materialet kan du v\u00e4nda dig till din kontaktperson eller personalen p\u00e5 Laboratoriet, laboratoriet@karlstad.se eller 054-540 31 79<\/p>\n<p><a href=\"http:\/\/skola.karlstad.se\/nta\/kontaktpersoner\/\">H\u00e4r \u00e4r en lista p\u00e5 kontaktpersonerna &gt;&gt;<\/a><\/p>\n<p>&nbsp;<\/p>\n","protected":false},"excerpt":{"rendered":"<p>Laboratoriet ligger p\u00e5 omr\u00e5det V\u00e5xn\u00e4s i Karlstad och fungerar som nav f\u00f6r NTA. P\u00e5 Laboratoriet samordnas och packas all den utrustning som ing\u00e5r i NTA-undervisningen. En kontaktperson p\u00e5 varje skola best\u00e4ller material fr\u00e5n Laboratoriet som distribuerar temal\u00e5dorna till respektive skola. Det \u00e4r endast pedagoger utbildade i respektive NTA-tema som f\u00e5r arbeta med materialet. Har du &hellip; <\/p>\n<p class=\"link-more\"><a href=\"https:\/\/skola.karlstad.se\/nta\/category-material\/\" class=\"more-link\">Forts\u00e4tt l\u00e4sa<span class=\"screen-reader-text\"> \u201dMaterial\u201d<\/span><\/a><\/p>\n","protected":false},"author":590,"featured_media":0,"parent":0,"menu_order":0,"comment_status":"closed","ping_status":"closed","template":"","meta":{"footnotes":""},"class_list":["post-517","page","type-page","status-publish","hentry"],"_links":{"self":[{"href":"https:\/\/skola.karlstad.se\/nta\/wp-json\/wp\/v2\/pages\/517","targetHints":{"allow":["GET"]}}],"collection":[{"href":"https:\/\/skola.karlstad.se\/nta\/wp-json\/wp\/v2\/pages"}],"about":[{"href":"https:\/\/skola.karlstad.se\/nta\/wp-json\/wp\/v2\/types\/page"}],"author":[{"embeddable":true,"href":"https:\/\/skola.karlstad.se\/nta\/wp-json\/wp\/v2\/users\/590"}],"replies":[{"embeddable":true,"href":"https:\/\/skola.karlstad.se\/nta\/wp-json\/wp\/v2\/comments?post=517"}],"version-history":[{"count":19,"href":"https:\/\/skola.karlstad.se\/nta\/wp-json\/wp\/v2\/pages\/517\/revisions"}],"predecessor-version":[{"id":3876,"href":"https:\/\/skola.karlstad.se\/nta\/wp-json\/wp\/v2\/pages\/517\/revisions\/3876"}],"wp:attachment":[{"href":"https:\/\/skola.karlstad.se\/nta\/wp-json\/wp\/v2\/media?parent=517"}],"curies":[{"name":"wp","href":"https:\/\/api.w.org\/{rel}","templated":true}]}}