{"id":862,"date":"2015-05-19T11:09:14","date_gmt":"2015-05-19T09:09:14","guid":{"rendered":"http:\/\/skola.karlstad.se\/nta\/?page_id=862"},"modified":"2022-12-20T15:13:47","modified_gmt":"2022-12-20T14:13:47","slug":"anmalan-utbildningar","status":"publish","type":"page","link":"https:\/\/skola.karlstad.se\/nta\/anmalan-utbildningar\/","title":{"rendered":"Anm\u00e4lan till utbildningar"},"content":{"rendered":"<p><strong>Grundskolans utbildningar vt 2022<\/strong><\/p>\n<p>Sista anm\u00e4lningsdag f\u00f6r grundskolans utbildningar vt 2022 var fredagen den 25 november. Kontakta laboratoriet@karlstad.se (eller 054-5403179) om du har fr\u00e5gor om anm\u00e4lningar och platser p\u00e5 utbildningar.<\/p>\n<p><a href=\"http:\/\/skola.karlstad.se\/nta\/utbildningar\/\">L\u00e4nk till utbildningsschema &gt;<\/a><\/p>\n<p>&nbsp;<\/p>\n<p><strong>F\u00f6rskolans utbildningar 2022<\/strong><\/p>\n<p>Sista anm\u00e4lningsdag f\u00f6r f\u00f6rskolans utbildningar var den 19 oktober. H\u00f6r av dig till laboratoriet@karlstad.se om du har fr\u00e5gor om utbildningarna.<\/p>\n<p><a href=\"http:\/\/skola.karlstad.se\/nta\/utbildningar\/\">L\u00e4nk till utbildningsschema &gt;<\/a><\/p>\n<p><a style=\"font-size: 1rem\" href=\"https:\/\/karlstadskommunonline.sharepoint.com\/:x:\/s\/Laboratoriet168\/Ed-dNyZ-Ws9JmUXOCes2dSQBQKZkzRR99DhaFsbfJ6gaBQ?e=Vrdo1p\" target=\"_blank\" rel=\"noopener noreferrer\">H\u00e4r finner du en lista \u00f6ver utbildade f\u00f6rskolepedagoger &gt;<\/a><\/p>\n<p>&nbsp;<\/p>\n<p>&nbsp;<\/p>\n<p>&nbsp;<\/p>\n<p>&nbsp;<\/p>\n<p>&nbsp;<\/p>\n<p>&nbsp;<\/p>\n<p>&nbsp;<\/p>\n<p>&nbsp;<\/p>\n<p>&nbsp;<\/p>\n<p>&nbsp;<\/p>\n<p>&nbsp;<\/p>\n","protected":false},"excerpt":{"rendered":"<p>Grundskolans utbildningar vt 2022 Sista anm\u00e4lningsdag f\u00f6r grundskolans utbildningar vt 2022 var fredagen den 25 november. Kontakta laboratoriet@karlstad.se (eller 054-5403179) om du har fr\u00e5gor om anm\u00e4lningar och platser p\u00e5 utbildningar. L\u00e4nk till utbildningsschema &gt; &nbsp; F\u00f6rskolans utbildningar 2022 Sista anm\u00e4lningsdag f\u00f6r f\u00f6rskolans utbildningar var den 19 oktober. H\u00f6r av dig till laboratoriet@karlstad.se om du har &hellip; <\/p>\n<p class=\"link-more\"><a href=\"https:\/\/skola.karlstad.se\/nta\/anmalan-utbildningar\/\" class=\"more-link\">Forts\u00e4tt l\u00e4sa<span class=\"screen-reader-text\"> \u201dAnm\u00e4lan till utbildningar\u201d<\/span><\/a><\/p>\n","protected":false},"author":590,"featured_media":0,"parent":0,"menu_order":0,"comment_status":"closed","ping_status":"closed","template":"","meta":{"footnotes":""},"class_list":["post-862","page","type-page","status-publish","hentry"],"_links":{"self":[{"href":"https:\/\/skola.karlstad.se\/nta\/wp-json\/wp\/v2\/pages\/862","targetHints":{"allow":["GET"]}}],"collection":[{"href":"https:\/\/skola.karlstad.se\/nta\/wp-json\/wp\/v2\/pages"}],"about":[{"href":"https:\/\/skola.karlstad.se\/nta\/wp-json\/wp\/v2\/types\/page"}],"author":[{"embeddable":true,"href":"https:\/\/skola.karlstad.se\/nta\/wp-json\/wp\/v2\/users\/590"}],"replies":[{"embeddable":true,"href":"https:\/\/skola.karlstad.se\/nta\/wp-json\/wp\/v2\/comments?post=862"}],"version-history":[{"count":106,"href":"https:\/\/skola.karlstad.se\/nta\/wp-json\/wp\/v2\/pages\/862\/revisions"}],"predecessor-version":[{"id":3870,"href":"https:\/\/skola.karlstad.se\/nta\/wp-json\/wp\/v2\/pages\/862\/revisions\/3870"}],"wp:attachment":[{"href":"https:\/\/skola.karlstad.se\/nta\/wp-json\/wp\/v2\/media?parent=862"}],"curies":[{"name":"wp","href":"https:\/\/api.w.org\/{rel}","templated":true}]}}