{"id":902,"date":"2015-05-25T10:41:29","date_gmt":"2015-05-25T08:41:29","guid":{"rendered":"http:\/\/skola.karlstad.se\/nta\/?page_id=902"},"modified":"2026-05-12T09:45:39","modified_gmt":"2026-05-12T07:45:39","slug":"utbildningar","status":"publish","type":"page","link":"https:\/\/skola.karlstad.se\/nta\/utbildningar\/","title":{"rendered":"Utbildningar"},"content":{"rendered":"<p><strong>Grundskolans utbildningar ht 2026<\/strong><\/p>\n<p>H\u00e4r nedan \u00e4r utbildningsschemat f\u00f6r grundskolans temautbildningar h\u00f6stterminen 2026.<\/p>\n<p><strong><a href=\"http:\/\/px.nu\/ffy53\" target=\"_blank\" rel=\"noopener\">Kontaktpersoner och samordnare anm\u00e4ler h\u00e4r senast fredag 22 maj<\/a><\/strong><\/p>\n<p>Mejla <a href=\"mailto:laboratoriet@karlstad.se\">laboratoriet@karlstad.se<\/a> om du har n\u00e5gra fr\u00e5gor. Dit kan du ocks\u00e5 mejla om du \u00e4r os\u00e4ker p\u00e5 vilka utbildningar du g\u00e5tt tidigare.<\/p>\n<table style=\"width: 109.483%\" width=\"94%\">\n<tbody>\n<tr>\n<td style=\"width: 12%\" width=\"12%\"><strong>Datum<\/strong><\/td>\n<td style=\"width: 39.4483%\" width=\"36%\"><strong>Utbildning<\/strong><\/td>\n<td style=\"width: 30.3793%\" width=\"29%\"><strong>Utbildare<\/strong><\/td>\n<td style=\"width: 23.6552%\" width=\"19%\"><strong>Tid<\/strong><\/td>\n<\/tr>\n<tr>\n<td style=\"width: 12%\" width=\"12%\">10 aug<\/td>\n<td style=\"width: 39.4483%\" width=\"36%\">Introduktionsutbildning*<\/td>\n<td style=\"width: 30.3793%\" width=\"29%\">Jakob Sandin<\/td>\n<td style=\"width: 23.6552%\" width=\"19%\">13.00-16.00<\/td>\n<\/tr>\n<tr>\n<td style=\"width: 12%\" width=\"12%\">11 aug<\/td>\n<td style=\"width: 39.4483%\" width=\"36%\">J\u00e4mf\u00f6ra och m\u00e4ta<\/td>\n<td style=\"width: 30.3793%\" width=\"29%\">Elisa Bj\u00f6rkman<\/td>\n<td style=\"width: 23.6552%\" width=\"19%\">9.00-16.00<\/td>\n<\/tr>\n<tr>\n<td style=\"width: 12%\" width=\"12%\">11 aug<\/td>\n<td style=\"width: 39.4483%\" width=\"36%\">Jord<\/td>\n<td style=\"width: 30.3793%\" width=\"29%\">Petra Fridh<\/td>\n<td style=\"width: 23.6552%\" width=\"19%\">9.00-16.00<\/td>\n<\/tr>\n<tr>\n<td style=\"width: 12%\" width=\"12%\">11 aug<\/td>\n<td style=\"width: 39.4483%\" width=\"36%\">Upplev fysik och kemi<\/td>\n<td style=\"width: 30.3793%\" width=\"29%\">Viviana Lind<\/td>\n<td style=\"width: 23.6552%\" width=\"19%\">9.00-16.00<\/td>\n<\/tr>\n<tr>\n<td style=\"width: 12%\" width=\"12%\">11 aug<\/td>\n<td style=\"width: 39.4483%\" width=\"36%\">Balansera och v\u00e4ga<\/td>\n<td style=\"width: 30.3793%\" width=\"29%\">Marianne Ahlstrand<\/td>\n<td style=\"width: 23.6552%\" width=\"19%\">9.00-16.00<\/td>\n<\/tr>\n<tr>\n<td style=\"width: 12%\" width=\"12%\">11 aug<\/td>\n<td style=\"width: 39.4483%\" width=\"36%\">Kemif\u00f6rs\u00f6k<\/td>\n<td style=\"width: 30.3793%\" width=\"29%\">Marianne Johansson<\/td>\n<td style=\"width: 23.6552%\" width=\"19%\">9.00-16.00<\/td>\n<\/tr>\n<tr>\n<td style=\"width: 12%\" width=\"12%\">12 aug<\/td>\n<td style=\"width: 39.4483%\" width=\"36%\">Matens kemi<\/td>\n<td style=\"width: 30.3793%\" width=\"29%\">Kerstin Lumsden<\/td>\n<td style=\"width: 23.6552%\" width=\"19%\">9.00-16.00<\/td>\n<\/tr>\n<tr>\n<td style=\"width: 12%\" width=\"12%\">12 aug<\/td>\n<td style=\"width: 39.4483%\" width=\"36%\">Flyta eller sjunka<\/td>\n<td style=\"width: 30.3793%\" width=\"29%\">Ing-Marie H\u00f6jer<\/td>\n<td style=\"width: 23.6552%\" width=\"19%\">9.00-16.00<\/td>\n<\/tr>\n<tr>\n<td style=\"width: 12%\" width=\"12%\">12 aug<\/td>\n<td style=\"width: 39.4483%\" width=\"36%\">Smartare produkter<\/td>\n<td style=\"width: 30.3793%\" width=\"29%\">Mia Toreld<\/td>\n<td style=\"width: 23.6552%\" width=\"19%\">9.00-16.00<\/td>\n<\/tr>\n<tr>\n<td style=\"width: 12%\" width=\"12%\">14 aug &#8211; nytt datum<\/td>\n<td style=\"width: 39.4483%\" width=\"36%\">Den smartare staden<\/td>\n<td style=\"width: 30.3793%\" width=\"29%\">Matilda Herman<\/td>\n<td style=\"width: 23.6552%\" width=\"19%\">9.00-16.00<\/td>\n<\/tr>\n<tr>\n<td style=\"width: 12%\" width=\"12%\">25 aug<\/td>\n<td style=\"width: 39.4483%\" width=\"36%\">F\u00f6r\u00e4ndringar<\/td>\n<td style=\"width: 30.3793%\" width=\"29%\">Petra Fridh<\/td>\n<td style=\"width: 23.6552%\" width=\"19%\">9.00-16.00<\/td>\n<\/tr>\n<tr>\n<td style=\"width: 12%\" width=\"12%\">27 aug<\/td>\n<td style=\"width: 39.4483%\" width=\"36%\">Fasta \u00e4mnen och v\u00e4tskor<\/td>\n<td style=\"width: 30.3793%\" width=\"29%\">Marianne Ahlstrand<\/td>\n<td style=\"width: 23.6552%\" width=\"19%\">9.00-16.00<\/td>\n<\/tr>\n<tr>\n<td style=\"width: 12%\" width=\"12%\">1 sept<\/td>\n<td style=\"width: 39.4483%\" width=\"36%\">Rymden<\/td>\n<td style=\"width: 30.3793%\" width=\"29%\">Frida Hallmans<\/td>\n<td style=\"width: 23.6552%\" width=\"19%\">9.00-16.00<\/td>\n<\/tr>\n<tr>\n<td style=\"width: 12%\" width=\"12%\">2 sept<\/td>\n<td style=\"width: 39.4483%\" width=\"36%\">Kretsar kring el<\/td>\n<td style=\"width: 30.3793%\" width=\"29%\">Katarina Nilsson Lilja<\/td>\n<td style=\"width: 23.6552%\" width=\"19%\">9.00-16.00<\/td>\n<\/tr>\n<tr>\n<td style=\"width: 12%\" width=\"12%\">9 sept<\/td>\n<td style=\"width: 39.4483%\" width=\"36%\">Magneter och motorer<\/td>\n<td style=\"width: 30.3793%\" width=\"29%\">Jakob Sandin<\/td>\n<td style=\"width: 23.6552%\" width=\"19%\">9.00-16.00<\/td>\n<\/tr>\n<tr>\n<td style=\"width: 12%\" width=\"12%\">10 sept<\/td>\n<td style=\"width: 39.4483%\" width=\"36%\">M\u00f6nster och algebra dag 1**<\/td>\n<td style=\"width: 30.3793%\" width=\"29%\">Katarina Nilsson Lilja<\/td>\n<td style=\"width: 23.6552%\" width=\"19%\">9.00-16.00<\/td>\n<\/tr>\n<tr>\n<td style=\"width: 12%\" width=\"12%\">22 sept<\/td>\n<td style=\"width: 39.4483%\" width=\"36%\">Kroppen<\/td>\n<td style=\"width: 30.3793%\" width=\"29%\">Pernilla Gustafsson<\/td>\n<td style=\"width: 23.6552%\" width=\"19%\">9.00-16.00<\/td>\n<\/tr>\n<tr>\n<td style=\"width: 12%\" width=\"12%\">XX sept<\/td>\n<td style=\"width: 39.4483%\" width=\"36%\">Testa teknik<br \/>\n(datum meddelas inom kort)<\/td>\n<td style=\"width: 30.3793%\" width=\"29%\">Viviana Lind<\/td>\n<td style=\"width: 23.6552%\" width=\"19%\">9.00-16.00<\/td>\n<\/tr>\n<\/tbody>\n<\/table>\n<p>* Introduktionsutbildningen \u00e4r obligatorisk f\u00f6r att f\u00e5 delta i sin f\u00f6rsta temautbildning inom NTA.<br \/>\n** Temautbildningen f\u00f6r M\u00f6nster och algebra \u00e4r 2 dagar. Dag 2 kommer att vara i januari\/februari 2027.<\/p>\n<p>Dessa utbildningar planeras till vt 2027: Introduktionsutbildning, Fasta \u00e4mnen och v\u00e4tskor, Fj\u00e4rilars liv, Fr\u00e5n fr\u00f6 till fr\u00f6, Kretsar kring el, M\u00f6nster och algebra dag 2, Papper samt R\u00f6relse och konstruktion.<\/p>\n<p><strong><a id=\"fskutb\"><\/a>F\u00f6rskolans utbildningar l\u00e4s\u00e5ret 2025-2026<\/strong><\/p>\n<p>Introduktionsutbildningar f\u00f6r f\u00f6rskolan kommer att erbjudas b\u00e5de p\u00e5 f\u00f6rskolor och p\u00e5 Laboratoriet. Under l\u00e4s\u00e5ret 2025-2026 \u00e4r det flera utbildningar f\u00f6r temat Matematik i olika l\u00e4rmilj\u00f6er. Kontakta <a href=\"mailto:laboratoriet@karlstad.se\">laboratoriet@karlstad.se<\/a> f\u00f6r fr\u00e5gor om f\u00f6rskolans utbildningar.<\/p>\n<p><a style=\"font-size: 1rem\" href=\"https:\/\/karlstadskommunonline.sharepoint.com\/:x:\/s\/Laboratoriet168\/Ed-dNyZ-Ws9JmUXOCes2dSQBQKZkzRR99DhaFsbfJ6gaBQ?e=MFILJd\" target=\"_blank\" rel=\"noopener noreferrer\">H\u00e4r finner du en lista \u00f6ver utbildade f\u00f6rskolepedagoger &gt;<\/a><\/p>\n<p>&nbsp;<\/p>\n<p>&nbsp;<\/p>\n","protected":false},"excerpt":{"rendered":"<p>Grundskolans utbildningar ht 2026 H\u00e4r nedan \u00e4r utbildningsschemat f\u00f6r grundskolans temautbildningar h\u00f6stterminen 2026. Kontaktpersoner och samordnare anm\u00e4ler h\u00e4r senast fredag 22 maj Mejla laboratoriet@karlstad.se om du har n\u00e5gra fr\u00e5gor. Dit kan du ocks\u00e5 mejla om du \u00e4r os\u00e4ker p\u00e5 vilka utbildningar du g\u00e5tt tidigare. Datum Utbildning Utbildare Tid 10 aug Introduktionsutbildning* Jakob Sandin 13.00-16.00 11 &hellip; <\/p>\n<p class=\"link-more\"><a href=\"https:\/\/skola.karlstad.se\/nta\/utbildningar\/\" class=\"more-link\">Forts\u00e4tt l\u00e4sa<span class=\"screen-reader-text\"> \u201dUtbildningar\u201d<\/span><\/a><\/p>\n","protected":false},"author":590,"featured_media":0,"parent":0,"menu_order":0,"comment_status":"closed","ping_status":"closed","template":"","meta":{"footnotes":""},"class_list":["post-902","page","type-page","status-publish","hentry"],"_links":{"self":[{"href":"https:\/\/skola.karlstad.se\/nta\/wp-json\/wp\/v2\/pages\/902","targetHints":{"allow":["GET"]}}],"collection":[{"href":"https:\/\/skola.karlstad.se\/nta\/wp-json\/wp\/v2\/pages"}],"about":[{"href":"https:\/\/skola.karlstad.se\/nta\/wp-json\/wp\/v2\/types\/page"}],"author":[{"embeddable":true,"href":"https:\/\/skola.karlstad.se\/nta\/wp-json\/wp\/v2\/users\/590"}],"replies":[{"embeddable":true,"href":"https:\/\/skola.karlstad.se\/nta\/wp-json\/wp\/v2\/comments?post=902"}],"version-history":[{"count":274,"href":"https:\/\/skola.karlstad.se\/nta\/wp-json\/wp\/v2\/pages\/902\/revisions"}],"predecessor-version":[{"id":4822,"href":"https:\/\/skola.karlstad.se\/nta\/wp-json\/wp\/v2\/pages\/902\/revisions\/4822"}],"wp:attachment":[{"href":"https:\/\/skola.karlstad.se\/nta\/wp-json\/wp\/v2\/media?parent=902"}],"curies":[{"name":"wp","href":"https:\/\/api.w.org\/{rel}","templated":true}]}}