{"id":913,"date":"2015-05-27T09:27:10","date_gmt":"2015-05-27T07:27:10","guid":{"rendered":"http:\/\/skola.karlstad.se\/nta\/?page_id=913"},"modified":"2026-04-08T13:30:43","modified_gmt":"2026-04-08T11:30:43","slug":"materiallistor","status":"publish","type":"page","link":"https:\/\/skola.karlstad.se\/nta\/materiallistor\/","title":{"rendered":"Materiallistor"},"content":{"rendered":"<p>Klicka p\u00e5 respektive tema nedan s\u00e5 kommer du till materiallistan. Dokumenten ser b\u00e4st ut om de \u00f6ppnas i Word ist\u00e4llet f\u00f6r i webbl\u00e4saren.<\/p>\n<ul>\n<li><a href=\"https:\/\/karlstadskommunonline.sharepoint.com\/:w:\/s\/Laboratoriet168\/EQ-SjLTM4lpKuh6L2BlkZ0kBMm9AB4JpWh7ho2dMCEGQEw?e=vL3Jo2\">Balansera och V\u00e4ga<\/a><\/li>\n<li>Den smartare staden: <a href=\"https:\/\/karlstadskommunonline.sharepoint.com\/:w:\/s\/Laboratoriet168\/Eab5sBBaSvhNlGIpKG1rEIsB5GykAL7jYtqy15vXYSNjRg?e=v3t4Ug\">gatubelysning<\/a>, <a href=\"https:\/\/karlstadskommunonline.sharepoint.com\/:w:\/s\/Laboratoriet168\/Ee8KzAdDnmNMjb321j2cN0UBd321E60dz1bMO3A9GTfrSA?e=zgeKmR\">trafiksystem\/\u00e4ldreomsorg<\/a><\/li>\n<li><a href=\"https:\/\/karlstadskommunonline.sharepoint.com\/:w:\/s\/Laboratoriet168\/EeEuIP1WP3FAo31lu9UP8Q4B6UjZdybIsyNfZFAZTycBWQ?e=6LRQpF\">Fasta \u00e4mnen och v\u00e4tskor<\/a><\/li>\n<li><a href=\"https:\/\/karlstadskommunonline.sharepoint.com\/:w:\/s\/Laboratoriet168\/EQWuXAsN9mlAprHUbP85hx0BBh_pmXxO8GTGZVLacYRGVg?e=ODF9VD\" target=\"_blank\" rel=\"noopener noreferrer\">Fj\u00e4rilars liv<\/a><\/li>\n<li><a href=\"https:\/\/karlstadskommunonline.sharepoint.com\/:w:\/s\/Laboratoriet168\/EWloPuETnU1GgUAg7KAGltUBCMjqvpOhmtm6Bh5xjyWpdw?e=4wbTox\" target=\"_blank\" rel=\"noopener noreferrer\">Flyta eller sjunka<\/a><\/li>\n<li><a href=\"https:\/\/karlstadskommunonline.sharepoint.com\/:w:\/s\/Laboratoriet168\/EZtAmfKmCmpGrjceBoAGBlsBXyJfpTvRW-8TDoWZcBr3gw?e=bSAgeu\" target=\"_blank\" rel=\"noopener noreferrer\">Fr\u00e5n fr\u00f6 till fr\u00f6<\/a><\/li>\n<li><a href=\"https:\/\/karlstadskommunonline.sharepoint.com\/:w:\/s\/Laboratoriet168\/Eeva1LILW81BvmToTRNJ5XIBjidHjmBkbuBS74tinxFXFQ?e=gwtjJf\">F\u00f6r\u00e4ndringar<\/a><\/li>\n<li><a href=\"https:\/\/karlstadskommunonline.sharepoint.com\/:w:\/s\/Laboratoriet168\/EbtfQk3tQktGjUgcy98c2KYBadigtNmWWcqCD8aGFf4ciQ?e=CNmDxX\">Jord<\/a><\/li>\n<li><a href=\"https:\/\/karlstadskommunonline.sharepoint.com\/:w:\/s\/Laboratoriet168\/Eb-iuU24YKVHrQ5x7K0ZabUB-3Q-taTInrgVBJV8tGLvOg?e=I8huHu\" target=\"_blank\" rel=\"noopener noreferrer\">J\u00e4mf\u00f6ra och m\u00e4ta<\/a><\/li>\n<li><a href=\"https:\/\/karlstadskommunonline.sharepoint.com\/:w:\/s\/Laboratoriet168\/ETlwalit5xNIi2vMUMO0vAABI29PVOEdrehOeAcgKa1xpQ?e=RY6EdO\" target=\"_blank\" rel=\"noopener noreferrer\">Kemif\u00f6rs\u00f6k<\/a><\/li>\n<li><a href=\"https:\/\/karlstadskommunonline.sharepoint.com\/:w:\/s\/Laboratoriet168\/EWbEuQ1_pHFMhkmlWi556D8BugumY1G4AvHYy035qi-42w?e=0fsU8O\" target=\"_blank\" rel=\"noopener noreferrer\">Kretsar kring el<\/a><\/li>\n<li><a href=\"https:\/\/karlstadskommunonline.sharepoint.com\/:w:\/s\/Laboratoriet168\/IQAASNqX7UrwQq1dnsh1Gt5-AeRip1VABMmciJi5_pTmOes?e=oRywKj\">Ljus<\/a><\/li>\n<li><a href=\"https:\/\/karlstadskommunonline.sharepoint.com\/:w:\/s\/Laboratoriet168\/EVJz346kNjhKjlMER3x0QIMB16TunSZQ9sJB6mUTmpqsAg?e=zMpbqD\" target=\"_blank\" rel=\"noopener noreferrer\">Magneter och motorer<\/a><\/li>\n<li><a href=\"https:\/\/karlstadskommunonline.sharepoint.com\/:w:\/s\/Laboratoriet168\/IQD9dfPKtz3WS6s0oSgeSOnPASU9m4NrOddnTonMiG-3XV4?e=Q05bUf\">Matematik i olika l\u00e4rmilj\u00f6er<\/a><\/li>\n<li><a href=\"https:\/\/karlstadskommunonline.sharepoint.com\/:w:\/s\/Laboratoriet168\/ERiTRLolfPJHpSbW2l4vlSsBg8p17oN3CuiUjw1yRUh9OA?e=7wUSvx\" target=\"_blank\" rel=\"noopener noreferrer\">Matens kemi<\/a><\/li>\n<li>M\u00f6nster och algebra: <a href=\"https:\/\/karlstadskommunonline.sharepoint.com\/:w:\/s\/Laboratoriet168\/EV3mHhpRQbJNmOCBM6lttNcBVIQZONiv54fkQWqvlguhzw?e=IMJR8e\">uppdrag 1-6<\/a>, <a href=\"https:\/\/karlstadskommunonline.sharepoint.com\/:w:\/s\/Laboratoriet168\/EdStCtMuxipEr6CJ_IwPvB8Be9u2sMGWdaWMTA4l2CKxfw?e=vGLdpQ\">uppdrag 7-12<\/a><\/li>\n<li><a href=\"https:\/\/karlstadskommunonline.sharepoint.com\/:w:\/s\/Laboratoriet168\/EQDlJv4_s4VKlvl536N2ZfsB9UFuJ7VFks_cBpmrVRPTVw?e=PgFGqu\" target=\"_blank\" rel=\"noopener noreferrer\">Papper<\/a><\/li>\n<li><a href=\"https:\/\/karlstadskommunonline.sharepoint.com\/:w:\/s\/Laboratoriet168\/EZGOF-z4CHxMiTy3NjQbhtABTHjFe2DF5NNPaaaltaO66w?e=E61Bbg\" target=\"_blank\" rel=\"noopener noreferrer\">R\u00f6relse och konstruktion<\/a><\/li>\n<li><a href=\"https:\/\/karlstadskommunonline.sharepoint.com\/:w:\/s\/Laboratoriet168\/Efxr2CcqrUZAjZUAh6Q4cdcBtTsut418dmFsDaXi-3YcFQ?e=3rT9GO\">Teknik F-3 (ej NTA)<\/a><\/li>\n<li><a href=\"https:\/\/karlstadskommunonline.sharepoint.com\/:w:\/s\/Laboratoriet168\/Ebodcc56CKNGnUHVmiZSteoBihTbhwbH1TDDkfqiZPNJdw?e=zg5Tvr\" target=\"_blank\" rel=\"noopener\">Teknik och h\u00e5llbar utveckling<\/a><\/li>\n<li><a href=\"https:\/\/karlstadskommunonline.sharepoint.com\/:w:\/s\/Laboratoriet168\/Eet-vegiSa5PmxdYSRognXsBPvN6wXWd_5XJ8t5atxiZ7A?e=Da99pI\">Testa teknik<\/a><\/li>\n<li>Upplev fysik och kemi; <a href=\"https:\/\/karlstadskommunonline.sharepoint.com\/:w:\/s\/Laboratoriet168\/EWH6kpwv4hpPkbIjnTgGGqUBjOpCQIa-ijootp7fiwlqkQ?e=2Cs5AQ\">f\u00f6rskola<\/a>, <a href=\"https:\/\/karlstadskommunonline.sharepoint.com\/:w:\/s\/Laboratoriet168\/EaTj_BAp-r1Ot71A9mJhNckBGrFpzjXSzH4-FR3vdmdWBg?e=dcbsPw\">grundskola<\/a><\/li>\n<li><a href=\"https:\/\/karlstadskommunonline.sharepoint.com\/:w:\/s\/Laboratoriet168\/EbMgJ4cVgSFHscneliWwDpUBkExQqvIiQNnLXShE36MT_A?e=7SGb5e\">\u00c4mnens egenskaper<\/a><\/li>\n<\/ul>\n","protected":false},"excerpt":{"rendered":"<p>Klicka p\u00e5 respektive tema nedan s\u00e5 kommer du till materiallistan. Dokumenten ser b\u00e4st ut om de \u00f6ppnas i Word ist\u00e4llet f\u00f6r i webbl\u00e4saren. Balansera och V\u00e4ga Den smartare staden: gatubelysning, trafiksystem\/\u00e4ldreomsorg Fasta \u00e4mnen och v\u00e4tskor Fj\u00e4rilars liv Flyta eller sjunka Fr\u00e5n fr\u00f6 till fr\u00f6 F\u00f6r\u00e4ndringar Jord J\u00e4mf\u00f6ra och m\u00e4ta Kemif\u00f6rs\u00f6k Kretsar kring el Ljus Magneter &hellip; <\/p>\n<p class=\"link-more\"><a href=\"https:\/\/skola.karlstad.se\/nta\/materiallistor\/\" class=\"more-link\">Forts\u00e4tt l\u00e4sa<span class=\"screen-reader-text\"> \u201dMateriallistor\u201d<\/span><\/a><\/p>\n","protected":false},"author":590,"featured_media":0,"parent":0,"menu_order":0,"comment_status":"closed","ping_status":"closed","template":"","meta":{"footnotes":""},"class_list":["post-913","page","type-page","status-publish","hentry"],"_links":{"self":[{"href":"https:\/\/skola.karlstad.se\/nta\/wp-json\/wp\/v2\/pages\/913","targetHints":{"allow":["GET"]}}],"collection":[{"href":"https:\/\/skola.karlstad.se\/nta\/wp-json\/wp\/v2\/pages"}],"about":[{"href":"https:\/\/skola.karlstad.se\/nta\/wp-json\/wp\/v2\/types\/page"}],"author":[{"embeddable":true,"href":"https:\/\/skola.karlstad.se\/nta\/wp-json\/wp\/v2\/users\/590"}],"replies":[{"embeddable":true,"href":"https:\/\/skola.karlstad.se\/nta\/wp-json\/wp\/v2\/comments?post=913"}],"version-history":[{"count":34,"href":"https:\/\/skola.karlstad.se\/nta\/wp-json\/wp\/v2\/pages\/913\/revisions"}],"predecessor-version":[{"id":4799,"href":"https:\/\/skola.karlstad.se\/nta\/wp-json\/wp\/v2\/pages\/913\/revisions\/4799"}],"wp:attachment":[{"href":"https:\/\/skola.karlstad.se\/nta\/wp-json\/wp\/v2\/media?parent=913"}],"curies":[{"name":"wp","href":"https:\/\/api.w.org\/{rel}","templated":true}]}}